{"id":41525,"date":"2024-05-17T15:16:17","date_gmt":"2024-05-17T13:16:17","guid":{"rendered":"https:\/\/osatech.ch\/shop\/index.php\/prodotto\/condizionatore-mono-hisense-pro-x-qh35xv3ag-12000-btu"},"modified":"2026-03-12T15:04:49","modified_gmt":"2026-03-12T14:04:49","slug":"condizionatore-mono-hisense-pro-x-qh35xv3ag-12000-btu","status":"publish","type":"product","link":"https:\/\/osatech.ch\/shop\/index.php\/prodotto\/condizionatore-mono-hisense-pro-x-qh35xv3ag-12000-btu","title":{"rendered":"Condizionatore Mono Hisense Pro X QH35XV3AG 12000 BTU"},"content":{"rendered":"<p>Unit\u00e0 interna QH35XV3AG<br \/>\nUnit\u00e0 esterna QE35XV2XW<\/p>\n<p>Dotato di 3 prese d&#8217;aria per un flusso d&#8217;aria tridimensionale, il condizionatore pu\u00f2 aumentare il volume di aspirazione, migliorare l&#8217;efficienza dello scambio termico e raffreddarsi rapidamente.<\/p>\n<p>Stile raffinato e design iconico che si adatta ad arredamenti e ambienti diversi.<\/p>\n<p>Il sistema di purificazione dell&#8217;aria HI-NANO inibisce la proliferazione di virus e batteri grazie all&#8217;azione di ioni negativi e positivi rilasciati in ambiente. HI-NANO si attiva dal telecomando. HI-NANO genera 1 milione di ioni per cm3 che si diffondono in ogni angolo della stanza. Grazie all\u2019elevata produzione di ioni, in una sola ora HI-NANO pu\u00f2 rimuovere pi\u00f9 del 90% del virus H1N1, e del virus Sars-Cov2.<\/p>\n<p>Il climatizzatore pu\u00f2 riscaldare normalmente anche quando la temperatura esterna \u00e8 di -20\u00b0C. Anche in condizioni pi\u00f9 rigide, la modalit\u00e0 di Riscaldamento Speciale impedisce il congelamento della casa mantenendo una temperatura ambiente di 8\u00b0C.<\/p>\n<p>Puoi controllare il climatizzatore con il tuo smartphone tramite Wi-Fi. Ti baster\u00e0 entrare nel men\u00f9 dell&#8217;App, selezionare il condizionatore d&#8217;aria, impostare modalit\u00e0, temperatura, flusso d&#8217;aria, e tutto ci\u00f2 che pi\u00f9 desideri.<\/p>\n<p>&#8211; 19 db(A)<br \/>\n&#8211; AI Smart<br \/>\n&#8211; Controllo Smart Voice<br \/>\n&#8211; Controllo Wi-Fi<br \/>\n&#8211; Aspirazione 3D<br \/>\n&#8211; Flusso d&#8217;aria diretto\/indiretto<br \/>\n&#8211; HI-NANO<br \/>\n&#8211; Regolazione automatica del \ufb02usso d&#8217;aria<br \/>\n&#8211; Smart Eye<\/p>\n","protected":false},"excerpt":{"rendered":"<p>Unit\u00e0 interna QH35XV3AG Unit\u00e0 esterna QE35XV2XW Dotato di 3 prese d&#8217;aria per un flusso d&#8217;aria tridimensionale, il condizionatore pu\u00f2 aumentare il volume di aspirazione, migliorare l&#8217;efficienza dello scambio termico e raffreddarsi rapidamente. Stile raffinato e design iconico che si adatta ad arredamenti e ambienti diversi. Il sistema di purificazione dell&#8217;aria HI-NANO inibisce la proliferazione di [&hellip;]<\/p>\n","protected":false},"featured_media":41524,"template":"","meta":[],"product_brand":[],"product_cat":[3953,4271],"product_tag":[],"yst_prominent_words":[],"class_list":{"0":"post-41525","1":"product","2":"type-product","3":"status-publish","4":"has-post-thumbnail","6":"product_cat-condizionatori-con-unita-esterna","7":"product_cat-hisense","9":"first","10":"instock","11":"taxable","12":"shipping-taxable","13":"purchasable","14":"product-type-simple"},"_links":{"self":[{"href":"https:\/\/osatech.ch\/shop\/index.php\/wp-json\/wp\/v2\/product\/41525","targetHints":{"allow":["GET"]}}],"collection":[{"href":"https:\/\/osatech.ch\/shop\/index.php\/wp-json\/wp\/v2\/product"}],"about":[{"href":"https:\/\/osatech.ch\/shop\/index.php\/wp-json\/wp\/v2\/types\/product"}],"wp:featuredmedia":[{"embeddable":true,"href":"https:\/\/osatech.ch\/shop\/index.php\/wp-json\/wp\/v2\/media\/41524"}],"wp:attachment":[{"href":"https:\/\/osatech.ch\/shop\/index.php\/wp-json\/wp\/v2\/media?parent=41525"}],"wp:term":[{"taxonomy":"product_brand","embeddable":true,"href":"https:\/\/osatech.ch\/shop\/index.php\/wp-json\/wp\/v2\/product_brand?post=41525"},{"taxonomy":"product_cat","embeddable":true,"href":"https:\/\/osatech.ch\/shop\/index.php\/wp-json\/wp\/v2\/product_cat?post=41525"},{"taxonomy":"product_tag","embeddable":true,"href":"https:\/\/osatech.ch\/shop\/index.php\/wp-json\/wp\/v2\/product_tag?post=41525"},{"taxonomy":"yst_prominent_words","embeddable":true,"href":"https:\/\/osatech.ch\/shop\/index.php\/wp-json\/wp\/v2\/yst_prominent_words?post=41525"}],"curies":[{"name":"wp","href":"https:\/\/api.w.org\/{rel}","templated":true}]}}