{"id":37751,"date":"2024-05-16T15:05:54","date_gmt":"2024-05-16T13:05:54","guid":{"rendered":"https:\/\/osatech.ch\/shop\/index.php\/prodotto\/condizionatore-mono-daikin-ftxm-r-ftxm20r-7000-btu"},"modified":"2026-03-12T15:02:04","modified_gmt":"2026-03-12T14:02:04","slug":"condizionatore-mono-daikin-ftxm-r-ftxm20r-7000-btu","status":"publish","type":"product","link":"https:\/\/osatech.ch\/shop\/index.php\/prodotto\/condizionatore-mono-daikin-ftxm-r-ftxm20r-7000-btu","title":{"rendered":"Condizionatore Mono Daikin FTXM-R FTXM20R 7000 BTU"},"content":{"rendered":"<p>Unit\u00e0 interna FTXM20R<br \/>\nUnit\u00e0 esterna RXM20R9<\/p>\n<p>&#8211; Valori di efficienza stagionale fino ad A+++ in raffrescamento e riscaldamento grazie alle nuovissime tecnologie e all&#8217;intelligenza integrata.<br \/>\n&#8211; Il riscaldamento ausiliario riscalda rapidamente la vostra abitazione quando si avvia il climatizzatore. La temperatura impostata viene raggiunta il 14% pi\u00f9 rapidamente rispetto a un normale climatizzatore (solo monosplit).<br \/>\n&#8211; Grazie all&#8217;uso di elettroni che attivano le reazioni chimiche con le particelle sospese nell&#8217;aria, il Flash Streamer decompone allergeni quali pollini e funghi e rimuove gli odori fastidiosi, assicurando un&#8217;aria migliore e pi\u00f9 pulita.<br \/>\n&#8211; Filtro in argento per la rimozione degli allergeni e la purificazione dell&#8217;aria: cattura allergeni, ad esempio pollini, assicurando un&#8217;erogazione costante di aria pulita<br \/>\nDaikin Residential Controller: possibilit\u00e0 di controllo dell&#8217;unit\u00e0 interna da qualsiasi luogo tramite app, rete locale o Internet.<br \/>\n&#8211; Comando vocale tramite Amazon Alexa o Google Assistant per controllare le funzioni principali quali setpoint, modalit\u00e0 operativa, velocit\u00e0 del ventilatore ecc.<br \/>\n&#8211; Funzionamento silenzioso: livello di pressione sonora fino a soli 19 dBA<br \/>\n&#8211; Il flusso dell&#8217;aria tridimensionale utilizza il movimento oscillatorio automatico verticale e orizzontale per assicurare la circolazione di aria calda o fredda anche negli angoli degli ambienti di grandi dimensioni<br \/>\n&#8211; Sensore di movimento a 2 aree: questa funzione consente di dirigere il flusso d&#8217;aria verso una zona diversa da quella in cui si trova la persona in quel momento; se non viene rilevata la presenza di persone, l\u2019unit\u00e0 passa automaticamente alla modalit\u00e0 risparmio energetico. (area di copertura pi\u00f9 ampia)<\/p>\n","protected":false},"excerpt":{"rendered":"<p>Unit\u00e0 interna FTXM20R Unit\u00e0 esterna RXM20R9 &#8211; Valori di efficienza stagionale fino ad A+++ in raffrescamento e riscaldamento grazie alle nuovissime tecnologie e all&#8217;intelligenza integrata. &#8211; Il riscaldamento ausiliario riscalda rapidamente la vostra abitazione quando si avvia il climatizzatore. La temperatura impostata viene raggiunta il 14% pi\u00f9 rapidamente rispetto a un normale climatizzatore (solo monosplit). [&hellip;]<\/p>\n","protected":false},"featured_media":39230,"template":"","meta":[],"product_brand":[],"product_cat":[3953,4259],"product_tag":[],"yst_prominent_words":[],"class_list":{"0":"post-37751","1":"product","2":"type-product","3":"status-publish","4":"has-post-thumbnail","6":"product_cat-condizionatori-con-unita-esterna","7":"product_cat-daikin","9":"first","10":"instock","11":"taxable","12":"shipping-taxable","13":"purchasable","14":"product-type-simple"},"_links":{"self":[{"href":"https:\/\/osatech.ch\/shop\/index.php\/wp-json\/wp\/v2\/product\/37751","targetHints":{"allow":["GET"]}}],"collection":[{"href":"https:\/\/osatech.ch\/shop\/index.php\/wp-json\/wp\/v2\/product"}],"about":[{"href":"https:\/\/osatech.ch\/shop\/index.php\/wp-json\/wp\/v2\/types\/product"}],"wp:featuredmedia":[{"embeddable":true,"href":"https:\/\/osatech.ch\/shop\/index.php\/wp-json\/wp\/v2\/media\/39230"}],"wp:attachment":[{"href":"https:\/\/osatech.ch\/shop\/index.php\/wp-json\/wp\/v2\/media?parent=37751"}],"wp:term":[{"taxonomy":"product_brand","embeddable":true,"href":"https:\/\/osatech.ch\/shop\/index.php\/wp-json\/wp\/v2\/product_brand?post=37751"},{"taxonomy":"product_cat","embeddable":true,"href":"https:\/\/osatech.ch\/shop\/index.php\/wp-json\/wp\/v2\/product_cat?post=37751"},{"taxonomy":"product_tag","embeddable":true,"href":"https:\/\/osatech.ch\/shop\/index.php\/wp-json\/wp\/v2\/product_tag?post=37751"},{"taxonomy":"yst_prominent_words","embeddable":true,"href":"https:\/\/osatech.ch\/shop\/index.php\/wp-json\/wp\/v2\/yst_prominent_words?post=37751"}],"curies":[{"name":"wp","href":"https:\/\/api.w.org\/{rel}","templated":true}]}}