{"id":36491,"date":"2024-05-16T13:53:04","date_gmt":"2024-05-16T11:53:04","guid":{"rendered":"https:\/\/osatech.ch\/shop\/index.php\/prodotto\/condizionatore-mono-daikin-stylish-ftxa35bb-cb-12000-btu"},"modified":"2026-03-12T15:01:16","modified_gmt":"2026-03-12T14:01:16","slug":"condizionatore-mono-daikin-stylish-ftxa35bb-cb-12000-btu","status":"publish","type":"product","link":"https:\/\/osatech.ch\/shop\/index.php\/prodotto\/condizionatore-mono-daikin-stylish-ftxa35bb-cb-12000-btu","title":{"rendered":"Condizionatore Mono Daikin Stylish FTXA35BB\/CB 12000 BTU"},"content":{"rendered":"<p>Unit\u00e0 interna FTXA35BB\/CB<br \/>\nUnit\u00e0 esterna RXA35A9<\/p>\n<p>&#8211; Un design compatto e funzionale adatto per qualsiasi interno in finitura bianco cristallo opaco<br \/>\n&#8211; L\u2019effetto Coanda ottimizza la distribuzione dell\u2019aria per una climatizzazione efficiente. Grazie a deflettori appositamente progettati, si ottiene un flusso dell\u2019aria pi\u00f9 mirato che permette una migliore distribuzione della temperatura nell\u2019intero locale.<br \/>\n&#8211; Il sensore termico intelligente determina la temperatura ambiente attuale e distribuisce l\u2019aria in maniera uniforme all\u2019interno del locale prima di passare a uno schema di distribuzione del flusso d&#8217;aria che dirige l\u2019aria calda o fredda verso le aree che lo richiedono.<br \/>\n&#8211; Funzionamento ultrasilenzioso: quando l&#8217;unit\u00e0 \u00e8 in funzione il rumore \u00e8 appena percettibile. Il livello di pressione sonora \u00e8 ridotto a 19dBA !<br \/>\n&#8211; Valori di efficienza stagionale fino ad A+++ in raffrescamento e riscaldamento grazie alle nuovissime tecnologie e all&#8217;intelligenza integrata.<br \/>\n&#8211; Grazie all&#8217;uso di elettroni che attivano le reazioni chimiche con le particelle sospese nell&#8217;aria, il Flash Streamer decompone allergeni quali pollini e funghi e rimuove gli odori fastidiosi, assicurando un&#8217;aria migliore e pi\u00f9 pulita<br \/>\n&#8211; Daikin Residential Controller: possibilit\u00e0 di controllo dell&#8217;unit\u00e0 interna da qualsiasi luogo tramite app, rete locale o Internet.<br \/>\n&#8211; Comando vocale tramite Amazon Alexa o Google Assistant per controllare le funzioni principali quali setpoint, modalit\u00e0 operativa, velocit\u00e0 del ventilatore ecc.<br \/>\n&#8211; La scelta di un prodotto a R-32 riduce l&#8217;impatto ambientale del 68% rispetto ai sistemi a R-410A e comporta una riduzione diretta dei consumi energetici grazie all&#8217;elevata efficienza energetica<\/p>\n","protected":false},"excerpt":{"rendered":"<p>Unit\u00e0 interna FTXA35BB\/CB Unit\u00e0 esterna RXA35A9 &#8211; Un design compatto e funzionale adatto per qualsiasi interno in finitura bianco cristallo opaco &#8211; L\u2019effetto Coanda ottimizza la distribuzione dell\u2019aria per una climatizzazione efficiente. Grazie a deflettori appositamente progettati, si ottiene un flusso dell\u2019aria pi\u00f9 mirato che permette una migliore distribuzione della temperatura nell\u2019intero locale. &#8211; Il [&hellip;]<\/p>\n","protected":false},"featured_media":36490,"template":"","meta":[],"product_brand":[],"product_cat":[3953,4259],"product_tag":[],"yst_prominent_words":[],"class_list":{"0":"post-36491","1":"product","2":"type-product","3":"status-publish","4":"has-post-thumbnail","6":"product_cat-condizionatori-con-unita-esterna","7":"product_cat-daikin","9":"first","10":"instock","11":"taxable","12":"shipping-taxable","13":"purchasable","14":"product-type-simple"},"_links":{"self":[{"href":"https:\/\/osatech.ch\/shop\/index.php\/wp-json\/wp\/v2\/product\/36491","targetHints":{"allow":["GET"]}}],"collection":[{"href":"https:\/\/osatech.ch\/shop\/index.php\/wp-json\/wp\/v2\/product"}],"about":[{"href":"https:\/\/osatech.ch\/shop\/index.php\/wp-json\/wp\/v2\/types\/product"}],"wp:featuredmedia":[{"embeddable":true,"href":"https:\/\/osatech.ch\/shop\/index.php\/wp-json\/wp\/v2\/media\/36490"}],"wp:attachment":[{"href":"https:\/\/osatech.ch\/shop\/index.php\/wp-json\/wp\/v2\/media?parent=36491"}],"wp:term":[{"taxonomy":"product_brand","embeddable":true,"href":"https:\/\/osatech.ch\/shop\/index.php\/wp-json\/wp\/v2\/product_brand?post=36491"},{"taxonomy":"product_cat","embeddable":true,"href":"https:\/\/osatech.ch\/shop\/index.php\/wp-json\/wp\/v2\/product_cat?post=36491"},{"taxonomy":"product_tag","embeddable":true,"href":"https:\/\/osatech.ch\/shop\/index.php\/wp-json\/wp\/v2\/product_tag?post=36491"},{"taxonomy":"yst_prominent_words","embeddable":true,"href":"https:\/\/osatech.ch\/shop\/index.php\/wp-json\/wp\/v2\/yst_prominent_words?post=36491"}],"curies":[{"name":"wp","href":"https:\/\/api.w.org\/{rel}","templated":true}]}}