{"id":347241,"date":"2024-11-04T08:26:47","date_gmt":"2024-11-04T07:26:47","guid":{"rendered":"https:\/\/osatech.ch\/shop\/index.php\/prodotto\/tornello-tripoide-winsertech-wr-212da-bracci-a-cadere"},"modified":"2024-11-04T08:28:44","modified_gmt":"2024-11-04T07:28:44","slug":"tornello-tripoide-winsertech-wr-212da-bracci-a-cadere","status":"publish","type":"product","link":"https:\/\/osatech.ch\/shop\/index.php\/prodotto\/tornello-tripoide-winsertech-wr-212da-bracci-a-cadere","title":{"rendered":"Tornello tripoide WINSERTECH WR-212DA Bracci a cadere"},"content":{"rendered":"<p>Il tornello WR-212-D DA \u00e8 progettato appositamente per palestre e uffici in cui l&#8217;aspetto \u00e8 in primo piano. \u00c8 spesso preferito dagli architetti. Bracci a cadere in caso di emergenza.<\/p>\n<p>Due lettori di carte Mifare WR-501 o WR-551 possono essere integrati sul tornello WR-212-D. Il tornello WR-212-D pu\u00f2 essere utilizzato come singolo o doppio lato. La selezione della direzione pu\u00f2 essere effettuata facilmente dagli utenti. Pu\u00f2 emettere un avviso acustico quando richiesto. La funzione di memoria pu\u00f2 essere utilizzata in pi\u00f9 passaggi. L&#8217;accesso remoto pu\u00f2 essere concesso o rimosso indipendentemente dalla persona che effettua il passaggio.<\/p>\n<p>Grazie ai sensori sensibili, \u00e8 possibile ottenere informazioni sulla posizione, il movimento e la direzione dei bracci del tornello WR-212-D. Durante la commutazione, l&#8217;output dei dati \u00e8 disponibile per i venditori o altri sistemi di controllo.<\/p>\n<p>Tutte le parti meccaniche e i sistemi di controllo elettromeccanici sono prodotti nei nostri stabilimenti. La serie WR-212-D, che pu\u00f2 essere utilizzata all&#8217;interno e all&#8217;esterno, \u00e8 generalmente prodotta in acciaio inossidabile. Facoltativamente, pu\u00f2 essere prodotta con verniciatura a polvere elettrostatica con un colore adatto a te dalla nostra ampia gamma di colori.<\/p>\n<p>Il tornello WR-212-D garantisce un passaggio sicuro e veloce in situazioni di emergenza grazie all&#8217;opzione del braccio cadente.<\/p>\n<p>Corpo Copertura di protezione dall&#8217;acqua esterna in acciaio inox 304 da 1,2 mm.<br \/>\nI bracci possono essere smontati e montati uno alla volta. Braccio in alluminio da 35&#215;3 mm\/acciaio inossidabile Ops.<br \/>\nPeso ~40 kg.<br \/>\nIndicatori Gli indicatori di deviazione sono disponibili di serie.<br \/>\nTemperatura di esercizio &#8211; 20 \/ + 60 \u00b0C.<br \/>\nAccessori Braccio di caduta automatico\/unit\u00e0 ricetrasmittente remota\/scatola di controllo pulsanti\/contatore\/lettore di schede\/fotocellula di rilevamento perdite.<br \/>\nEnergia 176-264 V 50-60 Hz CA\/24 V CC Standby ~15 W. max. Istantaneo ~60 W.<br \/>\nDimensioni 480 x 450 x 950 mm.<\/p>\n","protected":false},"excerpt":{"rendered":"<p>Il tornello WR-212-D DA \u00e8 progettato appositamente per palestre e uffici in cui l&#8217;aspetto \u00e8 in primo piano. \u00c8 spesso preferito dagli architetti. Bracci a cadere in caso di emergenza. Due lettori di carte Mifare WR-501 o WR-551 possono essere integrati sul tornello WR-212-D. Il tornello WR-212-D pu\u00f2 essere utilizzato come singolo o doppio lato. [&hellip;]<\/p>\n","protected":false},"featured_media":0,"template":"","meta":[],"product_brand":[],"product_cat":[15],"product_tag":[],"yst_prominent_words":[],"class_list":{"0":"post-347241","1":"product","2":"type-product","3":"status-publish","5":"product_cat-senza-categoria","7":"first","8":"instock","9":"taxable","10":"shipping-taxable","11":"purchasable","12":"product-type-simple"},"_links":{"self":[{"href":"https:\/\/osatech.ch\/shop\/index.php\/wp-json\/wp\/v2\/product\/347241","targetHints":{"allow":["GET"]}}],"collection":[{"href":"https:\/\/osatech.ch\/shop\/index.php\/wp-json\/wp\/v2\/product"}],"about":[{"href":"https:\/\/osatech.ch\/shop\/index.php\/wp-json\/wp\/v2\/types\/product"}],"wp:attachment":[{"href":"https:\/\/osatech.ch\/shop\/index.php\/wp-json\/wp\/v2\/media?parent=347241"}],"wp:term":[{"taxonomy":"product_brand","embeddable":true,"href":"https:\/\/osatech.ch\/shop\/index.php\/wp-json\/wp\/v2\/product_brand?post=347241"},{"taxonomy":"product_cat","embeddable":true,"href":"https:\/\/osatech.ch\/shop\/index.php\/wp-json\/wp\/v2\/product_cat?post=347241"},{"taxonomy":"product_tag","embeddable":true,"href":"https:\/\/osatech.ch\/shop\/index.php\/wp-json\/wp\/v2\/product_tag?post=347241"},{"taxonomy":"yst_prominent_words","embeddable":true,"href":"https:\/\/osatech.ch\/shop\/index.php\/wp-json\/wp\/v2\/yst_prominent_words?post=347241"}],"curies":[{"name":"wp","href":"https:\/\/api.w.org\/{rel}","templated":true}]}}