{"id":334351,"date":"2024-10-31T16:49:33","date_gmt":"2024-10-31T15:49:33","guid":{"rendered":"https:\/\/osatech.ch\/shop\/index.php\/prodotto\/hikvision-videocitofono-postazione-esterna-ip-con-riconoscimento-facciale-android"},"modified":"2024-10-31T16:49:33","modified_gmt":"2024-10-31T15:49:33","slug":"hikvision-videocitofono-postazione-esterna-ip-con-riconoscimento-facciale-android","status":"publish","type":"product","link":"https:\/\/osatech.ch\/shop\/index.php\/prodotto\/hikvision-videocitofono-postazione-esterna-ip-con-riconoscimento-facciale-android","title":{"rendered":"HikVision Videocitofono postazione esterna IP con riconoscimento facciale Android"},"content":{"rendered":"<p>Hikvision DS-KD9633-E6 \u00e8 un posto esterno con riconoscimento facciale di alta qualit\u00e0 che offre un funzionamento intuitivo per un&#8217;esperienza utente ottimale. Con uno schermo LCD a colori da 10,1 pollici e una risoluzione di 1280 \u00d7 880, consente una visualizzazione chiara e colorata.<\/p>\n<p>Il posto esterno dispone di un sistema Android integrato e offre un&#8217;interfaccia utente touchscreen nonch\u00e9 la possibilit\u00e0 di controllo remoto tramite interfacce web.  Grazie alla fotocamera da 2 MP di alta qualit\u00e0, il DS-KD9633-E6 offre un&#8217;eccellente qualit\u00e0 dell&#8217;immagine anche al buio. Ci\u00f2 garantisce una visione chiara dell&#8217;ambiente circostante.  Il posto esterno supporta diversi metodi di autenticazione intelligente tra cui carta, codice PIN, Bluetooth, codice QR, impronta digitale e riconoscimento facciale per garantire un controllo sicuro degli accessi.<\/p>\n<p>Con un elevato livello di protezione IP65, il DS-KD9633-E6 \u00e8 resistente alla polvere e all&#8217;acqua, rendendolo adatto all&#8217;uso all&#8217;aperto e in varie condizioni ambientali. Nel complesso, questo posto esterno con riconoscimento facciale offre una potente soluzione per un controllo affidabile degli accessi e una sorveglianza in aree residenziali e commerciali.<\/p>\n<p>Funzionamento intuitivo per una migliore esperienza utente<br \/>\nSchermo LCD a colori da 10,1 pollici con risoluzione 1280\u00d7880<br \/>\nSistema Android integrato<br \/>\nInterfaccia utente touchscreen, WEB<br \/>\nEccellente qualit\u00e0 dell&#8217;immagine anche al buio<br \/>\nVisione chiara grazie alla fotocamera da 2 MP<br \/>\nMolteplici metodi di autenticazione intelligente: carta, codice PIN, Bluetooth, codice QR, impronta digitale e riconoscimento facciale<br \/>\nAlto livello di protezione: IP65<\/p>\n","protected":false},"excerpt":{"rendered":"<p>Hikvision DS-KD9633-E6 \u00e8 un posto esterno con riconoscimento facciale di alta qualit\u00e0 che offre un funzionamento intuitivo per un&#8217;esperienza utente ottimale. Con uno schermo LCD a colori da 10,1 pollici e una risoluzione di 1280 \u00d7 880, consente una visualizzazione chiara e colorata. Il posto esterno dispone di un sistema Android integrato e offre un&#8217;interfaccia [&hellip;]<\/p>\n","protected":false},"featured_media":334350,"template":"","meta":[],"product_brand":[],"product_cat":[4186,3828],"product_tag":[],"yst_prominent_words":[],"class_list":{"0":"post-334351","1":"product","2":"type-product","3":"status-publish","4":"has-post-thumbnail","6":"product_cat-hikvision","7":"product_cat-videocitofonia","9":"first","10":"instock","11":"taxable","12":"shipping-taxable","13":"purchasable","14":"product-type-simple"},"_links":{"self":[{"href":"https:\/\/osatech.ch\/shop\/index.php\/wp-json\/wp\/v2\/product\/334351","targetHints":{"allow":["GET"]}}],"collection":[{"href":"https:\/\/osatech.ch\/shop\/index.php\/wp-json\/wp\/v2\/product"}],"about":[{"href":"https:\/\/osatech.ch\/shop\/index.php\/wp-json\/wp\/v2\/types\/product"}],"wp:featuredmedia":[{"embeddable":true,"href":"https:\/\/osatech.ch\/shop\/index.php\/wp-json\/wp\/v2\/media\/334350"}],"wp:attachment":[{"href":"https:\/\/osatech.ch\/shop\/index.php\/wp-json\/wp\/v2\/media?parent=334351"}],"wp:term":[{"taxonomy":"product_brand","embeddable":true,"href":"https:\/\/osatech.ch\/shop\/index.php\/wp-json\/wp\/v2\/product_brand?post=334351"},{"taxonomy":"product_cat","embeddable":true,"href":"https:\/\/osatech.ch\/shop\/index.php\/wp-json\/wp\/v2\/product_cat?post=334351"},{"taxonomy":"product_tag","embeddable":true,"href":"https:\/\/osatech.ch\/shop\/index.php\/wp-json\/wp\/v2\/product_tag?post=334351"},{"taxonomy":"yst_prominent_words","embeddable":true,"href":"https:\/\/osatech.ch\/shop\/index.php\/wp-json\/wp\/v2\/yst_prominent_words?post=334351"}],"curies":[{"name":"wp","href":"https:\/\/api.w.org\/{rel}","templated":true}]}}