{"id":334348,"date":"2024-10-31T16:49:29","date_gmt":"2024-10-31T15:49:29","guid":{"rendered":"https:\/\/osatech.ch\/shop\/index.php\/prodotto\/hikvision-videocitofono-modulo-telecamera-ip-con-cornice-da-superficie"},"modified":"2024-10-31T16:49:29","modified_gmt":"2024-10-31T15:49:29","slug":"hikvision-videocitofono-modulo-telecamera-ip-con-cornice-da-superficie","status":"publish","type":"product","link":"https:\/\/osatech.ch\/shop\/index.php\/prodotto\/hikvision-videocitofono-modulo-telecamera-ip-con-cornice-da-superficie","title":{"rendered":"HikVision Videocitofono Modulo telecamera IP con cornice da superficie"},"content":{"rendered":"<p>Il DS-KD8003-IME1(B)\/Surface \u00e8 una stazione esterna affidabile e di alta qualit\u00e0. Con il suo design elegante e le sue funzioni avanzate, offre una soluzione efficace per la citofonia in edifici residenziali e commerciali.<\/p>\n<p>La postazione esterna \u00e8 dotata di una fotocamera da 2 MP ad alta risoluzione che fornisce immagini chiare e chiare. Grazie alla funzione di visione notturna, consente anche un monitoraggio affidabile 24 ore su 24. Inoltre offre diverse funzioni come l&#8217;apertura della porta premendo un pulsante, la visualizzazione di video in diretta e la comunicazione con il visitatore tramite l&#8217;altoparlante e il microfono integrati.<\/p>\n<p>Il sistema offre una facile installazione. Supporta anche il collegamento ad altri dispositivi come telecamere di sorveglianza o sistemi di allarme (a seconda della funzionalit\u00e0 del posto interno) per garantire una soluzione di sicurezza completa. Inoltre, il sistema pu\u00f2 essere ampliato con una variet\u00e0 di sottomoduli opzionali per soddisfare le esigenze individuali.<\/p>\n<p>Con la sua costruzione di alta qualit\u00e0, le funzionalit\u00e0 avanzate e il funzionamento intuitivo, il citofono modulare \u00e8 la scelta ideale per chiunque desideri portare la propria comunicazione alla porta a un nuovo livello. Sia per uso privato che commerciale, questo sistema citofonico offre sicurezza, comodit\u00e0 e affidabilit\u00e0 in uno.<\/p>\n<p>Unit\u00e0 principale del posto esterno modulare, con cornice da parete in SET<br \/>\nFotocamera HD da 2MP, fisheye, supplemento IR<br \/>\n2 rel\u00e8 di blocco, ingresso allarme a 4 canali<br \/>\nConfigurazione WEB<br \/>\nIP65, 12 V CC o PoE standard<br \/>\nUscita corrente serratura elettronica, max<\/p>\n","protected":false},"excerpt":{"rendered":"<p>Il DS-KD8003-IME1(B)\/Surface \u00e8 una stazione esterna affidabile e di alta qualit\u00e0. Con il suo design elegante e le sue funzioni avanzate, offre una soluzione efficace per la citofonia in edifici residenziali e commerciali. La postazione esterna \u00e8 dotata di una fotocamera da 2 MP ad alta risoluzione che fornisce immagini chiare e chiare. Grazie alla [&hellip;]<\/p>\n","protected":false},"featured_media":334347,"template":"","meta":[],"product_brand":[],"product_cat":[4186,3828],"product_tag":[],"yst_prominent_words":[],"class_list":{"0":"post-334348","1":"product","2":"type-product","3":"status-publish","4":"has-post-thumbnail","6":"product_cat-hikvision","7":"product_cat-videocitofonia","9":"first","10":"instock","11":"taxable","12":"shipping-taxable","13":"purchasable","14":"product-type-simple"},"_links":{"self":[{"href":"https:\/\/osatech.ch\/shop\/index.php\/wp-json\/wp\/v2\/product\/334348","targetHints":{"allow":["GET"]}}],"collection":[{"href":"https:\/\/osatech.ch\/shop\/index.php\/wp-json\/wp\/v2\/product"}],"about":[{"href":"https:\/\/osatech.ch\/shop\/index.php\/wp-json\/wp\/v2\/types\/product"}],"wp:featuredmedia":[{"embeddable":true,"href":"https:\/\/osatech.ch\/shop\/index.php\/wp-json\/wp\/v2\/media\/334347"}],"wp:attachment":[{"href":"https:\/\/osatech.ch\/shop\/index.php\/wp-json\/wp\/v2\/media?parent=334348"}],"wp:term":[{"taxonomy":"product_brand","embeddable":true,"href":"https:\/\/osatech.ch\/shop\/index.php\/wp-json\/wp\/v2\/product_brand?post=334348"},{"taxonomy":"product_cat","embeddable":true,"href":"https:\/\/osatech.ch\/shop\/index.php\/wp-json\/wp\/v2\/product_cat?post=334348"},{"taxonomy":"product_tag","embeddable":true,"href":"https:\/\/osatech.ch\/shop\/index.php\/wp-json\/wp\/v2\/product_tag?post=334348"},{"taxonomy":"yst_prominent_words","embeddable":true,"href":"https:\/\/osatech.ch\/shop\/index.php\/wp-json\/wp\/v2\/yst_prominent_words?post=334348"}],"curies":[{"name":"wp","href":"https:\/\/api.w.org\/{rel}","templated":true}]}}