{"id":334313,"date":"2024-10-31T16:42:28","date_gmt":"2024-10-31T15:42:28","guid":{"rendered":"https:\/\/osatech.ch\/shop\/index.php\/prodotto\/hikvision-videocitofono-postazione-esterna-ip-villa-da-incasso-2"},"modified":"2025-06-16T16:51:16","modified_gmt":"2025-06-16T14:51:16","slug":"hikvision-videocitofono-postazione-esterna-ip-villa-da-incasso-2","status":"publish","type":"product","link":"https:\/\/osatech.ch\/shop\/index.php\/prodotto\/hikvision-videocitofono-postazione-esterna-ip-villa-da-incasso-2","title":{"rendered":"HikVision Videocitofono postazione esterna IP Villa da incasso"},"content":{"rendered":"<p>Hikvision DS-KV8113-WME1(C)\/Flush \u00e8 una stazione esterna di alta qualit\u00e0 di un sistema interfonico basato su IP con un pulsante fisico e un lettore di carte. \u00c8 dotato di una fotocamera da 2 megapixel con miglioramento degli infrarossi che offre video nitidi anche in condizioni di scarsa illuminazione. Il design con un pulsante per l&#8217;etichetta del nome facilita l&#8217;avvio delle chiamate da parte dei visitatori.<\/p>\n<p>Il DS-KV8113-WME1(C)\/Flush \u00e8 dotato di un modulo lettore di carte integrato e offre quindi un controllo degli accessi sicuro. La stazione pu\u00f2 essere alimentata tramite PoE standard (Power over Ethernet), semplificando l&#8217;installazione.<\/p>\n<p>La postazione esterna \u00e8 realizzata in lega di alluminio e offre un elevato livello di protezione con resistenza agli urti IK08 e resistenza agli agenti atmosferici IP65. Ci\u00f2 garantisce un funzionamento affidabile anche in ambienti esterni impegnativi.<\/p>\n<p>Per maggiore comodit\u00e0, DS-KV8113-WME1(C)\/Flush supporta il controllo mobile tramite l&#8217;APP Hik-Connect, consentendo agli utenti di gestire e monitorare comodamente il sistema interfonico dai propri smartphone.<\/p>\n<p>Posto esterno villa in metallo a 1 pulsante<br \/>\nFotocamera da 2 MP con supplemento infrarossi<br \/>\nDesign con un pulsante per l&#8217;etichetta del nome per chiamate pi\u00f9 facili<br \/>\nModulo lettore di carte integrato<br \/>\nAlimentazione PoE standard<br \/>\nLivello di protezione IK08 e IP65 con lega di alluminio<br \/>\nComodo controllo mobile tramite l&#8217;APP Hik-Connect<br \/>\nMontaggio ad incasso<\/p>\n","protected":false},"excerpt":{"rendered":"<p>Hikvision DS-KV8113-WME1(C)\/Flush \u00e8 una stazione esterna di alta qualit\u00e0 di un sistema interfonico basato su IP con un pulsante fisico e un lettore di carte. \u00c8 dotato di una fotocamera da 2 megapixel con miglioramento degli infrarossi che offre video nitidi anche in condizioni di scarsa illuminazione. Il design con un pulsante per l&#8217;etichetta del [&hellip;]<\/p>\n","protected":false},"featured_media":334312,"template":"","meta":[],"product_brand":[],"product_cat":[4186,3828],"product_tag":[],"yst_prominent_words":[],"class_list":{"0":"post-334313","1":"product","2":"type-product","3":"status-publish","4":"has-post-thumbnail","6":"product_cat-hikvision","7":"product_cat-videocitofonia","9":"first","10":"instock","11":"taxable","12":"shipping-taxable","13":"purchasable","14":"product-type-simple"},"_links":{"self":[{"href":"https:\/\/osatech.ch\/shop\/index.php\/wp-json\/wp\/v2\/product\/334313","targetHints":{"allow":["GET"]}}],"collection":[{"href":"https:\/\/osatech.ch\/shop\/index.php\/wp-json\/wp\/v2\/product"}],"about":[{"href":"https:\/\/osatech.ch\/shop\/index.php\/wp-json\/wp\/v2\/types\/product"}],"wp:featuredmedia":[{"embeddable":true,"href":"https:\/\/osatech.ch\/shop\/index.php\/wp-json\/wp\/v2\/media\/334312"}],"wp:attachment":[{"href":"https:\/\/osatech.ch\/shop\/index.php\/wp-json\/wp\/v2\/media?parent=334313"}],"wp:term":[{"taxonomy":"product_brand","embeddable":true,"href":"https:\/\/osatech.ch\/shop\/index.php\/wp-json\/wp\/v2\/product_brand?post=334313"},{"taxonomy":"product_cat","embeddable":true,"href":"https:\/\/osatech.ch\/shop\/index.php\/wp-json\/wp\/v2\/product_cat?post=334313"},{"taxonomy":"product_tag","embeddable":true,"href":"https:\/\/osatech.ch\/shop\/index.php\/wp-json\/wp\/v2\/product_tag?post=334313"},{"taxonomy":"yst_prominent_words","embeddable":true,"href":"https:\/\/osatech.ch\/shop\/index.php\/wp-json\/wp\/v2\/yst_prominent_words?post=334313"}],"curies":[{"name":"wp","href":"https:\/\/api.w.org\/{rel}","templated":true}]}}