{"id":334170,"date":"2024-10-31T16:11:15","date_gmt":"2024-10-31T15:11:15","guid":{"rendered":"https:\/\/osatech.ch\/shop\/index.php\/prodotto\/hikvision-videocitofono-postazione-interna-ip-5"},"modified":"2024-10-31T16:11:15","modified_gmt":"2024-10-31T15:11:15","slug":"hikvision-videocitofono-postazione-interna-ip-5","status":"publish","type":"product","link":"https:\/\/osatech.ch\/shop\/index.php\/prodotto\/hikvision-videocitofono-postazione-interna-ip-5","title":{"rendered":"HikVision Videocitofono postazione interna IP"},"content":{"rendered":"<p>L&#8217;articolo Hikvision DS-KH8350-TE1 \u00e8 una stazione interna della serie KH8. Presenta una superficie in vetro temperato di alta qualit\u00e0 ed \u00e8 realizzato in alluminio aeronautico, garantendo una struttura durevole e robusta.<\/p>\n<p>Con la nuova interfaccia utente V2.0, la stazione interna offre un design user-friendly che consente un funzionamento intuitivo. Il display touchscreen a colori da 7 pollici con una risoluzione di 1024\u00d7600 garantisce immagini chiare e dettagliate.  La particolarit\u00e0 di questa postazione interna \u00e8 il suo design ultrasottile con uno spessore di soli 8,6 mm, che garantisce un aspetto moderno ed estetico. Il DS-KH8350-TE1 \u00e8 una soluzione ideale per comunicare con i visitatori e controllare l&#8217;accesso nelle aree interne.<\/p>\n<p>Vetro temperato di alta qualit\u00e0<br \/>\nAlluminio di grado aeronautico<br \/>\nNuova interfaccia utente V2.0: design intuitivo<br \/>\nTouchscreen a colori da 7 pollici con una risoluzione di 1024 \u00d7 600<br \/>\nDesign ultrasottile da 8,6 mm<\/p>\n","protected":false},"excerpt":{"rendered":"<p>L&#8217;articolo Hikvision DS-KH8350-TE1 \u00e8 una stazione interna della serie KH8. Presenta una superficie in vetro temperato di alta qualit\u00e0 ed \u00e8 realizzato in alluminio aeronautico, garantendo una struttura durevole e robusta. Con la nuova interfaccia utente V2.0, la stazione interna offre un design user-friendly che consente un funzionamento intuitivo. Il display touchscreen a colori da [&hellip;]<\/p>\n","protected":false},"featured_media":334169,"template":"","meta":[],"product_brand":[],"product_cat":[4186,3828],"product_tag":[],"yst_prominent_words":[],"class_list":{"0":"post-334170","1":"product","2":"type-product","3":"status-publish","4":"has-post-thumbnail","6":"product_cat-hikvision","7":"product_cat-videocitofonia","9":"first","10":"instock","11":"taxable","12":"shipping-taxable","13":"purchasable","14":"product-type-simple"},"_links":{"self":[{"href":"https:\/\/osatech.ch\/shop\/index.php\/wp-json\/wp\/v2\/product\/334170","targetHints":{"allow":["GET"]}}],"collection":[{"href":"https:\/\/osatech.ch\/shop\/index.php\/wp-json\/wp\/v2\/product"}],"about":[{"href":"https:\/\/osatech.ch\/shop\/index.php\/wp-json\/wp\/v2\/types\/product"}],"wp:featuredmedia":[{"embeddable":true,"href":"https:\/\/osatech.ch\/shop\/index.php\/wp-json\/wp\/v2\/media\/334169"}],"wp:attachment":[{"href":"https:\/\/osatech.ch\/shop\/index.php\/wp-json\/wp\/v2\/media?parent=334170"}],"wp:term":[{"taxonomy":"product_brand","embeddable":true,"href":"https:\/\/osatech.ch\/shop\/index.php\/wp-json\/wp\/v2\/product_brand?post=334170"},{"taxonomy":"product_cat","embeddable":true,"href":"https:\/\/osatech.ch\/shop\/index.php\/wp-json\/wp\/v2\/product_cat?post=334170"},{"taxonomy":"product_tag","embeddable":true,"href":"https:\/\/osatech.ch\/shop\/index.php\/wp-json\/wp\/v2\/product_tag?post=334170"},{"taxonomy":"yst_prominent_words","embeddable":true,"href":"https:\/\/osatech.ch\/shop\/index.php\/wp-json\/wp\/v2\/yst_prominent_words?post=334170"}],"curies":[{"name":"wp","href":"https:\/\/api.w.org\/{rel}","templated":true}]}}