{"id":334140,"date":"2024-10-31T16:06:29","date_gmt":"2024-10-31T15:06:29","guid":{"rendered":"https:\/\/osatech.ch\/shop\/index.php\/prodotto\/hikvision-videocitofono-postazione-interna-2-fili-2"},"modified":"2024-10-31T16:06:29","modified_gmt":"2024-10-31T15:06:29","slug":"hikvision-videocitofono-postazione-interna-2-fili-2","status":"publish","type":"product","link":"https:\/\/osatech.ch\/shop\/index.php\/prodotto\/hikvision-videocitofono-postazione-interna-2-fili-2","title":{"rendered":"HikVision Videocitofono postazione interna 2 fili"},"content":{"rendered":"<p>Questa stazione interna \u00e8 compatibile solo con la stazione esterna della serie KIS702xY come estensione interna.<\/p>\n<p>L&#8217;articolo Hikvision DS-KH6320Y-WTE2 \u00e8 una stazione interna a 2 fili con touchscreen IPS da 7 pollici di alta qualit\u00e0 e una risoluzione di 1024 \u00d7 600 pixel. Questo posto interno fa parte di un sistema videocitofonico IP a 2 fili e offre una variet\u00e0 di funzioni che consentono un controllo degli accessi comodo ed efficiente.<\/p>\n<p>Grazie all&#8217;APP Hik-Connect Mobile Control, la stazione interna pu\u00f2 essere controllata in modo semplice e pratico tramite dispositivi mobili. Ci\u00f2 consente di rispondere alle chiamate, di aprire le porte e di visualizzare in remoto viste dal vivo di aree esterne o pubbliche.<\/p>\n<p>La postazione interna \u00e8 facile da usare e non richiede la connessione al PC. \u00c8 disponibile un assistente intuitivo per una configurazione rapida e semplice. L&#8217;intero sistema pu\u00f2 essere comodamente configurato tramite il touchscreen del posto interno, semplificando la configurazione e la gestione.<\/p>\n<p>Il posto interno consente inoltre di controllare le riprese in tempo reale del citofono e di altre telecamere nelle aree pubbliche. Quando si \u00e8 lontani dall&#8217;area interna, \u00e8 possibile supportare i messaggi vocali per lasciare informazioni importanti.<\/p>\n<p>Inoltre, il collegamento ad un sistema di allarme consente la notifica e la gestione degli allarmi da parte del centro in tempo reale. Ci\u00f2 fornisce funzionalit\u00e0 aggiuntive di sicurezza e monitoraggio.<\/p>\n<p>La stazione interna DS-KH6320Y-WTE2 di Hikvision \u00e8 progettata anche per controllare l&#8217;accesso agli ascensori, espandendo la flessibilit\u00e0 e la funzionalit\u00e0 dell&#8217;intero sistema di controllo degli accessi.<\/p>\n<p>Nel complesso, la stazione interna Hikvision DS-KH6320Y-WTE2 fornisce un sistema potente e facile da usare per il controllo degli accessi e la sorveglianza in vari ambienti come complessi residenziali, edifici per uffici e altre aree commerciali o pubbliche.<\/p>\n<p>Posti interni a 2 fili<br \/>\nPostazione interna IP 2 fili touch screen IPS da 7 pollici con risoluzione 1024\u00d7600<br \/>\nComodo controllo mobile tramite APP Hik-Connect<br \/>\nRicevi chiamate, apri la porta e visualizza la visualizzazione dal vivo da remoto<br \/>\nFacile da usare senza PC<br \/>\nProcedura guidata semplice per una configurazione rapida<br \/>\nConfigurazione dell&#8217;intero sistema tramite touchscreen<br \/>\nVisualizzazione in tempo reale del citofono e delle telecamere nelle aree pubbliche<br \/>\nSupporto per messaggi vocali in caso di mancata risposta dal posto interno<br \/>\nRicevere allarmi collegandosi a un sistema di allarme e avvisando il centro per un intervento tempestivo<br \/>\nControllo accessi ascensore<\/p>\n","protected":false},"excerpt":{"rendered":"<p>Questa stazione interna \u00e8 compatibile solo con la stazione esterna della serie KIS702xY come estensione interna. L&#8217;articolo Hikvision DS-KH6320Y-WTE2 \u00e8 una stazione interna a 2 fili con touchscreen IPS da 7 pollici di alta qualit\u00e0 e una risoluzione di 1024 \u00d7 600 pixel. Questo posto interno fa parte di un sistema videocitofonico IP a 2 [&hellip;]<\/p>\n","protected":false},"featured_media":334139,"template":"","meta":[],"product_brand":[],"product_cat":[4186,3828],"product_tag":[],"yst_prominent_words":[],"class_list":{"0":"post-334140","1":"product","2":"type-product","3":"status-publish","4":"has-post-thumbnail","6":"product_cat-hikvision","7":"product_cat-videocitofonia","9":"first","10":"instock","11":"taxable","12":"shipping-taxable","13":"purchasable","14":"product-type-simple"},"_links":{"self":[{"href":"https:\/\/osatech.ch\/shop\/index.php\/wp-json\/wp\/v2\/product\/334140","targetHints":{"allow":["GET"]}}],"collection":[{"href":"https:\/\/osatech.ch\/shop\/index.php\/wp-json\/wp\/v2\/product"}],"about":[{"href":"https:\/\/osatech.ch\/shop\/index.php\/wp-json\/wp\/v2\/types\/product"}],"wp:featuredmedia":[{"embeddable":true,"href":"https:\/\/osatech.ch\/shop\/index.php\/wp-json\/wp\/v2\/media\/334139"}],"wp:attachment":[{"href":"https:\/\/osatech.ch\/shop\/index.php\/wp-json\/wp\/v2\/media?parent=334140"}],"wp:term":[{"taxonomy":"product_brand","embeddable":true,"href":"https:\/\/osatech.ch\/shop\/index.php\/wp-json\/wp\/v2\/product_brand?post=334140"},{"taxonomy":"product_cat","embeddable":true,"href":"https:\/\/osatech.ch\/shop\/index.php\/wp-json\/wp\/v2\/product_cat?post=334140"},{"taxonomy":"product_tag","embeddable":true,"href":"https:\/\/osatech.ch\/shop\/index.php\/wp-json\/wp\/v2\/product_tag?post=334140"},{"taxonomy":"yst_prominent_words","embeddable":true,"href":"https:\/\/osatech.ch\/shop\/index.php\/wp-json\/wp\/v2\/yst_prominent_words?post=334140"}],"curies":[{"name":"wp","href":"https:\/\/api.w.org\/{rel}","templated":true}]}}