{"id":334111,"date":"2024-10-31T15:59:28","date_gmt":"2024-10-31T14:59:28","guid":{"rendered":"https:\/\/osatech.ch\/shop\/index.php\/prodotto\/hikvision-videocitofono-postazione-interna-ip-2"},"modified":"2024-10-31T15:59:28","modified_gmt":"2024-10-31T14:59:28","slug":"hikvision-videocitofono-postazione-interna-ip-2","status":"publish","type":"product","link":"https:\/\/osatech.ch\/shop\/index.php\/prodotto\/hikvision-videocitofono-postazione-interna-ip-2","title":{"rendered":"HikVision Videocitofono postazione interna IP"},"content":{"rendered":"<p>Hikvision DS-KH6351-WTE1 \u00e8 una stazione interna di alta qualit\u00e0 basata su IP della serie KH6 che offre funzionalit\u00e0 avanzate per un&#8217;efficiente comunicazione con le porte e il monitoraggio della sicurezza. Con un touchscreen TFT da 7 pollici e una risoluzione di 1024 \u00d7 600, la postazione interna consente una visualizzazione chiara e intuitiva.<\/p>\n<p>Grazie alla comoda APP Hik-Connect Mobile Control, gli utenti possono ricevere chiamate, aprire la porta da remoto e visualizzare visualizzazioni in tempo reale da posti esterni e telecamere nelle aree pubbliche senza fare affidamento su un PC.  DS-KH6351-WTE1 \u00e8 facile da usare e consente una configurazione rapida con la procedura guidata intuitiva. L&#8217;intero sistema \u00e8 comodamente configurato su un touchscreen.<\/p>\n<p>Con una variet\u00e0 di funzioni e possibilit\u00e0 di espansione, questo posto interno offre soluzioni complete per la citofonia e il controllo degli accessi. Supporta anche i messaggi vocali che si attivano in caso di mancata risposta dal posto interno. Se collegati a un sistema di allarme, gli utenti possono ricevere notifiche di allarme e avvisare il centro in tempo per agire di conseguenza.<\/p>\n<p>Il DS-KH6351-WTE1 offre anche funzionalit\u00e0 di controllo degli accessi agli ascensori, rendendolo la scelta ideale per gli edifici moderni che apprezzano la sicurezza e la comodit\u00e0.<\/p>\n<p>Touchscreen TFT da 7 pollici con una risoluzione di 1024 \u00d7 600<br \/>\nComodo controllo mobile tramite APP Hik-Connect<br \/>\nRicevi chiamate, apri la porta da remoto e visualizza la visualizzazione dal vivo<br \/>\nFacile da usare senza PC<br \/>\nProcedura guidata semplice per una configurazione rapida<br \/>\nConfigurazione dell&#8217;intero sistema su touchscreen<br \/>\nVisualizzazione in tempo reale del posto esterno e delle telecamere nelle aree pubbliche<br \/>\nSupporto per messaggi vocali in caso di mancata risposta dal posto interno<br \/>\nRicevere allarmi collegandosi a un sistema di allarme e avvisando il centro per un intervento tempestivo<br \/>\nControllo accessi per ascensori<\/p>\n","protected":false},"excerpt":{"rendered":"<p>Hikvision DS-KH6351-WTE1 \u00e8 una stazione interna di alta qualit\u00e0 basata su IP della serie KH6 che offre funzionalit\u00e0 avanzate per un&#8217;efficiente comunicazione con le porte e il monitoraggio della sicurezza. Con un touchscreen TFT da 7 pollici e una risoluzione di 1024 \u00d7 600, la postazione interna consente una visualizzazione chiara e intuitiva. Grazie alla [&hellip;]<\/p>\n","protected":false},"featured_media":334110,"template":"","meta":[],"product_brand":[],"product_cat":[4186,3828],"product_tag":[],"yst_prominent_words":[],"class_list":{"0":"post-334111","1":"product","2":"type-product","3":"status-publish","4":"has-post-thumbnail","6":"product_cat-hikvision","7":"product_cat-videocitofonia","9":"first","10":"instock","11":"taxable","12":"shipping-taxable","13":"purchasable","14":"product-type-simple"},"_links":{"self":[{"href":"https:\/\/osatech.ch\/shop\/index.php\/wp-json\/wp\/v2\/product\/334111","targetHints":{"allow":["GET"]}}],"collection":[{"href":"https:\/\/osatech.ch\/shop\/index.php\/wp-json\/wp\/v2\/product"}],"about":[{"href":"https:\/\/osatech.ch\/shop\/index.php\/wp-json\/wp\/v2\/types\/product"}],"wp:featuredmedia":[{"embeddable":true,"href":"https:\/\/osatech.ch\/shop\/index.php\/wp-json\/wp\/v2\/media\/334110"}],"wp:attachment":[{"href":"https:\/\/osatech.ch\/shop\/index.php\/wp-json\/wp\/v2\/media?parent=334111"}],"wp:term":[{"taxonomy":"product_brand","embeddable":true,"href":"https:\/\/osatech.ch\/shop\/index.php\/wp-json\/wp\/v2\/product_brand?post=334111"},{"taxonomy":"product_cat","embeddable":true,"href":"https:\/\/osatech.ch\/shop\/index.php\/wp-json\/wp\/v2\/product_cat?post=334111"},{"taxonomy":"product_tag","embeddable":true,"href":"https:\/\/osatech.ch\/shop\/index.php\/wp-json\/wp\/v2\/product_tag?post=334111"},{"taxonomy":"yst_prominent_words","embeddable":true,"href":"https:\/\/osatech.ch\/shop\/index.php\/wp-json\/wp\/v2\/yst_prominent_words?post=334111"}],"curies":[{"name":"wp","href":"https:\/\/api.w.org\/{rel}","templated":true}]}}