{"id":334105,"date":"2024-10-31T15:58:01","date_gmt":"2024-10-31T14:58:01","guid":{"rendered":"https:\/\/osatech.ch\/shop\/index.php\/prodotto\/hikvision-videocitofono-postazione-interna-ip"},"modified":"2024-10-31T15:58:01","modified_gmt":"2024-10-31T14:58:01","slug":"hikvision-videocitofono-postazione-interna-ip","status":"publish","type":"product","link":"https:\/\/osatech.ch\/shop\/index.php\/prodotto\/hikvision-videocitofono-postazione-interna-ip","title":{"rendered":"HikVision Videocitofono postazione interna IP"},"content":{"rendered":"<p>L&#8217;Hikvision DS-KH8520-WTE1 \u00e8 una stazione interna della serie KH8 di alta qualit\u00e0 dotata di un impressionante touchscreen TFT da 10,1 pollici e una risoluzione di 1024 \u00d7 600. La postazione interna offre un display chiaro e intuitivo e consente un utilizzo confortevole.<\/p>\n<p>Grazie alla comoda APP Hik-Connect Mobile Control, gli utenti possono ricevere chiamate, aprire la porta da remoto e visualizzare visualizzazioni in tempo reale da posti esterni e telecamere nelle aree pubbliche senza fare affidamento su un PC.<\/p>\n<p>DS-KH8520-WTE1 \u00e8 facile da usare e consente una configurazione rapida con la procedura guidata intuitiva. L&#8217;intero sistema \u00e8 comodamente configurato su un touchscreen.<\/p>\n<p>Con una variet\u00e0 di funzioni e possibilit\u00e0 di espansione, questo posto interno offre soluzioni complete per la citofonia e il controllo degli accessi. Supporta anche i messaggi vocali che si attivano in caso di mancata risposta dal posto interno.<\/p>\n<p>Il DS-KH8520-WTE1 consente di ricevere allarmi collegandosi a un sistema di allarme e avvisando il centro in tempo per agire di conseguenza. Offre inoltre un controllo integrato degli accessi agli ascensori, rendendolo la scelta ideale per gli edifici moderni che apprezzano la sicurezza e la comodit\u00e0. Nel complesso, DS-KH8520-WTE1 rappresenta una soluzione affidabile e di alta qualit\u00e0 per la comunicazione delle porte e il monitoraggio della sicurezza.<\/p>\n<p>Touchscreen TFT da 10,1 pollici con risoluzione 1024\u00d7600<br \/>\nComodo controllo mobile tramite APP Hik-Connect<br \/>\nRicevi chiamate, apri la porta da remoto e visualizza la visualizzazione dal vivo<br \/>\nFacile da usare senza PC<br \/>\nProcedura guidata semplice per una configurazione rapida<br \/>\nConfigurazione dell&#8217;intero sistema su touchscreen<br \/>\nFunzioni estese e opzioni di espansione<br \/>\nVisualizzazione in tempo reale del posto esterno e delle telecamere nelle aree pubbliche<br \/>\nSupporto per messaggi vocali in caso di mancata risposta dal posto interno<br \/>\nRicevere allarmi collegandosi a un sistema di allarme e avvisando il centro per un intervento tempestivo<br \/>\nControllo accessi per ascensori<\/p>\n","protected":false},"excerpt":{"rendered":"<p>L&#8217;Hikvision DS-KH8520-WTE1 \u00e8 una stazione interna della serie KH8 di alta qualit\u00e0 dotata di un impressionante touchscreen TFT da 10,1 pollici e una risoluzione di 1024 \u00d7 600. La postazione interna offre un display chiaro e intuitivo e consente un utilizzo confortevole. Grazie alla comoda APP Hik-Connect Mobile Control, gli utenti possono ricevere chiamate, aprire [&hellip;]<\/p>\n","protected":false},"featured_media":334104,"template":"","meta":[],"product_brand":[],"product_cat":[4186,3828],"product_tag":[],"yst_prominent_words":[],"class_list":{"0":"post-334105","1":"product","2":"type-product","3":"status-publish","4":"has-post-thumbnail","6":"product_cat-hikvision","7":"product_cat-videocitofonia","9":"first","10":"instock","11":"taxable","12":"shipping-taxable","13":"purchasable","14":"product-type-simple"},"_links":{"self":[{"href":"https:\/\/osatech.ch\/shop\/index.php\/wp-json\/wp\/v2\/product\/334105","targetHints":{"allow":["GET"]}}],"collection":[{"href":"https:\/\/osatech.ch\/shop\/index.php\/wp-json\/wp\/v2\/product"}],"about":[{"href":"https:\/\/osatech.ch\/shop\/index.php\/wp-json\/wp\/v2\/types\/product"}],"wp:featuredmedia":[{"embeddable":true,"href":"https:\/\/osatech.ch\/shop\/index.php\/wp-json\/wp\/v2\/media\/334104"}],"wp:attachment":[{"href":"https:\/\/osatech.ch\/shop\/index.php\/wp-json\/wp\/v2\/media?parent=334105"}],"wp:term":[{"taxonomy":"product_brand","embeddable":true,"href":"https:\/\/osatech.ch\/shop\/index.php\/wp-json\/wp\/v2\/product_brand?post=334105"},{"taxonomy":"product_cat","embeddable":true,"href":"https:\/\/osatech.ch\/shop\/index.php\/wp-json\/wp\/v2\/product_cat?post=334105"},{"taxonomy":"product_tag","embeddable":true,"href":"https:\/\/osatech.ch\/shop\/index.php\/wp-json\/wp\/v2\/product_tag?post=334105"},{"taxonomy":"yst_prominent_words","embeddable":true,"href":"https:\/\/osatech.ch\/shop\/index.php\/wp-json\/wp\/v2\/yst_prominent_words?post=334105"}],"curies":[{"name":"wp","href":"https:\/\/api.w.org\/{rel}","templated":true}]}}