{"id":334051,"date":"2024-10-31T15:47:27","date_gmt":"2024-10-31T14:47:27","guid":{"rendered":"https:\/\/osatech.ch\/shop\/index.php\/prodotto\/hikvision-stazione-interna-a-due-fili"},"modified":"2024-10-31T15:47:27","modified_gmt":"2024-10-31T14:47:27","slug":"hikvision-stazione-interna-a-due-fili","status":"publish","type":"product","link":"https:\/\/osatech.ch\/shop\/index.php\/prodotto\/hikvision-stazione-interna-a-due-fili","title":{"rendered":"HikVision Stazione interna a due fili"},"content":{"rendered":"<p>L&#8217;Hikvision DS-KH6320Y-WTE2 \u00e8 una stazione interna a 2 fili con un touchscreen IPS da 7 pollici e una risoluzione di 1024 \u00d7 600. La stazione interna consente un comodo controllo mobile tramite l&#8217;APP Hik-Connect. Gli utenti possono ricevere chiamate, aprire la porta e visualizzare la vista dal vivo da remoto, il tutto senza PC.<\/p>\n<p>Con la semplice procedura guidata per una configurazione rapida, utilizzare DS-KH6320Y-WTE2 \u00e8 semplice. L&#8217;intero sistema pu\u00f2 essere configurato sul touchscreen ed \u00e8 possibile la visualizzazione live del posto esterno e delle telecamere nelle aree pubbliche.  Inoltre il posto interno supporta i messaggi vocali se non c&#8217;\u00e8 risposta dal posto interno. Se collegati a un sistema di allarme, gli utenti possono ricevere notifiche di allarme e avvisare il centro in tempo per agire di conseguenza.<\/p>\n<p>DS-KH6320Y-WTE2 offre anche il controllo degli accessi agli ascensori, rendendolo una soluzione versatile e affidabile per la comunicazione delle porte e il monitoraggio della sicurezza.<\/p>\n<p>Postazione interna IP 2 fili touch screen IPS da 7 pollici con risoluzione 1024\u00d7600<br \/>\nComodo controllo mobile tramite APP Hik-Connect<br \/>\nRicevi chiamate, apri la porta da remoto e visualizza la visualizzazione dal vivo<br \/>\nFacile da usare senza PC<br \/>\nProcedura guidata semplice per una configurazione rapida<br \/>\nConfigura l&#8217;intero sistema su un touchscreen<br \/>\nVisualizzazione in tempo reale del posto esterno e delle telecamere nelle aree pubbliche<br \/>\nSupporto per messaggi vocali in caso di mancata risposta dal posto interno<br \/>\nRicevere allarmi collegandosi a un sistema di allarme e avvisando il centro per un intervento tempestivo<br \/>\nControllo accessi per ascensori<\/p>\n","protected":false},"excerpt":{"rendered":"<p>L&#8217;Hikvision DS-KH6320Y-WTE2 \u00e8 una stazione interna a 2 fili con un touchscreen IPS da 7 pollici e una risoluzione di 1024 \u00d7 600. La stazione interna consente un comodo controllo mobile tramite l&#8217;APP Hik-Connect. Gli utenti possono ricevere chiamate, aprire la porta e visualizzare la vista dal vivo da remoto, il tutto senza PC. Con [&hellip;]<\/p>\n","protected":false},"featured_media":334050,"template":"","meta":[],"product_brand":[],"product_cat":[4186,3828],"product_tag":[],"yst_prominent_words":[],"class_list":{"0":"post-334051","1":"product","2":"type-product","3":"status-publish","4":"has-post-thumbnail","6":"product_cat-hikvision","7":"product_cat-videocitofonia","9":"first","10":"instock","11":"taxable","12":"shipping-taxable","13":"purchasable","14":"product-type-simple"},"_links":{"self":[{"href":"https:\/\/osatech.ch\/shop\/index.php\/wp-json\/wp\/v2\/product\/334051","targetHints":{"allow":["GET"]}}],"collection":[{"href":"https:\/\/osatech.ch\/shop\/index.php\/wp-json\/wp\/v2\/product"}],"about":[{"href":"https:\/\/osatech.ch\/shop\/index.php\/wp-json\/wp\/v2\/types\/product"}],"wp:featuredmedia":[{"embeddable":true,"href":"https:\/\/osatech.ch\/shop\/index.php\/wp-json\/wp\/v2\/media\/334050"}],"wp:attachment":[{"href":"https:\/\/osatech.ch\/shop\/index.php\/wp-json\/wp\/v2\/media?parent=334051"}],"wp:term":[{"taxonomy":"product_brand","embeddable":true,"href":"https:\/\/osatech.ch\/shop\/index.php\/wp-json\/wp\/v2\/product_brand?post=334051"},{"taxonomy":"product_cat","embeddable":true,"href":"https:\/\/osatech.ch\/shop\/index.php\/wp-json\/wp\/v2\/product_cat?post=334051"},{"taxonomy":"product_tag","embeddable":true,"href":"https:\/\/osatech.ch\/shop\/index.php\/wp-json\/wp\/v2\/product_tag?post=334051"},{"taxonomy":"yst_prominent_words","embeddable":true,"href":"https:\/\/osatech.ch\/shop\/index.php\/wp-json\/wp\/v2\/yst_prominent_words?post=334051"}],"curies":[{"name":"wp","href":"https:\/\/api.w.org\/{rel}","templated":true}]}}