{"id":334029,"date":"2024-10-31T15:43:27","date_gmt":"2024-10-31T14:43:27","guid":{"rendered":"https:\/\/osatech.ch\/shop\/index.php\/prodotto\/hikvision-stazione-interna-basata-su-ip-serie-kh6-2"},"modified":"2024-10-31T15:46:04","modified_gmt":"2024-10-31T14:46:04","slug":"hikvision-stazione-interna-basata-su-ip-serie-kh6-2","status":"publish","type":"product","link":"https:\/\/osatech.ch\/shop\/index.php\/prodotto\/hikvision-stazione-interna-basata-su-ip-serie-kh6-2","title":{"rendered":"HikVision Stazione interna basata su IP serie KH6"},"content":{"rendered":"<p>L&#8217;Hikvision DS-KH6320-WTE1 appartiene alla serie KH6 di posti interni basati su IP ed \u00e8 dotato di un touchscreen IPS da 7 pollici e una risoluzione di 1024 \u00d7 600. Questa stazione interna consente un comodo controllo mobile tramite l&#8217;APP Hik-Connect. Gli utenti possono ricevere chiamate, aprire la porta da remoto e visualizzare la vista dal vivo del posto esterno e delle telecamere nelle aree pubbliche, il tutto senza PC.<\/p>\n<p>Il funzionamento del DS-KH6320-WTE1 \u00e8 semplice e immediato ed \u00e8 possibile una configurazione rapida grazie alla procedura guidata intuitiva. L&#8217;intero sistema \u00e8 configurabile tramite touchscreen, rendendolo particolarmente comodo da usare.<\/p>\n<p>Il posto interno supporta anche i messaggi vocali, che si attivano se non c&#8217;\u00e8 risposta dal posto interno. Collegandosi a un sistema di allarme, gli utenti possono ricevere messaggi di allarme e avvisare in tempo il centro affinch\u00e9 agisca di conseguenza.<\/p>\n<p>Con il supporto per il controllo degli accessi agli ascensori, DS-KH6320-WTE1 fornisce una soluzione affidabile per la comunicazione delle porte, il monitoraggio della sicurezza e il controllo degli accessi negli edifici.<\/p>\n<p>Touchscreen IPS da 7 pollici con risoluzione 1024\u00d7600<br \/>\nComodo controllo mobile tramite APP Hik-Connect<br \/>\nRicevi chiamate, apri la porta da remoto e visualizza la visualizzazione dal vivo<br \/>\nFacile da usare senza PC<br \/>\nProcedura guidata semplice per una configurazione rapida<br \/>\nConfigura l&#8217;intero sistema su un touchscreen<br \/>\nVisualizzazione in tempo reale del posto esterno e delle telecamere nelle aree pubbliche<br \/>\nSupporto per messaggi vocali in caso di mancata risposta dal posto interno<br \/>\nRicevere allarmi collegandosi a un sistema di allarme e avvisando il centro per un intervento tempestivo<br \/>\nControllo accessi per ascensori<\/p>\n","protected":false},"excerpt":{"rendered":"<p>L&#8217;Hikvision DS-KH6320-WTE1 appartiene alla serie KH6 di posti interni basati su IP ed \u00e8 dotato di un touchscreen IPS da 7 pollici e una risoluzione di 1024 \u00d7 600. Questa stazione interna consente un comodo controllo mobile tramite l&#8217;APP Hik-Connect. Gli utenti possono ricevere chiamate, aprire la porta da remoto e visualizzare la vista dal [&hellip;]<\/p>\n","protected":false},"featured_media":334045,"template":"","meta":[],"product_brand":[],"product_cat":[4186,3828],"product_tag":[],"yst_prominent_words":[],"class_list":{"0":"post-334029","1":"product","2":"type-product","3":"status-publish","4":"has-post-thumbnail","6":"product_cat-hikvision","7":"product_cat-videocitofonia","9":"first","10":"instock","11":"taxable","12":"shipping-taxable","13":"purchasable","14":"product-type-simple"},"_links":{"self":[{"href":"https:\/\/osatech.ch\/shop\/index.php\/wp-json\/wp\/v2\/product\/334029","targetHints":{"allow":["GET"]}}],"collection":[{"href":"https:\/\/osatech.ch\/shop\/index.php\/wp-json\/wp\/v2\/product"}],"about":[{"href":"https:\/\/osatech.ch\/shop\/index.php\/wp-json\/wp\/v2\/types\/product"}],"wp:featuredmedia":[{"embeddable":true,"href":"https:\/\/osatech.ch\/shop\/index.php\/wp-json\/wp\/v2\/media\/334045"}],"wp:attachment":[{"href":"https:\/\/osatech.ch\/shop\/index.php\/wp-json\/wp\/v2\/media?parent=334029"}],"wp:term":[{"taxonomy":"product_brand","embeddable":true,"href":"https:\/\/osatech.ch\/shop\/index.php\/wp-json\/wp\/v2\/product_brand?post=334029"},{"taxonomy":"product_cat","embeddable":true,"href":"https:\/\/osatech.ch\/shop\/index.php\/wp-json\/wp\/v2\/product_cat?post=334029"},{"taxonomy":"product_tag","embeddable":true,"href":"https:\/\/osatech.ch\/shop\/index.php\/wp-json\/wp\/v2\/product_tag?post=334029"},{"taxonomy":"yst_prominent_words","embeddable":true,"href":"https:\/\/osatech.ch\/shop\/index.php\/wp-json\/wp\/v2\/yst_prominent_words?post=334029"}],"curies":[{"name":"wp","href":"https:\/\/api.w.org\/{rel}","templated":true}]}}