{"id":27320,"date":"2023-04-27T14:03:51","date_gmt":"2023-04-27T12:03:51","guid":{"rendered":"https:\/\/osatech.ch\/shop\/prodotto\/jablotron-pulsante-a-parete-via-radio"},"modified":"2025-11-28T16:47:33","modified_gmt":"2025-11-28T15:47:33","slug":"jablotron-pulsante-a-parete-via-radio","status":"publish","type":"product","link":"https:\/\/osatech.ch\/shop\/index.php\/prodotto\/jablotron-pulsante-a-parete-via-radio","title":{"rendered":"Jablotron Pulsante A Parete Via Radio"},"content":{"rendered":"<p>Jablotron Pulsante A Parete Via Radio<\/p>\n<p>Il dispositivo \u00e8 una periferica del sistema JABLOTRON. Consente di attivare a distanza un allarme antipanico, controllare altri apparecchi, pu\u00f2 essere utilizzato come campanello o per controllare il sistema di allarme.<br \/>\nGrazie alla comunicazione bidirezionale il dispositivo pu\u00f2 segnalare visivamente e acusticamente la conferma di un&#8217;azione riuscita. Il dispositivo \u00e8 alimentato da due batterie al litio. Questo prodotto \u00e8 compatibile solo con i pannelli di controllo JA-103K e JA-107K.<br \/>\nSpecifiche tecniche<br \/>\nEnergia\t2 batterie al litio tipo CR 2032 (3,0 V\/0,2 Ah)<br \/>\n(alimentazione di tipo C secondo EN 50131-6)<br \/>\nDurata tipica della batteria\tca. 2 anni (se attivato 3 volte al giorno)<br \/>\nConsumo energetico a riposo\t5\u03bcA<br \/>\nMassimo consumo energetico\t40 mA<br \/>\nSoglia di batteria scarica\t&lt; 2,4 V<br \/>\nFrequenza di comunicazione\t868,1 MHz, protocollo Jablotron<br \/>\nUscita massima in radiofrequenza (ERP)\t8 mW<br \/>\nGamma di comunicazione\tca. 300 m (linea di vista)<br \/>\nClassificazione\tGrado di sicurezza 2\/classe ambientale II (EN 50131-1)<br \/>\nAmbiente\tGenerale dell&#039;interno<br \/>\nCodice di protezione dell&#039;ingresso\tPI 22<br \/>\nIntervallo di temperatura operativa\tda -10 \u00b0C a +40 \u00b0C<br \/>\nUmidit\u00e0 operativa media\t75 % UR, senza condensa<br \/>\nDimensioni\t80 x 80 x 20 mm<br \/>\nPeso (senza batterie)\t58 gr<br \/>\nCondizioni operative secondo\tERC\/REC 70-03<br \/>\nOrganismo di certificazione\tTrezor Test sro (n. 3025)<br \/>\nInoltre in conformit\u00e0 con\tETSI EN 300 220-1,-2, EN 55032, EN 50130 4, EN 62368-1, EN 62311, EN 50581, EN 50131-1, EN 50131-3, EN 50131-5-3, EN 50131-6, CLC\/TS 50131-11, EN 50134-2<\/p>\n","protected":false},"excerpt":{"rendered":"<p>Jablotron Pulsante A Parete Via Radio Il dispositivo \u00e8 una periferica del sistema JABLOTRON. Consente di attivare a distanza un allarme antipanico, controllare altri apparecchi, pu\u00f2 essere utilizzato come campanello o per controllare il sistema di allarme. Grazie alla comunicazione bidirezionale il dispositivo pu\u00f2 segnalare visivamente e acusticamente la conferma di un&#8217;azione riuscita. Il dispositivo [&hellip;]<\/p>\n","protected":false},"featured_media":32245,"template":"","meta":[],"product_brand":[],"product_cat":[3999,4180],"product_tag":[],"yst_prominent_words":[],"class_list":{"0":"post-27320","1":"product","2":"type-product","3":"status-publish","4":"has-post-thumbnail","6":"product_cat-allarmi-casa-e-ufficio-jablotron","7":"product_cat-comandi-jablotron-allarmi-casa-e-ufficio-jablotron-2","9":"first","10":"instock","11":"taxable","12":"shipping-taxable","13":"purchasable","14":"product-type-simple"},"_links":{"self":[{"href":"https:\/\/osatech.ch\/shop\/index.php\/wp-json\/wp\/v2\/product\/27320","targetHints":{"allow":["GET"]}}],"collection":[{"href":"https:\/\/osatech.ch\/shop\/index.php\/wp-json\/wp\/v2\/product"}],"about":[{"href":"https:\/\/osatech.ch\/shop\/index.php\/wp-json\/wp\/v2\/types\/product"}],"wp:featuredmedia":[{"embeddable":true,"href":"https:\/\/osatech.ch\/shop\/index.php\/wp-json\/wp\/v2\/media\/32245"}],"wp:attachment":[{"href":"https:\/\/osatech.ch\/shop\/index.php\/wp-json\/wp\/v2\/media?parent=27320"}],"wp:term":[{"taxonomy":"product_brand","embeddable":true,"href":"https:\/\/osatech.ch\/shop\/index.php\/wp-json\/wp\/v2\/product_brand?post=27320"},{"taxonomy":"product_cat","embeddable":true,"href":"https:\/\/osatech.ch\/shop\/index.php\/wp-json\/wp\/v2\/product_cat?post=27320"},{"taxonomy":"product_tag","embeddable":true,"href":"https:\/\/osatech.ch\/shop\/index.php\/wp-json\/wp\/v2\/product_tag?post=27320"},{"taxonomy":"yst_prominent_words","embeddable":true,"href":"https:\/\/osatech.ch\/shop\/index.php\/wp-json\/wp\/v2\/yst_prominent_words?post=27320"}],"curies":[{"name":"wp","href":"https:\/\/api.w.org\/{rel}","templated":true}]}}