{"id":26725,"date":"2022-11-24T15:07:51","date_gmt":"2022-11-24T14:07:51","guid":{"rendered":"https:\/\/osatech.ch\/shop\/prodotto\/jablotron-telecomando-bidirezionale-2-tasti-2"},"modified":"2025-04-25T15:17:19","modified_gmt":"2025-04-25T13:17:19","slug":"jablotron-telecomando-bidirezionale-2-tasti-2","status":"publish","type":"product","link":"https:\/\/osatech.ch\/shop\/index.php\/prodotto\/jablotron-telecomando-bidirezionale-2-tasti-2","title":{"rendered":"Jablotron Telecomando Bidirezionale 2 Tasti"},"content":{"rendered":"<p>Jablotron Telecomando Bidirezionale 2 Tasti<\/p>\n<p>Consente il comando a distanza di sistemi di sicurezza e vari altri dispositivi elettrici oppure l\u2019innesco di un allarme emergenza.<br \/>\nConferma dell\u2019esecuzione di un comando attraverso feedback ottico e acustico<br \/>\nTutto questo anche con sistemi JABLOTRON 100+ multipli (per es. a casa e in ufficio).<br \/>\nIl telecomando pu\u00f2 anche essere registrato ad un rel\u00e8 multifunzione di tipo AC-16x al fine di comandare il rel\u00e8 secondo la modalit\u00e0 selezionata.<br \/>\nIl telecomando \u00e8 munito di indicazione esecuzione comando sia ottica che acustica.<br \/>\nIl telecomando pu\u00f2 essere registrato a sistemi multipli o rel\u00e8 multifunzione.<br \/>\nVerifica lo stato della rispettiva batteria e invia un\u2019indicazione quando la batteria si sta per scaricare.<br \/>\nSe si tiene premuto un pulsante, verr\u00e0 trasmessa un\u2019attivazione ogni secondo. Questa funzione pu\u00f2 essere sfruttata, per esempio, al fine di ampliare l\u2019impulso di un\u2019uscita PG (come per esempio la chiusura graduale di tapparelle).<br \/>\nIl suono dei tasti pu\u00f2 anche essere disattivato.<br \/>\nFunzione blocco chiave.<br \/>\nImpostazioni estese per doppia pressione tasto.<br \/>\nIl telecomando \u00e8 un dispositivo del sistema JABLOTRON 100+; \u00e8 di tipo indirizzabile ed occupa un\u2019unica posizione nel sistema.<\/p>\n","protected":false},"excerpt":{"rendered":"<p>Jablotron Telecomando Bidirezionale 2 Tasti Consente il comando a distanza di sistemi di sicurezza e vari altri dispositivi elettrici oppure l\u2019innesco di un allarme emergenza. Conferma dell\u2019esecuzione di un comando attraverso feedback ottico e acustico Tutto questo anche con sistemi JABLOTRON 100+ multipli (per es. a casa e in ufficio). Il telecomando pu\u00f2 anche essere [&hellip;]<\/p>\n","protected":false},"featured_media":32241,"template":"","meta":[],"product_brand":[],"product_cat":[3999,4180],"product_tag":[],"yst_prominent_words":[],"class_list":{"0":"post-26725","1":"product","2":"type-product","3":"status-publish","4":"has-post-thumbnail","6":"product_cat-allarmi-casa-e-ufficio-jablotron","7":"product_cat-comandi-jablotron-allarmi-casa-e-ufficio-jablotron-2","9":"first","10":"instock","11":"taxable","12":"shipping-taxable","13":"purchasable","14":"product-type-simple"},"_links":{"self":[{"href":"https:\/\/osatech.ch\/shop\/index.php\/wp-json\/wp\/v2\/product\/26725","targetHints":{"allow":["GET"]}}],"collection":[{"href":"https:\/\/osatech.ch\/shop\/index.php\/wp-json\/wp\/v2\/product"}],"about":[{"href":"https:\/\/osatech.ch\/shop\/index.php\/wp-json\/wp\/v2\/types\/product"}],"wp:featuredmedia":[{"embeddable":true,"href":"https:\/\/osatech.ch\/shop\/index.php\/wp-json\/wp\/v2\/media\/32241"}],"wp:attachment":[{"href":"https:\/\/osatech.ch\/shop\/index.php\/wp-json\/wp\/v2\/media?parent=26725"}],"wp:term":[{"taxonomy":"product_brand","embeddable":true,"href":"https:\/\/osatech.ch\/shop\/index.php\/wp-json\/wp\/v2\/product_brand?post=26725"},{"taxonomy":"product_cat","embeddable":true,"href":"https:\/\/osatech.ch\/shop\/index.php\/wp-json\/wp\/v2\/product_cat?post=26725"},{"taxonomy":"product_tag","embeddable":true,"href":"https:\/\/osatech.ch\/shop\/index.php\/wp-json\/wp\/v2\/product_tag?post=26725"},{"taxonomy":"yst_prominent_words","embeddable":true,"href":"https:\/\/osatech.ch\/shop\/index.php\/wp-json\/wp\/v2\/yst_prominent_words?post=26725"}],"curies":[{"name":"wp","href":"https:\/\/api.w.org\/{rel}","templated":true}]}}