{"id":261890,"date":"2024-10-14T16:39:13","date_gmt":"2024-10-14T14:39:13","guid":{"rendered":"https:\/\/osatech.ch\/shop\/index.php\/prodotto\/kit-video-vivavoce-monofamiliare-composto-da-videocitofono-classe-100v16b-e-pulsantiera-linea-2000-con-telecamera-a-colori-ed-1-pulsante-di-chiamata"},"modified":"2025-03-14T14:21:45","modified_gmt":"2025-03-14T13:21:45","slug":"kit-video-vivavoce-monofamiliare-composto-da-videocitofono-classe-100v16b-e-pulsantiera-linea-2000-con-telecamera-a-colori-ed-1-pulsante-di-chiamata","status":"publish","type":"product","link":"https:\/\/osatech.ch\/shop\/index.php\/prodotto\/kit-video-vivavoce-monofamiliare-composto-da-videocitofono-classe-100v16b-e-pulsantiera-linea-2000-con-telecamera-a-colori-ed-1-pulsante-di-chiamata","title":{"rendered":"Kit video vivavoce monofamiliare composto da videocitofono CLASSE 100V16B e pulsantiera LINEA 2000 con telecamera a colori ed 1 pulsante di chiamata"},"content":{"rendered":"<p>Kit video vivavoce monofamiliare composto da videocitofono CLASSE 100V16B e pulsantiera LINEA 2000 con telecamera a colori ed 1 pulsante di chiamata. La pulsantiera risponde al grado di robustezza IK07 \u2013 grado di protezione IP54. Il videocitofono dispone di 2 tasti fisici per il comando delle principali funzioni videocitofoniche \u2013 risposta e chiusura della chiamata \u2013 e di 3 tasti a sfioramento che consentono l\u2019apertura della serratura, l\u2019attivazione del posto esterno\/ciclamento e la personalizzazione di un\u2019azione rapida che l\u2019utente utilizza pi\u00f9 frequentemente \u2013 es. comando luci scale, intercom, attivazione serratura aggiuntiva e attivazioni generiche. Il videocitofono dispone di display LCD a colori da 5\u201d ed \u00e8 dotato di una levetta laterale per la regolazione di: colore, luminosit\u00e0 e contrasto display, volume fonica e volume tono di chiamata. \u00c8 presente un LED di segnalazione per l\u2019esclusione chiamata. Installazione da parete con staffa fornita a corredo oppure da tavolo con supporti accessori (2 x 344692) \u2013 da acquistare separatamente.<\/p>\n<p>Caratteristiche tecniche<br \/>\nMarchio\tBTicino<br \/>\nChiamate\t1<br \/>\nCollegamento\tSCS-BUS 2 FILI<br \/>\nTipo impianto\tVIDEO 2-FILI<br \/>\nSerie IT\tKit<\/p>\n","protected":false},"excerpt":{"rendered":"<p>Kit video vivavoce monofamiliare composto da videocitofono CLASSE 100V16B e pulsantiera LINEA 2000 con telecamera a colori ed 1 pulsante di chiamata. La pulsantiera risponde al grado di robustezza IK07 \u2013 grado di protezione IP54. Il videocitofono dispone di 2 tasti fisici per il comando delle principali funzioni videocitofoniche \u2013 risposta e chiusura della chiamata [&hellip;]<\/p>\n","protected":false},"featured_media":17324,"template":"","meta":[],"product_brand":[],"product_cat":[3920,3828],"product_tag":[],"yst_prominent_words":[],"class_list":{"0":"post-261890","1":"product","2":"type-product","3":"status-publish","4":"has-post-thumbnail","6":"product_cat-bticino","7":"product_cat-videocitofonia","9":"first","10":"instock","11":"taxable","12":"shipping-taxable","13":"purchasable","14":"product-type-simple"},"_links":{"self":[{"href":"https:\/\/osatech.ch\/shop\/index.php\/wp-json\/wp\/v2\/product\/261890","targetHints":{"allow":["GET"]}}],"collection":[{"href":"https:\/\/osatech.ch\/shop\/index.php\/wp-json\/wp\/v2\/product"}],"about":[{"href":"https:\/\/osatech.ch\/shop\/index.php\/wp-json\/wp\/v2\/types\/product"}],"wp:featuredmedia":[{"embeddable":true,"href":"https:\/\/osatech.ch\/shop\/index.php\/wp-json\/wp\/v2\/media\/17324"}],"wp:attachment":[{"href":"https:\/\/osatech.ch\/shop\/index.php\/wp-json\/wp\/v2\/media?parent=261890"}],"wp:term":[{"taxonomy":"product_brand","embeddable":true,"href":"https:\/\/osatech.ch\/shop\/index.php\/wp-json\/wp\/v2\/product_brand?post=261890"},{"taxonomy":"product_cat","embeddable":true,"href":"https:\/\/osatech.ch\/shop\/index.php\/wp-json\/wp\/v2\/product_cat?post=261890"},{"taxonomy":"product_tag","embeddable":true,"href":"https:\/\/osatech.ch\/shop\/index.php\/wp-json\/wp\/v2\/product_tag?post=261890"},{"taxonomy":"yst_prominent_words","embeddable":true,"href":"https:\/\/osatech.ch\/shop\/index.php\/wp-json\/wp\/v2\/yst_prominent_words?post=261890"}],"curies":[{"name":"wp","href":"https:\/\/api.w.org\/{rel}","templated":true}]}}