{"id":24385,"date":"2022-09-09T18:05:23","date_gmt":"2022-09-09T16:05:23","guid":{"rendered":"https:\/\/osatech.ch\/shop\/prodotto\/eter-scheda-24-rele-per-an307com"},"modified":"2024-08-25T18:22:07","modified_gmt":"2024-08-25T16:22:07","slug":"eter-scheda-24-rele-per-an307com","status":"publish","type":"product","link":"https:\/\/osatech.ch\/shop\/index.php\/prodotto\/eter-scheda-24-rele-per-an307com","title":{"rendered":"ETER Scheda 24 rel\u00e8 per AN307COM"},"content":{"rendered":"<p>ETER Scheda 24 rel\u00e8 per AN307COM<br \/>\nFino a 8 schede per Sistema, plug &amp; play USB<br \/>\nOgni rel\u00e8 settabile per uno o pi\u00f9 stati di allarme: ALLARME 1, MANOMISSIONE 1, ALLARME 2, MANOMISSIONE 2, MANOMISSIONE BOX, GUASTO<\/p>\n","protected":false},"excerpt":{"rendered":"<p>ETER Scheda 24 rel\u00e8 per AN307COM Fino a 8 schede per Sistema, plug &amp; play USB Ogni rel\u00e8 settabile per uno o pi\u00f9 stati di allarme: ALLARME 1, MANOMISSIONE 1, ALLARME 2, MANOMISSIONE 2, MANOMISSIONE BOX, GUASTO<\/p>\n","protected":false},"featured_media":23228,"template":"","meta":[],"product_brand":[],"product_cat":[4047],"product_tag":[],"yst_prominent_words":[],"class_list":{"0":"post-24385","1":"product","2":"type-product","3":"status-publish","4":"has-post-thumbnail","6":"product_cat-allarmi-invisibili","8":"first","9":"instock","10":"taxable","11":"shipping-taxable","12":"purchasable","13":"product-type-simple"},"_links":{"self":[{"href":"https:\/\/osatech.ch\/shop\/index.php\/wp-json\/wp\/v2\/product\/24385","targetHints":{"allow":["GET"]}}],"collection":[{"href":"https:\/\/osatech.ch\/shop\/index.php\/wp-json\/wp\/v2\/product"}],"about":[{"href":"https:\/\/osatech.ch\/shop\/index.php\/wp-json\/wp\/v2\/types\/product"}],"wp:featuredmedia":[{"embeddable":true,"href":"https:\/\/osatech.ch\/shop\/index.php\/wp-json\/wp\/v2\/media\/23228"}],"wp:attachment":[{"href":"https:\/\/osatech.ch\/shop\/index.php\/wp-json\/wp\/v2\/media?parent=24385"}],"wp:term":[{"taxonomy":"product_brand","embeddable":true,"href":"https:\/\/osatech.ch\/shop\/index.php\/wp-json\/wp\/v2\/product_brand?post=24385"},{"taxonomy":"product_cat","embeddable":true,"href":"https:\/\/osatech.ch\/shop\/index.php\/wp-json\/wp\/v2\/product_cat?post=24385"},{"taxonomy":"product_tag","embeddable":true,"href":"https:\/\/osatech.ch\/shop\/index.php\/wp-json\/wp\/v2\/product_tag?post=24385"},{"taxonomy":"yst_prominent_words","embeddable":true,"href":"https:\/\/osatech.ch\/shop\/index.php\/wp-json\/wp\/v2\/yst_prominent_words?post=24385"}],"curies":[{"name":"wp","href":"https:\/\/api.w.org\/{rel}","templated":true}]}}