{"id":24384,"date":"2022-09-09T18:05:22","date_gmt":"2022-09-09T16:05:22","guid":{"rendered":"https:\/\/osatech.ch\/shop\/prodotto\/eter-sensore-vento-temperatura"},"modified":"2024-08-25T18:22:05","modified_gmt":"2024-08-25T16:22:05","slug":"eter-sensore-vento-temperatura","status":"publish","type":"product","link":"https:\/\/osatech.ch\/shop\/index.php\/prodotto\/eter-sensore-vento-temperatura","title":{"rendered":"ETER Sensore  Vento\/Temperatura"},"content":{"rendered":"<p>ETER Sensore  Vento\/Temperatura  (con  5m  di  cavo)  che  regola automaticamente e dinamicamente la sensibilit\u00e0 in caso di forte vento e significativi cambi di temperatura.<br \/>\nCollegabile anche a pi\u00f9 unit\u00e0 in parallelo, nello stesso impianto (aggiungendo un apposito schedino di connessione su ogni unit\u00e0)<\/p>\n","protected":false},"excerpt":{"rendered":"<p>ETER Sensore Vento\/Temperatura (con 5m di cavo) che regola automaticamente e dinamicamente la sensibilit\u00e0 in caso di forte vento e significativi cambi di temperatura. Collegabile anche a pi\u00f9 unit\u00e0 in parallelo, nello stesso impianto (aggiungendo un apposito schedino di connessione su ogni unit\u00e0)<\/p>\n","protected":false},"featured_media":23227,"template":"","meta":[],"product_brand":[],"product_cat":[4047],"product_tag":[],"yst_prominent_words":[],"class_list":{"0":"post-24384","1":"product","2":"type-product","3":"status-publish","4":"has-post-thumbnail","6":"product_cat-allarmi-invisibili","8":"first","9":"instock","10":"taxable","11":"shipping-taxable","12":"purchasable","13":"product-type-simple"},"_links":{"self":[{"href":"https:\/\/osatech.ch\/shop\/index.php\/wp-json\/wp\/v2\/product\/24384","targetHints":{"allow":["GET"]}}],"collection":[{"href":"https:\/\/osatech.ch\/shop\/index.php\/wp-json\/wp\/v2\/product"}],"about":[{"href":"https:\/\/osatech.ch\/shop\/index.php\/wp-json\/wp\/v2\/types\/product"}],"wp:featuredmedia":[{"embeddable":true,"href":"https:\/\/osatech.ch\/shop\/index.php\/wp-json\/wp\/v2\/media\/23227"}],"wp:attachment":[{"href":"https:\/\/osatech.ch\/shop\/index.php\/wp-json\/wp\/v2\/media?parent=24384"}],"wp:term":[{"taxonomy":"product_brand","embeddable":true,"href":"https:\/\/osatech.ch\/shop\/index.php\/wp-json\/wp\/v2\/product_brand?post=24384"},{"taxonomy":"product_cat","embeddable":true,"href":"https:\/\/osatech.ch\/shop\/index.php\/wp-json\/wp\/v2\/product_cat?post=24384"},{"taxonomy":"product_tag","embeddable":true,"href":"https:\/\/osatech.ch\/shop\/index.php\/wp-json\/wp\/v2\/product_tag?post=24384"},{"taxonomy":"yst_prominent_words","embeddable":true,"href":"https:\/\/osatech.ch\/shop\/index.php\/wp-json\/wp\/v2\/yst_prominent_words?post=24384"}],"curies":[{"name":"wp","href":"https:\/\/api.w.org\/{rel}","templated":true}]}}