{"id":24342,"date":"2022-09-09T18:04:43","date_gmt":"2022-09-09T16:04:43","guid":{"rendered":"https:\/\/osatech.ch\/shop\/prodotto\/vithra-dispositivo-per-la-connessione-remota-dei-sistemi-vithra"},"modified":"2024-08-25T18:19:58","modified_gmt":"2024-08-25T16:19:58","slug":"vithra-dispositivo-per-la-connessione-remota-dei-sistemi-vithra","status":"publish","type":"product","link":"https:\/\/osatech.ch\/shop\/index.php\/prodotto\/vithra-dispositivo-per-la-connessione-remota-dei-sistemi-vithra","title":{"rendered":"Vithra Dispositivo per la connessione remota dei sistemi VITHRA"},"content":{"rendered":"<p>Vithra Dispositivo per la connessione remota dei sistemi VITHRA.<\/p>\n<p>&#8211; Consente il collegamento con centri di supervisione di terze parti<br \/>\n&#8211; Gestione remota per monitoraggio e programmazione modifiche apportate<br \/>\n&#8211; Il salvataggio per circa 60 giorni dei file di log generati da le unit\u00e0 di analisi VITHRA-U2<br \/>\n&#8211; La loro visione a distanza per una migliore analisi e interpretazione<br \/>\n&#8211; Ha una porta Ethernet<br \/>\n&#8211; Connettivit\u00e0 Wi-Fi per la connessione a Internet<br \/>\n&#8211; 2+ porte USB per il collegamento con l&#8217;analisi VITHRA-U2 unit\u00e0 tramite un convertitore VITHRA-485 (non incluso)<br \/>\n&#8211; 1 uscita video VGA e un servizio HDMI<br \/>\n&#8211; Il dispositivo \u00e8 gi\u00e0 completo di sistema operativo e software di connettivit\u00e0 gi\u00e0 attivato e configurato<br \/>\n&#8211; Alimentazione: 12VDC 2A (alimentatore incluso).<\/p>\n","protected":false},"excerpt":{"rendered":"<p>Vithra Dispositivo per la connessione remota dei sistemi VITHRA. &#8211; Consente il collegamento con centri di supervisione di terze parti &#8211; Gestione remota per monitoraggio e programmazione modifiche apportate &#8211; Il salvataggio per circa 60 giorni dei file di log generati da le unit\u00e0 di analisi VITHRA-U2 &#8211; La loro visione a distanza per una [&hellip;]<\/p>\n","protected":false},"featured_media":32350,"template":"","meta":[],"product_brand":[],"product_cat":[4047],"product_tag":[],"yst_prominent_words":[],"class_list":{"0":"post-24342","1":"product","2":"type-product","3":"status-publish","4":"has-post-thumbnail","6":"product_cat-allarmi-invisibili","8":"first","9":"instock","10":"taxable","11":"shipping-taxable","12":"purchasable","13":"product-type-simple"},"_links":{"self":[{"href":"https:\/\/osatech.ch\/shop\/index.php\/wp-json\/wp\/v2\/product\/24342","targetHints":{"allow":["GET"]}}],"collection":[{"href":"https:\/\/osatech.ch\/shop\/index.php\/wp-json\/wp\/v2\/product"}],"about":[{"href":"https:\/\/osatech.ch\/shop\/index.php\/wp-json\/wp\/v2\/types\/product"}],"wp:featuredmedia":[{"embeddable":true,"href":"https:\/\/osatech.ch\/shop\/index.php\/wp-json\/wp\/v2\/media\/32350"}],"wp:attachment":[{"href":"https:\/\/osatech.ch\/shop\/index.php\/wp-json\/wp\/v2\/media?parent=24342"}],"wp:term":[{"taxonomy":"product_brand","embeddable":true,"href":"https:\/\/osatech.ch\/shop\/index.php\/wp-json\/wp\/v2\/product_brand?post=24342"},{"taxonomy":"product_cat","embeddable":true,"href":"https:\/\/osatech.ch\/shop\/index.php\/wp-json\/wp\/v2\/product_cat?post=24342"},{"taxonomy":"product_tag","embeddable":true,"href":"https:\/\/osatech.ch\/shop\/index.php\/wp-json\/wp\/v2\/product_tag?post=24342"},{"taxonomy":"yst_prominent_words","embeddable":true,"href":"https:\/\/osatech.ch\/shop\/index.php\/wp-json\/wp\/v2\/yst_prominent_words?post=24342"}],"curies":[{"name":"wp","href":"https:\/\/api.w.org\/{rel}","templated":true}]}}