{"id":229897,"date":"2024-10-10T15:53:42","date_gmt":"2024-10-10T13:53:42","guid":{"rendered":"https:\/\/osatech.ch\/shop\/index.php\/prodotto\/videocitofono-classe-100-tecnologia-2-fili-vivavoce-con-teleloop-e-display-lcd-a-colori-da-5"},"modified":"2026-02-03T14:45:31","modified_gmt":"2026-02-03T13:45:31","slug":"videocitofono-classe-100-tecnologia-2-fili-vivavoce-con-teleloop-e-display-lcd-a-colori-da-5","status":"publish","type":"product","link":"https:\/\/osatech.ch\/shop\/index.php\/prodotto\/videocitofono-classe-100-tecnologia-2-fili-vivavoce-con-teleloop-e-display-lcd-a-colori-da-5","title":{"rendered":"Videocitofono Classe 100. Tecnologia 2 FILI vivavoce, con teleloop e display LCD a colori da 5\u201d"},"content":{"rendered":"<p>Videocitofono Classe 100. Tecnologia 2 FILI vivavoce, con teleloop e display LCD a colori da 5\u201d. Dispone di 2 tasti fisici per il comando delle principali funzioni videocitofoniche \u2013 risposta e chiusura della chiamata \u2013 \u00e8 dotato di 3 tasti a sfioramento per il comando delle principali funzioni \u2013 apertura della serratura, comando luci scale e attivazione del posto esterno\/ciclamento \u2013 pi\u00f9 ulteriori 4 tasti a sfioramento configurabili che assumono differenti funzionalit\u00e0 \u2013 es. intercom, attivazione serratura aggiuntiva, attivazioni generiche. Il videocitofono \u00e8 dotato di una levetta laterale per la regolazione di : colore, luminosit\u00e0 e contrasto display, volume fonica e volume tono di chiamata. \u00c8 presente un LED di segnalazione per l\u2019esclusione chiamata. L\u2019installazione pu\u00f2 essere fatta fuori muro con apposita staffa (fornita a corredo) o tramite supporti da tavolo accessori (2 x 344692) \u2013 da acquistare separatamente. Il dispositivo, dotato anche di funzione studio professionale, deve essere configurato.<\/p>\n<p>Caratteristiche tecniche<br \/>\nMarchio\tBTicino<br \/>\nAltezza\t165 mm<br \/>\nLarghezza\t164.5 mm<br \/>\nProfondit\u00e0\t20.5 mm<br \/>\nCollegamento\tSCS-BUS 2 FILI<br \/>\nTipo impianto\tSistema 2 fili<br \/>\nSerie IT\tCLASSE 100<\/p>\n","protected":false},"excerpt":{"rendered":"<p>Videocitofono Classe 100. Tecnologia 2 FILI vivavoce, con teleloop e display LCD a colori da 5\u201d. Dispone di 2 tasti fisici per il comando delle principali funzioni videocitofoniche \u2013 risposta e chiusura della chiamata \u2013 \u00e8 dotato di 3 tasti a sfioramento per il comando delle principali funzioni \u2013 apertura della serratura, comando luci scale [&hellip;]<\/p>\n","protected":false},"featured_media":17307,"template":"","meta":[],"product_brand":[],"product_cat":[3920,3828],"product_tag":[],"yst_prominent_words":[],"class_list":{"0":"post-229897","1":"product","2":"type-product","3":"status-publish","4":"has-post-thumbnail","6":"product_cat-bticino","7":"product_cat-videocitofonia","9":"first","10":"instock","11":"taxable","12":"shipping-taxable","13":"purchasable","14":"product-type-simple"},"_links":{"self":[{"href":"https:\/\/osatech.ch\/shop\/index.php\/wp-json\/wp\/v2\/product\/229897","targetHints":{"allow":["GET"]}}],"collection":[{"href":"https:\/\/osatech.ch\/shop\/index.php\/wp-json\/wp\/v2\/product"}],"about":[{"href":"https:\/\/osatech.ch\/shop\/index.php\/wp-json\/wp\/v2\/types\/product"}],"wp:featuredmedia":[{"embeddable":true,"href":"https:\/\/osatech.ch\/shop\/index.php\/wp-json\/wp\/v2\/media\/17307"}],"wp:attachment":[{"href":"https:\/\/osatech.ch\/shop\/index.php\/wp-json\/wp\/v2\/media?parent=229897"}],"wp:term":[{"taxonomy":"product_brand","embeddable":true,"href":"https:\/\/osatech.ch\/shop\/index.php\/wp-json\/wp\/v2\/product_brand?post=229897"},{"taxonomy":"product_cat","embeddable":true,"href":"https:\/\/osatech.ch\/shop\/index.php\/wp-json\/wp\/v2\/product_cat?post=229897"},{"taxonomy":"product_tag","embeddable":true,"href":"https:\/\/osatech.ch\/shop\/index.php\/wp-json\/wp\/v2\/product_tag?post=229897"},{"taxonomy":"yst_prominent_words","embeddable":true,"href":"https:\/\/osatech.ch\/shop\/index.php\/wp-json\/wp\/v2\/yst_prominent_words?post=229897"}],"curies":[{"name":"wp","href":"https:\/\/api.w.org\/{rel}","templated":true}]}}