{"id":229895,"date":"2024-10-10T15:53:40","date_gmt":"2024-10-10T13:53:40","guid":{"rendered":"https:\/\/osatech.ch\/shop\/index.php\/prodotto\/videocitofono-connesso-2-fili-wi-fi-vivavoce-con-teleloop-display-lcd-touch-screen-da-7-e-segreteria-videocitofonica"},"modified":"2025-03-14T15:55:02","modified_gmt":"2025-03-14T14:55:02","slug":"videocitofono-connesso-2-fili-wi-fi-vivavoce-con-teleloop-display-lcd-touch-screen-da-7-e-segreteria-videocitofonica","status":"publish","type":"product","link":"https:\/\/osatech.ch\/shop\/index.php\/prodotto\/videocitofono-connesso-2-fili-wi-fi-vivavoce-con-teleloop-display-lcd-touch-screen-da-7-e-segreteria-videocitofonica","title":{"rendered":"Videocitofono connesso 2 fili \/ Wi-Fi vivavoce con teleloop, display LCD Touch screen da 7\u201d e segreteria videocitofonica"},"content":{"rendered":"<p>Videocitofono connesso 2 fili \/ Wi-Fi vivavoce con teleloop, display LCD Touch screen da 7\u201d e segreteria videocitofonica \u2013 finitura chiara. E\u2019 dotato di tasti capacitivi per il comando delle principali funzioni videocitofoniche: apertura serratura, connessione vivavoce, attivazione del posto esterno \/ ciclamento telecamere e tasto preferiti (configurabile per attivare le azioni rapide che l\u2019utente utilizza pi\u00f9 frequentemente \u2013 es. comando luci scale, intercom, attivazioni aggiuntive). Guida tattile per accesso facilitato ai tasti capacitivi di comando serratura e connessione vivavoce. LED di segnalazione per : esclusione chiamata e presenza messaggi da centralino di portineria e note. Accesso a regolazioni e funzioni tramite display touch. Funzione NOTE \u2013 per la scrittura tramite tastiera o registrazione vocale di messaggi e\/o appunti per gli altri residenti dell\u2019appartamento (es. chiamare idraulico, fare la spesa ecc.). Possibilit\u00e0 di comunicazione vocale con centralino di portineria \u2013 se presente nell\u2019impianto \u2013 su specifica chiamata. Il dispositivo deve essere configurato tramite inserimento fisico dei configuratori oppure da men\u00f9 usufruendo di una maggiore possibilit\u00e0 di personalizzazione di funzioni e testi associati. Inoltre, grazie alla connessione Wi-Fi \u00e8 possibile associare il videocitofono all\u2019App Door Entry (disponibile per Android e iOS). Dall\u2019App \u00e8 possibile gestire le principali funzioni del videocitofono (ricezione chiamata, apertura serratura, gestione segreteria videocitofonica, attivazione del posto esterno \/ ciclamento telecamere e attivazioni aggiuntive). Aperto all&#8217;integrazione con dispositivi connessi di terze parti (es. Telecamere Intelligenti da esterno e da interno NETATMO). L&#8217;App \u00e8 dotata anche di Assistente Virtuale per la risoluzione rapida delle richieste di assistenza.<\/p>\n<p>Caratteristiche tecniche<br \/>\nMarchio\tBTicino<br \/>\nAltezza\t162mm<br \/>\nLarghezza\t194mm<br \/>\nProfondit\u00e0\t22mm<br \/>\nSerie IT\tClasse 300EOS<\/p>\n","protected":false},"excerpt":{"rendered":"<p>Videocitofono connesso 2 fili \/ Wi-Fi vivavoce con teleloop, display LCD Touch screen da 7\u201d e segreteria videocitofonica \u2013 finitura chiara. E\u2019 dotato di tasti capacitivi per il comando delle principali funzioni videocitofoniche: apertura serratura, connessione vivavoce, attivazione del posto esterno \/ ciclamento telecamere e tasto preferiti (configurabile per attivare le azioni rapide che l\u2019utente [&hellip;]<\/p>\n","protected":false},"featured_media":17305,"template":"","meta":[],"product_brand":[],"product_cat":[3920,3828],"product_tag":[],"yst_prominent_words":[],"class_list":{"0":"post-229895","1":"product","2":"type-product","3":"status-publish","4":"has-post-thumbnail","6":"product_cat-bticino","7":"product_cat-videocitofonia","9":"first","10":"instock","11":"taxable","12":"shipping-taxable","13":"purchasable","14":"product-type-simple"},"_links":{"self":[{"href":"https:\/\/osatech.ch\/shop\/index.php\/wp-json\/wp\/v2\/product\/229895","targetHints":{"allow":["GET"]}}],"collection":[{"href":"https:\/\/osatech.ch\/shop\/index.php\/wp-json\/wp\/v2\/product"}],"about":[{"href":"https:\/\/osatech.ch\/shop\/index.php\/wp-json\/wp\/v2\/types\/product"}],"wp:featuredmedia":[{"embeddable":true,"href":"https:\/\/osatech.ch\/shop\/index.php\/wp-json\/wp\/v2\/media\/17305"}],"wp:attachment":[{"href":"https:\/\/osatech.ch\/shop\/index.php\/wp-json\/wp\/v2\/media?parent=229895"}],"wp:term":[{"taxonomy":"product_brand","embeddable":true,"href":"https:\/\/osatech.ch\/shop\/index.php\/wp-json\/wp\/v2\/product_brand?post=229895"},{"taxonomy":"product_cat","embeddable":true,"href":"https:\/\/osatech.ch\/shop\/index.php\/wp-json\/wp\/v2\/product_cat?post=229895"},{"taxonomy":"product_tag","embeddable":true,"href":"https:\/\/osatech.ch\/shop\/index.php\/wp-json\/wp\/v2\/product_tag?post=229895"},{"taxonomy":"yst_prominent_words","embeddable":true,"href":"https:\/\/osatech.ch\/shop\/index.php\/wp-json\/wp\/v2\/yst_prominent_words?post=229895"}],"curies":[{"name":"wp","href":"https:\/\/api.w.org\/{rel}","templated":true}]}}