{"id":228066,"date":"2024-10-10T10:57:35","date_gmt":"2024-10-10T08:57:35","guid":{"rendered":"https:\/\/osatech.ch\/shop\/index.php\/prodotto\/faac-automazione-s2500i-attuatore-elettromeccanico-24v-larghezza-max-singola-anta-2-25-m-con-elettroserratura"},"modified":"2024-10-31T15:19:38","modified_gmt":"2024-10-31T14:19:38","slug":"faac-automazione-s2500i-attuatore-elettromeccanico-24v-larghezza-max-singola-anta-2-25-m-con-elettroserratura","status":"publish","type":"product","link":"https:\/\/osatech.ch\/shop\/index.php\/prodotto\/faac-automazione-s2500i-attuatore-elettromeccanico-24v-larghezza-max-singola-anta-2-25-m-con-elettroserratura","title":{"rendered":"Faac Automazione S2500I Attuatore elettromeccanico 24V Larghezza max singola anta  2 \u2013 2,5 m (con elettroserratura)"},"content":{"rendered":"<p>Design moderno ed esclusivo adattabile ad ogni contesto architettonico<br \/>\nLampeggiante integrato perfettamente visibile dall\u2019interno e dall\u2019esterno della propriet\u00e0<br \/>\nBattute meccaniche integrate regolabili per definire i punti di arresto a fine corsa in apertura e in chiusura (opzionali)<\/p>\n<p>S2500I comprende:  un attuatore elettromeccanico, fissaggi attuatore-cerniera, una confezione di grasso ed una chiave di sblocco.<\/p>\n<p>Cerniera S2500I comprende: una cerniera superiore composta da piastra, ingranaggio, fissaggi al pilasto, giunto e boccola di collegamento all\u2019anta, 2 lampeggiatori led integrati e serratura di sblocco.<\/p>\n<p>Tensione di alimentazione di rete 220-240V~ 50\/60 Hz<br \/>\nMotore elettrico Con spazzole 24V<br \/>\nPotenza max 40W<br \/>\nCoppia max 320Nm<br \/>\nVelocit\u00e0 angolare max 10\u00b0\/s<br \/>\nPeso max anta 250 Kg<br \/>\nAngolo max apertura anta 165\u00b0<br \/>\nTemperatura ambiente di esercizio -20\u00b0C \u00f7 + 55\u00b0C<br \/>\nGrado di protezione IP X4<br \/>\nPeso 7,9 Kg (attuatore) \u2013 3,3 Kg (cerniera) \u2013 1,8 Kg (cover)<br \/>\nDimensioni (LxPxH) 340 x 160 x 150 mm<br \/>\nApparecchiatura elettronica non compresa<br \/>\nArresti meccanici integrati in apertura e chiusura opzionali<br \/>\nTempo di utilizzo continuo (ROT) Continuo a 55\u00b0C<br \/>\nEncoder Assoluto Magnetico BUS<br \/>\nLarghezza max anta 2 m (2,5m con elettroserratura)<br \/>\nDimensione del pilastro a sezione quadrata 100\u00d7100, 120\u00d7120, 150\u00d7150 mm<\/p>\n","protected":false},"excerpt":{"rendered":"<p>Design moderno ed esclusivo adattabile ad ogni contesto architettonico Lampeggiante integrato perfettamente visibile dall\u2019interno e dall\u2019esterno della propriet\u00e0 Battute meccaniche integrate regolabili per definire i punti di arresto a fine corsa in apertura e in chiusura (opzionali) S2500I comprende: un attuatore elettromeccanico, fissaggi attuatore-cerniera, una confezione di grasso ed una chiave di sblocco. Cerniera S2500I [&hellip;]<\/p>\n","protected":false},"featured_media":228065,"template":"","meta":[],"product_brand":[],"product_cat":[4303,3963],"product_tag":[],"yst_prominent_words":[],"class_list":{"0":"post-228066","1":"product","2":"type-product","3":"status-publish","4":"has-post-thumbnail","6":"product_cat-cancelli-faac","7":"product_cat-cancelli-residenziali-e-aziendali","9":"first","10":"instock","11":"taxable","12":"shipping-taxable","13":"purchasable","14":"product-type-simple"},"_links":{"self":[{"href":"https:\/\/osatech.ch\/shop\/index.php\/wp-json\/wp\/v2\/product\/228066","targetHints":{"allow":["GET"]}}],"collection":[{"href":"https:\/\/osatech.ch\/shop\/index.php\/wp-json\/wp\/v2\/product"}],"about":[{"href":"https:\/\/osatech.ch\/shop\/index.php\/wp-json\/wp\/v2\/types\/product"}],"wp:featuredmedia":[{"embeddable":true,"href":"https:\/\/osatech.ch\/shop\/index.php\/wp-json\/wp\/v2\/media\/228065"}],"wp:attachment":[{"href":"https:\/\/osatech.ch\/shop\/index.php\/wp-json\/wp\/v2\/media?parent=228066"}],"wp:term":[{"taxonomy":"product_brand","embeddable":true,"href":"https:\/\/osatech.ch\/shop\/index.php\/wp-json\/wp\/v2\/product_brand?post=228066"},{"taxonomy":"product_cat","embeddable":true,"href":"https:\/\/osatech.ch\/shop\/index.php\/wp-json\/wp\/v2\/product_cat?post=228066"},{"taxonomy":"product_tag","embeddable":true,"href":"https:\/\/osatech.ch\/shop\/index.php\/wp-json\/wp\/v2\/product_tag?post=228066"},{"taxonomy":"yst_prominent_words","embeddable":true,"href":"https:\/\/osatech.ch\/shop\/index.php\/wp-json\/wp\/v2\/yst_prominent_words?post=228066"}],"curies":[{"name":"wp","href":"https:\/\/api.w.org\/{rel}","templated":true}]}}