{"id":22654,"date":"2022-05-19T15:53:13","date_gmt":"2022-05-19T13:53:13","guid":{"rendered":"https:\/\/osatech.ch\/shop\/?post_type=product&#038;p=22654"},"modified":"2023-09-04T14:47:57","modified_gmt":"2023-09-04T12:47:57","slug":"impianto-allarme-ajax","status":"publish","type":"product","link":"https:\/\/osatech.ch\/shop\/index.php\/prodotto\/impianto-allarme-ajax","title":{"rendered":"Impianto Allarme Ajax"},"content":{"rendered":"<p><img fetchpriority=\"high\" decoding=\"async\" class=\"size-medium wp-image-7852 alignright\" title=\"ajax\" src=\"https:\/\/osatech.ch\/shop\/wp-content\/uploads\/2020\/04\/ajax-300x266.png\" alt=\"ajax\" width=\"300\" height=\"266\" srcset=\"https:\/\/osatech.ch\/shop\/wp-content\/uploads\/2020\/04\/ajax-300x266.png 300w, https:\/\/osatech.ch\/shop\/wp-content\/uploads\/2020\/04\/ajax.png 435w\" sizes=\"(max-width: 300px) 100vw, 300px\" \/><\/p>\n<p>Osatech offre il mix perfetto di design, tecnologia e professionalit\u00e0 per fornire una soluzione di sicurezza completa per la vostra casa o ufficio. Siamo un\u2019azienda innovativa specializzata in tecnologie di sicurezza, che offre soluzioni progettate per superare le aspettative dei nostri clienti.<\/p>\n<p>Con il libero transito delle persone dai confini ed un mercato economico sempre pi\u00f9 in difficolt\u00e0, la percentuale dei furti \u00e9 in continuo aumento.<\/p>\n<p>Per questo motivo Osatech negli anni ha continuato ad ampliare il settore sicurezza installando prodotti di grande affidabilit\u00e0 senza trascurare l\u2019aspetto esteriore dei prodotti.<\/p>\n<p>Per poter soddisfare le numerose richieste dei clienti che vogliono proteggere loro stessi ed i loro beni, l\u2019azienda ha investito sulla formazione continua dei propri tecnici sui brand pi\u00f9 venduti a livello mondiale e selezionato per la vendita prodotti testati e longevi.<\/p>\n<p>Proteggere i vostri cari \u00e9 la nostra missione<\/p>\n<p>Scegliere un sistema di sicurezza che garantisca la massima sicurezza, interna o esterna, con o senza fili oppure in soluzione ibrida, che soddisfi anche il lato estetico dei propri ambienti, ma sopratutto che non muti le abitudini quotidiane, \u00e9 un compito per noi molto importante.<\/p>\n<p>Per questo motivo le soluzioni da noi scelte, installate e mantenute negli anni garantiscono soddisfazione e longevit\u00e0 degli impianti e sopratutto serenit\u00e0 nelle persone.<\/p>\n<p>Sopralluoghi e preventivi<br \/>\nGratuiti. Contattateci per maggiori informazioni.<\/p>\n","protected":false},"excerpt":{"rendered":"<p>Osatech offre il mix perfetto di design, tecnologia e professionalit\u00e0 per fornire una soluzione di sicurezza completa per la vostra casa o ufficio. Siamo un\u2019azienda innovativa specializzata in tecnologie di sicurezza, che offre soluzioni progettate per superare le aspettative dei nostri clienti. Con il libero transito delle persone dai confini ed un mercato economico sempre [&hellip;]<\/p>\n","protected":false},"featured_media":7852,"template":"","meta":[],"product_brand":[],"product_cat":[4130],"product_tag":[],"yst_prominent_words":[49,302,481,48,51,303,73,444,207,304],"class_list":{"0":"post-22654","1":"product","2":"type-product","3":"status-publish","4":"has-post-thumbnail","6":"product_cat-configuratore-impianti","8":"first","9":"instock","10":"taxable","11":"shipping-taxable","12":"purchasable","13":"product-type-composite"},"_links":{"self":[{"href":"https:\/\/osatech.ch\/shop\/index.php\/wp-json\/wp\/v2\/product\/22654","targetHints":{"allow":["GET"]}}],"collection":[{"href":"https:\/\/osatech.ch\/shop\/index.php\/wp-json\/wp\/v2\/product"}],"about":[{"href":"https:\/\/osatech.ch\/shop\/index.php\/wp-json\/wp\/v2\/types\/product"}],"wp:featuredmedia":[{"embeddable":true,"href":"https:\/\/osatech.ch\/shop\/index.php\/wp-json\/wp\/v2\/media\/7852"}],"wp:attachment":[{"href":"https:\/\/osatech.ch\/shop\/index.php\/wp-json\/wp\/v2\/media?parent=22654"}],"wp:term":[{"taxonomy":"product_brand","embeddable":true,"href":"https:\/\/osatech.ch\/shop\/index.php\/wp-json\/wp\/v2\/product_brand?post=22654"},{"taxonomy":"product_cat","embeddable":true,"href":"https:\/\/osatech.ch\/shop\/index.php\/wp-json\/wp\/v2\/product_cat?post=22654"},{"taxonomy":"product_tag","embeddable":true,"href":"https:\/\/osatech.ch\/shop\/index.php\/wp-json\/wp\/v2\/product_tag?post=22654"},{"taxonomy":"yst_prominent_words","embeddable":true,"href":"https:\/\/osatech.ch\/shop\/index.php\/wp-json\/wp\/v2\/yst_prominent_words?post=22654"}],"curies":[{"name":"wp","href":"https:\/\/api.w.org\/{rel}","templated":true}]}}