{"id":22647,"date":"2022-05-19T14:07:06","date_gmt":"2022-05-19T12:07:06","guid":{"rendered":"https:\/\/osatech.ch\/shop\/prodotto\/jablotron-sirena-esterna-via-radio-completa-di-batteria"},"modified":"2026-02-23T17:33:30","modified_gmt":"2026-02-23T16:33:30","slug":"jablotron-sirena-esterna-via-radio-completa-di-batteria","status":"publish","type":"product","link":"https:\/\/osatech.ch\/shop\/index.php\/prodotto\/jablotron-sirena-esterna-via-radio-completa-di-batteria","title":{"rendered":"Jablotron Sirena Esterna Via Radio completa di batteria"},"content":{"rendered":"<p>JA-163A RB Sirena via radio completa di batteria, senza cavo, per esterni<br \/>\nLa sirena \u00e8 alimentata da batteria al litio, senza la minima necessit\u00e0 di fonti di alimentazione esterne. La sirena \u00e8 composta da una base JA-163A-BASE-RB con componenti elettronici, una batteria litio BAT-100A e un coperchio superiore della serie JA-1X1A-C-xx. I coperchi sono forniti in diverse versioni cromatiche e design. Occupa una posizione nel sistema.<\/p>\n<p>I componenti del prodotto JA-163A RB (base, coperchio superiore e batteria) sono forniti separatamente. La fornitura di questi componenti avviene separatamente per favorire una libera selezione da un&#8217;ampia gamma di coperchi superiori e per facilitare le condizioni di trasporto della batteria.<br \/>\nSpecificazioni<br \/>\nAlimentazione\tBatteria litio 3,6 V \/ 13 Ah Tipo BAT-100A<br \/>\n(possibilit\u00e0 di montare fino a 2 pezzi)<br \/>\nVita utile tipica della batteria\tcirca 5 anni (con impostazioni predefinite)<br \/>\nFrequenza operativa\t868,1 MHz, protocollo JABLOTRON<br \/>\nRange di comunicazione\tcirca 300 m (in spazio aperto)<br \/>\nAntenna\tinternamente (\u00e8 possibile connettere un&#8217;antenna esterna AN-868)<br \/>\nSirena piezoelettrica\t110 dB\/m (valore con una nuova batteria)<br \/>\nDimensioni\t200 x 300 x 70 mm (con protezioni)<br \/>\nClassificazione secondo\tEN 50131-1, EN 50131-4, classe 2<br \/>\nAmbiente ai sensi di\tEN 50131-1, IV. Generale, esterno<br \/>\nRange temperature d&#8217;esercizio\tda -25 \u00b0C a +60 \u00b0C<br \/>\nClasse protezione ingresso\tIP44<br \/>\nin conformit\u00e0 con\tETSI EN 300220, EN 50130-4, EN 55022, EN 60950-1<br \/>\nCondizioni operative\tERC REC 70-03<\/p>\n","protected":false},"excerpt":{"rendered":"<p>JA-163A RB Sirena via radio completa di batteria, senza cavo, per esterni La sirena \u00e8 alimentata da batteria al litio, senza la minima necessit\u00e0 di fonti di alimentazione esterne. La sirena \u00e8 composta da una base JA-163A-BASE-RB con componenti elettronici, una batteria litio BAT-100A e un coperchio superiore della serie JA-1X1A-C-xx. I coperchi sono forniti [&hellip;]<\/p>\n","protected":false},"featured_media":22658,"template":"","meta":[],"product_brand":[],"product_cat":[3999,4106],"product_tag":[],"yst_prominent_words":[],"class_list":{"0":"post-22647","1":"product","2":"type-product","3":"status-publish","4":"has-post-thumbnail","6":"product_cat-allarmi-casa-e-ufficio-jablotron","7":"product_cat-sirene-jablotron-allarmi-casa-e-ufficio-jablotron","9":"first","10":"instock","11":"taxable","12":"shipping-taxable","13":"purchasable","14":"product-type-simple"},"_links":{"self":[{"href":"https:\/\/osatech.ch\/shop\/index.php\/wp-json\/wp\/v2\/product\/22647","targetHints":{"allow":["GET"]}}],"collection":[{"href":"https:\/\/osatech.ch\/shop\/index.php\/wp-json\/wp\/v2\/product"}],"about":[{"href":"https:\/\/osatech.ch\/shop\/index.php\/wp-json\/wp\/v2\/types\/product"}],"wp:featuredmedia":[{"embeddable":true,"href":"https:\/\/osatech.ch\/shop\/index.php\/wp-json\/wp\/v2\/media\/22658"}],"wp:attachment":[{"href":"https:\/\/osatech.ch\/shop\/index.php\/wp-json\/wp\/v2\/media?parent=22647"}],"wp:term":[{"taxonomy":"product_brand","embeddable":true,"href":"https:\/\/osatech.ch\/shop\/index.php\/wp-json\/wp\/v2\/product_brand?post=22647"},{"taxonomy":"product_cat","embeddable":true,"href":"https:\/\/osatech.ch\/shop\/index.php\/wp-json\/wp\/v2\/product_cat?post=22647"},{"taxonomy":"product_tag","embeddable":true,"href":"https:\/\/osatech.ch\/shop\/index.php\/wp-json\/wp\/v2\/product_tag?post=22647"},{"taxonomy":"yst_prominent_words","embeddable":true,"href":"https:\/\/osatech.ch\/shop\/index.php\/wp-json\/wp\/v2\/yst_prominent_words?post=22647"}],"curies":[{"name":"wp","href":"https:\/\/api.w.org\/{rel}","templated":true}]}}