{"id":22588,"date":"2022-05-18T13:22:04","date_gmt":"2022-05-18T11:22:04","guid":{"rendered":"https:\/\/osatech.ch\/shop\/?post_type=product&#038;p=22588"},"modified":"2022-05-30T10:54:11","modified_gmt":"2022-05-30T08:54:11","slug":"impianto-allarme-jablotron","status":"publish","type":"product","link":"https:\/\/osatech.ch\/shop\/index.php\/prodotto\/impianto-allarme-jablotron","title":{"rendered":"Impianto Allarme Jablotron"},"content":{"rendered":"<p><img fetchpriority=\"high\" decoding=\"async\" class=\"size-medium wp-image-3158 alignright\" title=\"Logo-Jablotron\" src=\"https:\/\/osatech.ch\/shop\/wp-content\/uploads\/2019\/10\/Logo-Jablotron-2017-300x300.png\" alt=\"logo jablotron\" width=\"300\" height=\"300\" srcset=\"https:\/\/osatech.ch\/shop\/wp-content\/uploads\/2019\/10\/Logo-Jablotron-2017-300x300.png 300w, https:\/\/osatech.ch\/shop\/wp-content\/uploads\/2019\/10\/Logo-Jablotron-2017-150x150.png 150w, https:\/\/osatech.ch\/shop\/wp-content\/uploads\/2019\/10\/Logo-Jablotron-2017-768x768.png 768w, https:\/\/osatech.ch\/shop\/wp-content\/uploads\/2019\/10\/Logo-Jablotron-2017-600x600.png 600w, https:\/\/osatech.ch\/shop\/wp-content\/uploads\/2019\/10\/Logo-Jablotron-2017-100x100.png 100w, https:\/\/osatech.ch\/shop\/wp-content\/uploads\/2019\/10\/Logo-Jablotron-2017.png 960w\" sizes=\"(max-width: 300px) 100vw, 300px\" \/><\/p>\n<p>L&#8217;impianto Jablotron \u00e8 il prodotto pi\u00f9 apprezzato dai clienti. Oltre all&#8217;altissima affidabilit\u00e0, che garantisce 5 anni di garanzia, il modo di utilizzo \u00e8 semplicissimo. Impianto proposto in soluzione totalmente wifi, oppure filare, oppure anche ibrida. L&#8217;applicazione gratuita installabile sia su Iphone che dispositivi Android \u00e9 perfetta per ogni occasione.<br \/>\nOsatech offre il mix perfetto di design, tecnologia e professionalit\u00e0 per fornire una soluzione di sicurezza completa per la vostra casa o ufficio. Siamo un\u2019azienda innovativa specializzata in tecnologie di sicurezza, che offre soluzioni progettate per superare le aspettative dei nostri clienti.<\/p>\n<p>Con il libero transito delle persone dai confini ed un mercato economico sempre pi\u00f9 in difficolt\u00e0, la percentuale dei furti \u00e9 in continuo aumento.<br \/>\nPer questo motivo Osatech negli anni ha continuato ad ampliare il settore sicurezza installando prodotti di grande affidabilit\u00e0 senza trascurare l\u2019aspetto esteriore dei prodotti.<br \/>\nPer poter soddisfare le numerose richieste dei clienti che vogliono proteggere loro stessi ed i loro beni, l\u2019azienda ha investito sulla formazione continua dei propri tecnici sui brand pi\u00f9 venduti a livello mondiale e selezionato per la vendita prodotti testati e longevi.<br \/>\nProteggere i vostri cari \u00e9 la nostra missione.<\/p>\n<p>Scegliere un sistema di sicurezza che garantisca la massima sicurezza, interna o esterna, con o senza fili oppure in soluzione ibrida, che soddisfi anche il lato estetico dei propri ambienti, ma sopratutto che non muti le abitudini quotidiane, \u00e9 un compito per noi molto importante.<br \/>\nPer questo motivo le soluzioni da noi scelte, installate e mantenute negli anni garantiscono soddisfazione e longevit\u00e0 degli impianti e sopratutto serenit\u00e0 nelle persone.<\/p>\n<p>Sopralluoghi e preventivi<br \/>\nGratuiti. Contattateci per maggiori informazioni.<\/p>\n","protected":false},"excerpt":{"rendered":"<p>L&#8217;impianto Jablotron \u00e8 il prodotto pi\u00f9 apprezzato dai clienti. Oltre all&#8217;altissima affidabilit\u00e0, che garantisce 5 anni di garanzia, il modo di utilizzo \u00e8 semplicissimo. Impianto proposto in soluzione totalmente wifi, oppure filare, oppure anche ibrida. L&#8217;applicazione gratuita installabile sia su Iphone che dispositivi Android \u00e9 perfetta per ogni occasione. Osatech offre il mix perfetto di [&hellip;]<\/p>\n","protected":false},"featured_media":3158,"template":"","meta":[],"product_brand":[],"product_cat":[4130],"product_tag":[],"yst_prominent_words":[49,302,481,48,51,303,73,444,207,304],"class_list":{"0":"post-22588","1":"product","2":"type-product","3":"status-publish","4":"has-post-thumbnail","6":"product_cat-configuratore-impianti","8":"first","9":"instock","10":"taxable","11":"shipping-taxable","12":"purchasable","13":"product-type-composite"},"_links":{"self":[{"href":"https:\/\/osatech.ch\/shop\/index.php\/wp-json\/wp\/v2\/product\/22588","targetHints":{"allow":["GET"]}}],"collection":[{"href":"https:\/\/osatech.ch\/shop\/index.php\/wp-json\/wp\/v2\/product"}],"about":[{"href":"https:\/\/osatech.ch\/shop\/index.php\/wp-json\/wp\/v2\/types\/product"}],"wp:featuredmedia":[{"embeddable":true,"href":"https:\/\/osatech.ch\/shop\/index.php\/wp-json\/wp\/v2\/media\/3158"}],"wp:attachment":[{"href":"https:\/\/osatech.ch\/shop\/index.php\/wp-json\/wp\/v2\/media?parent=22588"}],"wp:term":[{"taxonomy":"product_brand","embeddable":true,"href":"https:\/\/osatech.ch\/shop\/index.php\/wp-json\/wp\/v2\/product_brand?post=22588"},{"taxonomy":"product_cat","embeddable":true,"href":"https:\/\/osatech.ch\/shop\/index.php\/wp-json\/wp\/v2\/product_cat?post=22588"},{"taxonomy":"product_tag","embeddable":true,"href":"https:\/\/osatech.ch\/shop\/index.php\/wp-json\/wp\/v2\/product_tag?post=22588"},{"taxonomy":"yst_prominent_words","embeddable":true,"href":"https:\/\/osatech.ch\/shop\/index.php\/wp-json\/wp\/v2\/yst_prominent_words?post=22588"}],"curies":[{"name":"wp","href":"https:\/\/api.w.org\/{rel}","templated":true}]}}