{"id":22234,"date":"2022-04-27T16:23:10","date_gmt":"2022-04-27T14:23:10","guid":{"rendered":"https:\/\/osatech.ch\/shop\/prodotto\/totem-da-interno-monofacciale-multimediale-domina-l-32"},"modified":"2024-08-28T14:37:47","modified_gmt":"2024-08-28T12:37:47","slug":"totem-da-interno-monofacciale-multimediale-domina-l-32","status":"publish","type":"product","link":"https:\/\/osatech.ch\/shop\/index.php\/prodotto\/totem-da-interno-monofacciale-multimediale-domina-l-32","title":{"rendered":"Totem da interno Monofacciale Multimediale Domina L 32&#8243;"},"content":{"rendered":"<p>Offri contenuti personalizzati con una soluzione moderna e attraente:<br \/>\nPerfetto per trasmettere contenuti multimediali promozionali e informativi su misura, capaci di catturare l&#8217;attenzione del pubblico e migliorare l&#8217;esperienza d&#8217;acquisto, il totem Domina L V2 si distingue per la sua elegante struttura minimalista in metacrilato e ferro verniciato nero, che esalta il design contemporaneo. Equipaggiato con un monitor LED Samsung, questo totem \u00e8 estremamente versatile, adattandosi facilmente a diverse esigenze di spazio e immagine. Con una profondit\u00e0 di soli 6 cm, la struttura trasparente e leggera si integra perfettamente in una variet\u00e0 di ambienti, dai showroom glamour ai temporary shop, oltre a ristoranti, spazi espositivi e ambienti aziendali di prestigio.<\/p>\n<p>Pollici: 32&#8243; Samsung<br \/>\nRisoluzione :1920 x 1080 (16:9)<br \/>\nLuminosit\u00e0\/Candelaggio: 400 nit<br \/>\nIngombro: 76 x 199 x 7 cm (base esclusa)<br \/>\nPlayer Integrato: Samsung MagicInfo<br \/>\nConsegnato montato: Si<br \/>\nTouch screen: No<br \/>\nPeso: 78 Kg<\/p>\n<p>Dalla seguente offerta sono esclusi:<br \/>\n-&gt; Personalizzazione grafica esterno totem<br \/>\n-&gt; Ruote<br \/>\n-&gt; Player di riproduzione<br \/>\n-&gt; Tutti gli accessori non descritti nell&#8217;offerta <\/p>\n","protected":false},"excerpt":{"rendered":"<p>Offri contenuti personalizzati con una soluzione moderna e attraente: Perfetto per trasmettere contenuti multimediali promozionali e informativi su misura, capaci di catturare l&#8217;attenzione del pubblico e migliorare l&#8217;esperienza d&#8217;acquisto, il totem Domina L V2 si distingue per la sua elegante struttura minimalista in metacrilato e ferro verniciato nero, che esalta il design contemporaneo. Equipaggiato con [&hellip;]<\/p>\n","protected":false},"featured_media":22255,"template":"","meta":[],"product_brand":[],"product_cat":[3955,4128],"product_tag":[],"yst_prominent_words":[],"class_list":{"0":"post-22234","1":"product","2":"type-product","3":"status-publish","4":"has-post-thumbnail","6":"product_cat-totem","7":"product_cat-totem-da-interno","9":"first","10":"instock","11":"taxable","12":"shipping-taxable","13":"purchasable","14":"product-type-simple"},"_links":{"self":[{"href":"https:\/\/osatech.ch\/shop\/index.php\/wp-json\/wp\/v2\/product\/22234","targetHints":{"allow":["GET"]}}],"collection":[{"href":"https:\/\/osatech.ch\/shop\/index.php\/wp-json\/wp\/v2\/product"}],"about":[{"href":"https:\/\/osatech.ch\/shop\/index.php\/wp-json\/wp\/v2\/types\/product"}],"wp:featuredmedia":[{"embeddable":true,"href":"https:\/\/osatech.ch\/shop\/index.php\/wp-json\/wp\/v2\/media\/22255"}],"wp:attachment":[{"href":"https:\/\/osatech.ch\/shop\/index.php\/wp-json\/wp\/v2\/media?parent=22234"}],"wp:term":[{"taxonomy":"product_brand","embeddable":true,"href":"https:\/\/osatech.ch\/shop\/index.php\/wp-json\/wp\/v2\/product_brand?post=22234"},{"taxonomy":"product_cat","embeddable":true,"href":"https:\/\/osatech.ch\/shop\/index.php\/wp-json\/wp\/v2\/product_cat?post=22234"},{"taxonomy":"product_tag","embeddable":true,"href":"https:\/\/osatech.ch\/shop\/index.php\/wp-json\/wp\/v2\/product_tag?post=22234"},{"taxonomy":"yst_prominent_words","embeddable":true,"href":"https:\/\/osatech.ch\/shop\/index.php\/wp-json\/wp\/v2\/yst_prominent_words?post=22234"}],"curies":[{"name":"wp","href":"https:\/\/api.w.org\/{rel}","templated":true}]}}