{"id":199050,"date":"2024-09-18T10:19:21","date_gmt":"2024-09-18T08:19:21","guid":{"rendered":"https:\/\/osatech.ch\/shop\/index.php\/prodotto\/telecamera-di-rete-a-torretta-fissa-acusense-da-8-mp-2"},"modified":"2026-02-20T09:23:30","modified_gmt":"2026-02-20T08:23:30","slug":"telecamera-di-rete-a-torretta-fissa-acusense-da-8-mp-2","status":"publish","type":"product","link":"https:\/\/osatech.ch\/shop\/index.php\/prodotto\/telecamera-di-rete-a-torretta-fissa-acusense-da-8-mp-2","title":{"rendered":"Telecamera IP Turret 8 MP, obiettivo fisso 2,8 mm, AcuSense, Hybrid Light"},"content":{"rendered":"<p>Colore della cassa: Bianco<br \/>\nProgetto: Torretta<br \/>\nMateriale e peso: metallo, circa 825 g<br \/>\nDimensioni: \u00d8138,3 mm \u00d7 115,4 mm<br \/>\nRisoluzione: 8 MP, 3840 \u00d7 2160<br \/>\nObiettivo e lunghezza focale: obiettivo fisso \/ 2,8 mm<br \/>\nIlluminazione minima: Colore 0,0005 lux, modalit\u00e0 IR 0 lux<br \/>\nIlluminazione: IR, luce ibrida, flash<br \/>\nPortata IR: fino a 40 m<br \/>\nCaratteristiche: Darkfighter, AcuSense, Hybrid Light<br \/>\nFunzionalit\u00e0 AI: riconoscimento di persone, veicoli e volti, protezione perimetrale<br \/>\nAudio: Con microfono e altoparlante<br \/>\nAllarme: Ingressi\/Uscite 1\/1<br \/>\nAlimentazione: PoE, 12 VDC, max. 15,5 W<br \/>\nTemperatura di esercizio: da -30 \u00b0C a 60 \u00b0C<br \/>\nScheda SD: S\u00ec, fino a un massimo di 512 GB<br \/>\nConnessione: IP, HEOP, ONVIF, RTSP<br \/>\nClasse di protezione: IP67, protezione dalla corrosione<\/p>\n","protected":false},"excerpt":{"rendered":"<p>Colore della cassa: Bianco Progetto: Torretta Materiale e peso: metallo, circa 825 g Dimensioni: \u00d8138,3 mm \u00d7 115,4 mm Risoluzione: 8 MP, 3840 \u00d7 2160 Obiettivo e lunghezza focale: obiettivo fisso \/ 2,8 mm Illuminazione minima: Colore 0,0005 lux, modalit\u00e0 IR 0 lux Illuminazione: IR, luce ibrida, flash Portata IR: fino a 40 m Caratteristiche: [&hellip;]<\/p>\n","protected":false},"featured_media":199049,"template":"","meta":[],"product_brand":[],"product_cat":[4118,4023],"product_tag":[],"yst_prominent_words":[],"class_list":{"0":"post-199050","1":"product","2":"type-product","3":"status-publish","4":"has-post-thumbnail","6":"product_cat-bullet-dome-hikvision","7":"product_cat-telecamere-hikvision","9":"first","10":"instock","11":"taxable","12":"shipping-taxable","13":"purchasable","14":"product-type-simple"},"_links":{"self":[{"href":"https:\/\/osatech.ch\/shop\/index.php\/wp-json\/wp\/v2\/product\/199050","targetHints":{"allow":["GET"]}}],"collection":[{"href":"https:\/\/osatech.ch\/shop\/index.php\/wp-json\/wp\/v2\/product"}],"about":[{"href":"https:\/\/osatech.ch\/shop\/index.php\/wp-json\/wp\/v2\/types\/product"}],"wp:featuredmedia":[{"embeddable":true,"href":"https:\/\/osatech.ch\/shop\/index.php\/wp-json\/wp\/v2\/media\/199049"}],"wp:attachment":[{"href":"https:\/\/osatech.ch\/shop\/index.php\/wp-json\/wp\/v2\/media?parent=199050"}],"wp:term":[{"taxonomy":"product_brand","embeddable":true,"href":"https:\/\/osatech.ch\/shop\/index.php\/wp-json\/wp\/v2\/product_brand?post=199050"},{"taxonomy":"product_cat","embeddable":true,"href":"https:\/\/osatech.ch\/shop\/index.php\/wp-json\/wp\/v2\/product_cat?post=199050"},{"taxonomy":"product_tag","embeddable":true,"href":"https:\/\/osatech.ch\/shop\/index.php\/wp-json\/wp\/v2\/product_tag?post=199050"},{"taxonomy":"yst_prominent_words","embeddable":true,"href":"https:\/\/osatech.ch\/shop\/index.php\/wp-json\/wp\/v2\/yst_prominent_words?post=199050"}],"curies":[{"name":"wp","href":"https:\/\/api.w.org\/{rel}","templated":true}]}}