{"id":198668,"date":"2024-09-18T10:07:09","date_gmt":"2024-09-18T08:07:09","guid":{"rendered":"https:\/\/osatech.ch\/shop\/index.php\/prodotto\/telecamera-ptz-stabile-in-rete-a-doppio-spettro-ottica-e-termica-anticorrosione"},"modified":"2025-05-06T16:55:11","modified_gmt":"2025-05-06T14:55:11","slug":"telecamera-ptz-stabile-in-rete-a-doppio-spettro-ottica-e-termica-anticorrosione","status":"publish","type":"product","link":"https:\/\/osatech.ch\/shop\/index.php\/prodotto\/telecamera-ptz-stabile-in-rete-a-doppio-spettro-ottica-e-termica-anticorrosione","title":{"rendered":"Telecamera PTZ stabile in rete a doppio spettro, ottica e termica anticorrosione"},"content":{"rendered":"<p>Funzione di protezione perimetrale, basata su algoritmo intelligente: attraversamento linea, intrusione, ingresso e uscita dalla regione<br \/>\nAllarme di eccezione della temperatura per la prevenzione degli incendi<br \/>\nAlgoritmo di rilevamento incendi, algoritmo di rilevamento fumo<br \/>\n640 \u00d7 512 (la risoluzione dell&#8217;immagine in uscita \u00e8 1920 \u00d7 1080) risoluzione 17 \u03bcm, VOx UFPA, NETD \u2264 35 mK (25 \u00b0C, F# = 1,0)<br \/>\nTecnologia di elaborazione delle immagini: Liner, istogramma e modalit\u00e0 AGC termica autoadattativa, DDE, 3D DNR<br \/>\nNorma NEMA-4X<br \/>\nRilevatore di alta qualit\u00e0 con 10 anni di garanzia<br \/>\nTracciamento intelligente: tracciamento panoramico, tracciamento degli eventi e tracciamento delle pattuglie multi-scena<br \/>\nCollegamento di tracciamento intelligente: vista termica e vista ottica<br \/>\nIl canale termico supporta EIS, in conflitto con la funzione intelligente<br \/>\nRilevamento di imbarcazioni di supporto come draghe, pescherecci e rilevamento del flusso di navi<\/p>\n","protected":false},"excerpt":{"rendered":"<p>Funzione di protezione perimetrale, basata su algoritmo intelligente: attraversamento linea, intrusione, ingresso e uscita dalla regione Allarme di eccezione della temperatura per la prevenzione degli incendi Algoritmo di rilevamento incendi, algoritmo di rilevamento fumo 640 \u00d7 512 (la risoluzione dell&#8217;immagine in uscita \u00e8 1920 \u00d7 1080) risoluzione 17 \u03bcm, VOx UFPA, NETD \u2264 35 mK [&hellip;]<\/p>\n","protected":false},"featured_media":198667,"template":"","meta":[],"product_brand":[],"product_cat":[4053,4023],"product_tag":[],"yst_prominent_words":[],"class_list":{"0":"post-198668","1":"product","2":"type-product","3":"status-publish","4":"has-post-thumbnail","6":"product_cat-ptz-hikvision","7":"product_cat-telecamere-hikvision","9":"first","10":"instock","11":"taxable","12":"shipping-taxable","13":"purchasable","14":"product-type-simple"},"_links":{"self":[{"href":"https:\/\/osatech.ch\/shop\/index.php\/wp-json\/wp\/v2\/product\/198668","targetHints":{"allow":["GET"]}}],"collection":[{"href":"https:\/\/osatech.ch\/shop\/index.php\/wp-json\/wp\/v2\/product"}],"about":[{"href":"https:\/\/osatech.ch\/shop\/index.php\/wp-json\/wp\/v2\/types\/product"}],"wp:featuredmedia":[{"embeddable":true,"href":"https:\/\/osatech.ch\/shop\/index.php\/wp-json\/wp\/v2\/media\/198667"}],"wp:attachment":[{"href":"https:\/\/osatech.ch\/shop\/index.php\/wp-json\/wp\/v2\/media?parent=198668"}],"wp:term":[{"taxonomy":"product_brand","embeddable":true,"href":"https:\/\/osatech.ch\/shop\/index.php\/wp-json\/wp\/v2\/product_brand?post=198668"},{"taxonomy":"product_cat","embeddable":true,"href":"https:\/\/osatech.ch\/shop\/index.php\/wp-json\/wp\/v2\/product_cat?post=198668"},{"taxonomy":"product_tag","embeddable":true,"href":"https:\/\/osatech.ch\/shop\/index.php\/wp-json\/wp\/v2\/product_tag?post=198668"},{"taxonomy":"yst_prominent_words","embeddable":true,"href":"https:\/\/osatech.ch\/shop\/index.php\/wp-json\/wp\/v2\/yst_prominent_words?post=198668"}],"curies":[{"name":"wp","href":"https:\/\/api.w.org\/{rel}","templated":true}]}}