{"id":187998,"date":"2024-09-09T18:09:49","date_gmt":"2024-09-09T16:09:49","guid":{"rendered":"https:\/\/osatech.ch\/shop\/index.php\/prodotto\/rilevatore-di-caduta-vibby-oak-per-carephone"},"modified":"2026-02-17T08:17:31","modified_gmt":"2026-02-17T07:17:31","slug":"rilevatore-di-caduta-vibby-oak-per-carephone","status":"publish","type":"product","link":"https:\/\/osatech.ch\/shop\/index.php\/prodotto\/rilevatore-di-caduta-vibby-oak-per-carephone","title":{"rendered":"RILEVATORE DI CADUTA &#8220;VIBBY OAK&#8221;. PER CAREPHONE"},"content":{"rendered":"<p>RILEVATORE DI CADUTA &#8220;VIBBY OAK&#8221;. PER CAREPHONE<\/p>\n<p>Il sensore di caduta Vibby OAK \u00e8 dotato di un pulsante di chiamata di emergenza e di un allarme automatico che scatta in caso di caduta grave.<br \/>\nIl Vibby OAK utilizza un potente algoritmo e sensori di alta qualit\u00e0 per rilevare i movimenti.<br \/>\nDopo una brutta caduta, lo analizza e inizia a lampeggiare e vibrare dopo 20 secondi. Il partecipante ha ora 20 secondi per annullare l&#8217;allarme. Se ci\u00f2 non accade, in cui l&#8217;utente si rialza e rimane fermo o sopprime l&#8217;attivazione con l&#8217;aiuto di un sensore capacitivo, viene attivato un allarme e trasmesso alla stazione utente TeleAlarm.Un altro vantaggio del Vibby OAK \u00e8 il suo compatibilit\u00e0 con la serie HTS6x e TA7x. Ci\u00f2 consente di integrare facilmente il sensore di caduta in un sistema di chiamata di emergenza domestica esistente.<\/p>\n","protected":false},"excerpt":{"rendered":"<p>RILEVATORE DI CADUTA &#8220;VIBBY OAK&#8221;. PER CAREPHONE Il sensore di caduta Vibby OAK \u00e8 dotato di un pulsante di chiamata di emergenza e di un allarme automatico che scatta in caso di caduta grave. Il Vibby OAK utilizza un potente algoritmo e sensori di alta qualit\u00e0 per rilevare i movimenti. Dopo una brutta caduta, lo [&hellip;]<\/p>\n","protected":false},"featured_media":32122,"template":"","meta":[],"product_brand":[],"product_cat":[4142,3900],"product_tag":[],"yst_prominent_words":[],"class_list":{"0":"post-187998","1":"product","2":"type-product","3":"status-publish","4":"has-post-thumbnail","6":"product_cat-chiamate-di-aiuto-sicurezza-anziani","7":"product_cat-sicurezza-anziani","9":"first","10":"instock","11":"taxable","12":"shipping-taxable","13":"purchasable","14":"product-type-simple"},"_links":{"self":[{"href":"https:\/\/osatech.ch\/shop\/index.php\/wp-json\/wp\/v2\/product\/187998","targetHints":{"allow":["GET"]}}],"collection":[{"href":"https:\/\/osatech.ch\/shop\/index.php\/wp-json\/wp\/v2\/product"}],"about":[{"href":"https:\/\/osatech.ch\/shop\/index.php\/wp-json\/wp\/v2\/types\/product"}],"wp:featuredmedia":[{"embeddable":true,"href":"https:\/\/osatech.ch\/shop\/index.php\/wp-json\/wp\/v2\/media\/32122"}],"wp:attachment":[{"href":"https:\/\/osatech.ch\/shop\/index.php\/wp-json\/wp\/v2\/media?parent=187998"}],"wp:term":[{"taxonomy":"product_brand","embeddable":true,"href":"https:\/\/osatech.ch\/shop\/index.php\/wp-json\/wp\/v2\/product_brand?post=187998"},{"taxonomy":"product_cat","embeddable":true,"href":"https:\/\/osatech.ch\/shop\/index.php\/wp-json\/wp\/v2\/product_cat?post=187998"},{"taxonomy":"product_tag","embeddable":true,"href":"https:\/\/osatech.ch\/shop\/index.php\/wp-json\/wp\/v2\/product_tag?post=187998"},{"taxonomy":"yst_prominent_words","embeddable":true,"href":"https:\/\/osatech.ch\/shop\/index.php\/wp-json\/wp\/v2\/yst_prominent_words?post=187998"}],"curies":[{"name":"wp","href":"https:\/\/api.w.org\/{rel}","templated":true}]}}