{"id":18789,"date":"2022-03-24T13:14:25","date_gmt":"2022-03-24T12:14:25","guid":{"rendered":"https:\/\/osatech.ch\/shop\/prodotto\/jablotron-telecomando-monodirezionale-4-tasti"},"modified":"2025-12-04T11:47:33","modified_gmt":"2025-12-04T10:47:33","slug":"jablotron-telecomando-monodirezionale-4-tasti","status":"publish","type":"product","link":"https:\/\/osatech.ch\/shop\/index.php\/prodotto\/jablotron-telecomando-monodirezionale-4-tasti","title":{"rendered":"Jablotron Telecomando Monodirezionale 4 Tasti"},"content":{"rendered":"<p>JA-164J Telecomando monodirezionale a quattro pulsanti<br \/>\n\u00c8 inoltre possibile abbinare il telecomando per controllo da remoto a molteplici sistemi o un rel\u00e8 multifunzione del tipo AC-16x, per controllare il rel\u00e8 in conformit\u00e0 con la modalit\u00e0 selezionata.<\/p>\n<p>Il telecomando \u00e8 dotato di indicatori ottici e acustici che si attivano alla pressione di un tasto.<br \/>\nIl controllo pu\u00f2 essere abbinato a  molteplici sistemi o rel\u00e8 multifunzione.<br \/>\nControlla lo stato delle batterie e indica quando queste ultime sono scariche.<br \/>\nSe viene mantenuta a lungo la pressione di un tasto, sar\u00e0 inviato un segnale di attivazione ogni secondo. Questa funzione pu\u00f2 essere usata, ad esempio, per estendere l&#8217;impulso di un&#8217;uscita PG (ad esempio per la chiusura graduale delle tende a rullo)<br \/>\n\u00c8 possibile disattivare il suono dei tasti.<br \/>\nDotato di funzione di blocco dei tasti.<br \/>\nImpostazioni avanzate attivabili alla doppia pressione di un tasto.<br \/>\nQuesto telecomando \u00e8 un dispositivo del sistema JABLOTRON 100+, \u00e8 indirizzabile e occupa una posizione nel sistema.<br \/>\nSpecificazioni<br \/>\nCompatibile con\tFirmware della centralina LJ(MD)60416+; software F-Link 1.4.0+<br \/>\nAlimentazione\tBatteria al litio di tipo CR 2032 (3,0 V\/0,2 A); unit\u00e0 di alimentazione tipo C, in conformit\u00e0 alla normativa EN 50131-6<br \/>\nDurata tipica della batteria\tcirca 2 anni (con 10 attivazioni al giorno)<br \/>\nFrequenza di comunicazione\t868,1 MHz<br \/>\nPortata di comunicazione\tcirca 100 m (in linea d&#8217;aria)<br \/>\nDimensioni\t77 mm x 36 mm x 15 mm<br \/>\nClassificazione\tlivello di sicurezza 2, ACE di tipo B, in conformit\u00e0 alle normative: EN 50131-1, EN 50131-3<br \/>\nAmbiente\tII. Installazione in interno generale (in conformit\u00e0 alla normativa EN 50131-1)<br \/>\nIntervallo di temperatura operativa\tda -10 \u00b0C a +40 \u00b0C<br \/>\nIl dispositivo soddisfa inoltre i requisiti delle normative\tETSI EN 300 220, EN 50130-4, EN 55022, EN 60950-1<br \/>\nCondizioni di esercizio\tERC REC 70-03<\/p>\n","protected":false},"excerpt":{"rendered":"<p>JA-164J Telecomando monodirezionale a quattro pulsanti \u00c8 inoltre possibile abbinare il telecomando per controllo da remoto a molteplici sistemi o un rel\u00e8 multifunzione del tipo AC-16x, per controllare il rel\u00e8 in conformit\u00e0 con la modalit\u00e0 selezionata. Il telecomando \u00e8 dotato di indicatori ottici e acustici che si attivano alla pressione di un tasto. Il controllo [&hellip;]<\/p>\n","protected":false},"featured_media":18788,"template":"","meta":[],"product_brand":[],"product_cat":[3999,4180],"product_tag":[],"yst_prominent_words":[],"class_list":{"0":"post-18789","1":"product","2":"type-product","3":"status-publish","4":"has-post-thumbnail","6":"product_cat-allarmi-casa-e-ufficio-jablotron","7":"product_cat-comandi-jablotron-allarmi-casa-e-ufficio-jablotron-2","9":"first","10":"instock","11":"taxable","12":"shipping-taxable","13":"purchasable","14":"product-type-simple"},"_links":{"self":[{"href":"https:\/\/osatech.ch\/shop\/index.php\/wp-json\/wp\/v2\/product\/18789","targetHints":{"allow":["GET"]}}],"collection":[{"href":"https:\/\/osatech.ch\/shop\/index.php\/wp-json\/wp\/v2\/product"}],"about":[{"href":"https:\/\/osatech.ch\/shop\/index.php\/wp-json\/wp\/v2\/types\/product"}],"wp:featuredmedia":[{"embeddable":true,"href":"https:\/\/osatech.ch\/shop\/index.php\/wp-json\/wp\/v2\/media\/18788"}],"wp:attachment":[{"href":"https:\/\/osatech.ch\/shop\/index.php\/wp-json\/wp\/v2\/media?parent=18789"}],"wp:term":[{"taxonomy":"product_brand","embeddable":true,"href":"https:\/\/osatech.ch\/shop\/index.php\/wp-json\/wp\/v2\/product_brand?post=18789"},{"taxonomy":"product_cat","embeddable":true,"href":"https:\/\/osatech.ch\/shop\/index.php\/wp-json\/wp\/v2\/product_cat?post=18789"},{"taxonomy":"product_tag","embeddable":true,"href":"https:\/\/osatech.ch\/shop\/index.php\/wp-json\/wp\/v2\/product_tag?post=18789"},{"taxonomy":"yst_prominent_words","embeddable":true,"href":"https:\/\/osatech.ch\/shop\/index.php\/wp-json\/wp\/v2\/yst_prominent_words?post=18789"}],"curies":[{"name":"wp","href":"https:\/\/api.w.org\/{rel}","templated":true}]}}