{"id":18759,"date":"2022-03-24T13:13:51","date_gmt":"2022-03-24T12:13:51","guid":{"rendered":"https:\/\/osatech.ch\/shop\/prodotto\/jablotron-sensore-pir-tenda-esterno-via-radio-a-due-zone"},"modified":"2025-12-01T11:01:34","modified_gmt":"2025-12-01T10:01:34","slug":"jablotron-sensore-pir-tenda-esterno-via-radio-a-due-zone","status":"publish","type":"product","link":"https:\/\/osatech.ch\/shop\/index.php\/prodotto\/jablotron-sensore-pir-tenda-esterno-via-radio-a-due-zone","title":{"rendered":"Jablotron Sensore PIR ( Tenda ) Esterno Via Radio a Due Zone"},"content":{"rendered":"<p>JA-157P Rilevatore PIR (tenda) esterno via radio a due zone<br \/>\nSi tratta di un rilevatore esterno con larghezza di zona di rilevazione di soli 5\u00b0; \u00e8 ideale per il monitoraggio di spazi come balconi, porte-finestra, terrazzi, ecc. Il prodotto \u00e8 integrato da un trasmettitore compatibile con il sistema JABLOTRON 100+. Il rilevatore \u00e8 fortemente resistente contro i falsi allarmi ed efficace nel riconoscere animali di piccole dimensioni. Il rilevatore \u00e8 dotato di funzione antimasking &#8211; protezione contro l\u2019oscuramento della parte ottica del rilevatore. \u00c8 munito di tre contatti di protezione (tamper), uno per la parte rilevamento e due per la parte trasmissione, con segnalazione immediata in caso di apertura del rilevatore o distacco delle parti assemblate. Nel sistema occupa una sola posizione.<\/p>\n<p>Specificazioni<br \/>\nAlimentazione:\t1 batteria litio tipo CR123A (3 V \/ 1500 mAh)<br \/>\nVita utile media della batteria:\tcirca 3 anni (modalit\u00e0 risparmio energetico 120 s)<br \/>\nFrequenza d&#8217;esercizio:\t868 MHz<br \/>\nRange di comunicazione:\tfino a 300 m (in spazio aperto)<br \/>\nLunghezza del range\/angolo di rilevazione:\tPossibilit\u00e0 di regolazione 2 o 5 m \/ 5\u00b0<br \/>\nAltezza d\u2019installazione:\t0,8 \u2013 1,2 m<br \/>\nVelocit\u00e0 di movimento oggetto:\t0,3 \u2013 1,5 m \/ s<br \/>\nTemperatura d&#8217;esercizio:\tda -20 \u00b0C a +60 \u00b0C<br \/>\nDimensioni:\tfonte con trasmettitore 34x154x43<br \/>\nrilevatore 34x 154&#215;43<\/p>\n","protected":false},"excerpt":{"rendered":"<p>JA-157P Rilevatore PIR (tenda) esterno via radio a due zone Si tratta di un rilevatore esterno con larghezza di zona di rilevazione di soli 5\u00b0; \u00e8 ideale per il monitoraggio di spazi come balconi, porte-finestra, terrazzi, ecc. Il prodotto \u00e8 integrato da un trasmettitore compatibile con il sistema JABLOTRON 100+. Il rilevatore \u00e8 fortemente resistente [&hellip;]<\/p>\n","protected":false},"featured_media":0,"template":"","meta":[],"product_brand":[],"product_cat":[3999,4105],"product_tag":[],"yst_prominent_words":[],"class_list":{"0":"post-18759","1":"product","2":"type-product","3":"status-publish","5":"product_cat-allarmi-casa-e-ufficio-jablotron","6":"product_cat-sensori-jablotron-allarmi","8":"first","9":"instock","10":"taxable","11":"shipping-taxable","12":"purchasable","13":"product-type-simple"},"_links":{"self":[{"href":"https:\/\/osatech.ch\/shop\/index.php\/wp-json\/wp\/v2\/product\/18759","targetHints":{"allow":["GET"]}}],"collection":[{"href":"https:\/\/osatech.ch\/shop\/index.php\/wp-json\/wp\/v2\/product"}],"about":[{"href":"https:\/\/osatech.ch\/shop\/index.php\/wp-json\/wp\/v2\/types\/product"}],"wp:attachment":[{"href":"https:\/\/osatech.ch\/shop\/index.php\/wp-json\/wp\/v2\/media?parent=18759"}],"wp:term":[{"taxonomy":"product_brand","embeddable":true,"href":"https:\/\/osatech.ch\/shop\/index.php\/wp-json\/wp\/v2\/product_brand?post=18759"},{"taxonomy":"product_cat","embeddable":true,"href":"https:\/\/osatech.ch\/shop\/index.php\/wp-json\/wp\/v2\/product_cat?post=18759"},{"taxonomy":"product_tag","embeddable":true,"href":"https:\/\/osatech.ch\/shop\/index.php\/wp-json\/wp\/v2\/product_tag?post=18759"},{"taxonomy":"yst_prominent_words","embeddable":true,"href":"https:\/\/osatech.ch\/shop\/index.php\/wp-json\/wp\/v2\/yst_prominent_words?post=18759"}],"curies":[{"name":"wp","href":"https:\/\/api.w.org\/{rel}","templated":true}]}}