{"id":16509,"date":"2022-03-23T10:53:36","date_gmt":"2022-03-23T09:53:36","guid":{"rendered":"https:\/\/osatech.ch\/shop\/prodotto\/dissuasore-di-parcheggio-pillar-b-275-600-6c-l-sd-luci-sec-dev"},"modified":"2024-08-27T22:56:08","modified_gmt":"2024-08-27T20:56:08","slug":"dissuasore-di-parcheggio-pillar-b-275-600-6c-l-sd-luci-sec-dev","status":"publish","type":"product","link":"https:\/\/osatech.ch\/shop\/index.php\/prodotto\/dissuasore-di-parcheggio-pillar-b-275-600-6c-l-sd-luci-sec-dev","title":{"rendered":"Dissuasore di parcheggio PILLAR B 275\/600.6C L SD LUCI SEC DEV"},"content":{"rendered":"<p>Dissuasore idraulico 230V AC per uso molto intensivo. Le sue dimensioni e caratteristiche tecniche lo rendono particolarmente adatto ad installazioni per la protezione di siti sensibili poich\u00e8 nella versione con SD (Security Device) \u00e8 possibile mantenere lo stelo alzato anche in caso di blackout. La versione standard invece \u00e8 particolarmente indicata per installazioni in contesti dove occorre garantire che il varco si apra automaticamente in caso di blackout. Il dissuasore Pillar B \u00e8 stato progettato e costruito per semplificare al massimo le operazioni di manutenzione ordinaria grazie alla semplicit\u00e0 di estrazione della pompa idraulica sotto la flangia, senza necessit\u00e0 di rimozione dello stelo del dissuasore.<br \/>\nQuadro di comando dedicato PERSEO CBE: in grado di gestire fino a 4 dissuasori in parallelo, menu di programmazione a display, resistenza riscaldante integrata e ricevente a bordo.<br \/>\n\u2022 Accessori principali: RME 1 BT rilevatore masse metalliche 24V un canale \/ RME 2 rilevatore masse metalliche 230V due canali \/ SPIRA 2&#215;1 spira magnetica 2&#215;1 mt, armadio stradale Totem Unit.<\/p>\n<p>Tensione 230 V<br \/>\nAltezza stelo 600mm<br \/>\nDiametro stelo 275<br \/>\nTempo di salita 5 sec<br \/>\nTipo di operatore dissuasori oleodinamici<br \/>\nCentralina PERSEO CBE 230.P SD<br \/>\nResist. allo sfondmento 250000J<br \/>\nFrequenza d&#8217;uso 3000 Op\/gg<br \/>\nTipo di fine corsa sensore magnetico reed<br \/>\nResistenza all\u2019urto 20000 J<br \/>\nManovra manuale revers. in assenza di tensione<br \/>\nCondizioni ambientali -40\u00b0C +60\u00b0C<\/p>\n","protected":false},"excerpt":{"rendered":"<p>Dissuasore idraulico 230V AC per uso molto intensivo. Le sue dimensioni e caratteristiche tecniche lo rendono particolarmente adatto ad installazioni per la protezione di siti sensibili poich\u00e8 nella versione con SD (Security Device) \u00e8 possibile mantenere lo stelo alzato anche in caso di blackout. La versione standard invece \u00e8 particolarmente indicata per installazioni in contesti [&hellip;]<\/p>\n","protected":false},"featured_media":16508,"template":"","meta":[],"product_brand":[],"product_cat":[4071,3969],"product_tag":[],"yst_prominent_words":[],"class_list":{"0":"post-16509","1":"product","2":"type-product","3":"status-publish","4":"has-post-thumbnail","6":"product_cat-dissuasori-bft","7":"product_cat-dissuasori-parcheggi","9":"first","10":"instock","11":"taxable","12":"shipping-taxable","13":"purchasable","14":"product-type-simple"},"_links":{"self":[{"href":"https:\/\/osatech.ch\/shop\/index.php\/wp-json\/wp\/v2\/product\/16509","targetHints":{"allow":["GET"]}}],"collection":[{"href":"https:\/\/osatech.ch\/shop\/index.php\/wp-json\/wp\/v2\/product"}],"about":[{"href":"https:\/\/osatech.ch\/shop\/index.php\/wp-json\/wp\/v2\/types\/product"}],"wp:featuredmedia":[{"embeddable":true,"href":"https:\/\/osatech.ch\/shop\/index.php\/wp-json\/wp\/v2\/media\/16508"}],"wp:attachment":[{"href":"https:\/\/osatech.ch\/shop\/index.php\/wp-json\/wp\/v2\/media?parent=16509"}],"wp:term":[{"taxonomy":"product_brand","embeddable":true,"href":"https:\/\/osatech.ch\/shop\/index.php\/wp-json\/wp\/v2\/product_brand?post=16509"},{"taxonomy":"product_cat","embeddable":true,"href":"https:\/\/osatech.ch\/shop\/index.php\/wp-json\/wp\/v2\/product_cat?post=16509"},{"taxonomy":"product_tag","embeddable":true,"href":"https:\/\/osatech.ch\/shop\/index.php\/wp-json\/wp\/v2\/product_tag?post=16509"},{"taxonomy":"yst_prominent_words","embeddable":true,"href":"https:\/\/osatech.ch\/shop\/index.php\/wp-json\/wp\/v2\/yst_prominent_words?post=16509"}],"curies":[{"name":"wp","href":"https:\/\/api.w.org\/{rel}","templated":true}]}}