{"id":16461,"date":"2022-03-23T10:52:55","date_gmt":"2022-03-23T09:52:55","guid":{"rendered":"https:\/\/osatech.ch\/shop\/prodotto\/dissuasore-di-parcheggio-stoppy-b-115-500-diss-elettromecc"},"modified":"2024-08-27T22:54:55","modified_gmt":"2024-08-27T20:54:55","slug":"dissuasore-di-parcheggio-stoppy-b-115-500-diss-elettromecc","status":"publish","type":"product","link":"https:\/\/osatech.ch\/shop\/index.php\/prodotto\/dissuasore-di-parcheggio-stoppy-b-115-500-diss-elettromecc","title":{"rendered":"Dissuasore di parcheggio STOPPY B 115\/500 DISS.ELETTROMECC."},"content":{"rendered":"<p>Nati dall\u2019esigenza di avere un dissuasore semplice ed affidabile per gestire i posti auto o delimitare aree residenziali, gli Stoppy B sono dissuasori semplici che non trascurano comunque i requisiti di qualit\u00e0 che hanno sempre contraddistinto i prodotti BFT. STOPPY B viene prodotto in due modelli: il primo, STOPPY B \u00d8115-500, ha uno stelo di diametro \u00d8115 mm alto 500 mm, non ha cappello luminoso ed \u00e8 provvisto di striscia retroriflettente. Il secondo, STOPPY B \u00d8200-700, ha uno stelo di diametro \u00d8200 mm alto 700mm, ha il cappello luminoso ed \u00e8 provvisto di striscia retroriflettente.<\/p>\n<p>Quadro di comando dedicato PERSEO CBE: in grado di gestire fino a 4 dissuasori in parallelo, menu di programmazione a display, resistenza riscaldante integrata e ricevente a bordo.<br \/>\nAccessori principali: RME 1 BT rilevatore masse metalliche 24V un canale \/ RME 2 rilevatore masse metalliche 230V due canali \/ SPIRA 2&#215;1 spira magnetica 2&#215;1 mt (non incluso)<\/p>\n<p>Diametro stelo 115 mm<br \/>\nAltezza stelo 500 mm<br \/>\nTempo di salita 7 sec<br \/>\nUnit\u00e0 di controllo PERSEO CBE<br \/>\nResistenza allo sfondamento 60000J<br \/>\nTipo fine corsa sensore magnetico reed<br \/>\nRallentamento si<br \/>\nResistenza all\u2019urto 6000J<br \/>\nBlocco elettrofreno<br \/>\nManovra manuale reversibile in assenza di tensione<br \/>\nFrequenza utilizzo semi-intensivo<br \/>\nCondizioni ambientali -20\u00b0C +60\u00b0C<\/p>\n","protected":false},"excerpt":{"rendered":"<p>Nati dall\u2019esigenza di avere un dissuasore semplice ed affidabile per gestire i posti auto o delimitare aree residenziali, gli Stoppy B sono dissuasori semplici che non trascurano comunque i requisiti di qualit\u00e0 che hanno sempre contraddistinto i prodotti BFT. STOPPY B viene prodotto in due modelli: il primo, STOPPY B \u00d8115-500, ha uno stelo di [&hellip;]<\/p>\n","protected":false},"featured_media":16460,"template":"","meta":[],"product_brand":[],"product_cat":[4071,3969],"product_tag":[],"yst_prominent_words":[432,241,1027,3347],"class_list":{"0":"post-16461","1":"product","2":"type-product","3":"status-publish","4":"has-post-thumbnail","6":"product_cat-dissuasori-bft","7":"product_cat-dissuasori-parcheggi","9":"first","10":"instock","11":"taxable","12":"shipping-taxable","13":"purchasable","14":"product-type-simple"},"_links":{"self":[{"href":"https:\/\/osatech.ch\/shop\/index.php\/wp-json\/wp\/v2\/product\/16461","targetHints":{"allow":["GET"]}}],"collection":[{"href":"https:\/\/osatech.ch\/shop\/index.php\/wp-json\/wp\/v2\/product"}],"about":[{"href":"https:\/\/osatech.ch\/shop\/index.php\/wp-json\/wp\/v2\/types\/product"}],"wp:featuredmedia":[{"embeddable":true,"href":"https:\/\/osatech.ch\/shop\/index.php\/wp-json\/wp\/v2\/media\/16460"}],"wp:attachment":[{"href":"https:\/\/osatech.ch\/shop\/index.php\/wp-json\/wp\/v2\/media?parent=16461"}],"wp:term":[{"taxonomy":"product_brand","embeddable":true,"href":"https:\/\/osatech.ch\/shop\/index.php\/wp-json\/wp\/v2\/product_brand?post=16461"},{"taxonomy":"product_cat","embeddable":true,"href":"https:\/\/osatech.ch\/shop\/index.php\/wp-json\/wp\/v2\/product_cat?post=16461"},{"taxonomy":"product_tag","embeddable":true,"href":"https:\/\/osatech.ch\/shop\/index.php\/wp-json\/wp\/v2\/product_tag?post=16461"},{"taxonomy":"yst_prominent_words","embeddable":true,"href":"https:\/\/osatech.ch\/shop\/index.php\/wp-json\/wp\/v2\/yst_prominent_words?post=16461"}],"curies":[{"name":"wp","href":"https:\/\/api.w.org\/{rel}","templated":true}]}}