{"id":16249,"date":"2022-03-23T10:31:53","date_gmt":"2022-03-23T09:31:53","guid":{"rendered":"https:\/\/osatech.ch\/shop\/prodotto\/unico-r-10-hp-olimpia-r410a"},"modified":"2026-03-12T15:17:00","modified_gmt":"2026-03-12T14:17:00","slug":"unico-r-10-hp-olimpia-r410a","status":"publish","type":"product","link":"https:\/\/osatech.ch\/shop\/index.php\/prodotto\/unico-r-10-hp-olimpia-r410a","title":{"rendered":"UNICO R 10 HP OLIMPIA R410A"},"content":{"rendered":"<p>GAS RIGENERATO<br \/>\nUtilizza solo R410A rigenerato: un refrigerante identico all\u2019originale, ma recuperato da impianti esistenti. Per un\u2019economia sempre pi\u00f9 circolare.<\/p>\n<p>+2 KW BACKUP AUSILIARIO<br \/>\nUnico R \u00e8 progettato per le temperature pi\u00f9 rigide. Quando le temperature dell\u2019ambiente esterno sono inferiori a 2\u00b0C, la modalit\u00e0 riscaldamento \u00e8 ottenuta mediante attivazione delle resistenze elettriche e del<br \/>\nsolo ventilatore. Per temperature superiori a 2\u00b0C, il riscaldamento \u00e8 ottenuto mediante pompa di calore. La gestione dell\u2019una o dell\u2019altra modalit\u00e0 \u00e8 completamente automatica.<\/p>\n<p>POMPA DI CALORE<br \/>\nDisponibile con funzione pompa di calore, per sostituire il riscaldamento tradizionale nelle stagioni intermedie o potenziarlo<\/p>\n<p>CARATTERISTICHE<br \/>\nDue modelli di potenza: 2,3 kW &#8211; 2,7 kW<br \/>\nDisponibile nelle versioni: HP (Pompa di Calore)<br \/>\nClasse in raffreddamento<br \/>\nGas refrigerante R410A*<br \/>\nInstallazione a parete in alto o in basso (consigliata installazione in basso, per una migliore distribuzione dell\u2019aria)<br \/>\nSemplicit\u00e0 di installazione: Unico R si installa tutto dall\u2019interno in pochi minuti<br \/>\nDotato di sistema multi-filtraggio, composto da filtro elettrostatico (con funzione anti-polvere) e filtro a carboni attivi (efficace contro i cattivi odori).<br \/>\nComando a parete wireless (Optional)<br \/>\nTelecomando multifunzione<br \/>\nTimer 24h<\/p>\n<p>FUNZIONI<br \/>\nFunzione di sola ventilazione<br \/>\nFunzione di sola deumidificazione<br \/>\nFunzione Auto: modula i parametri di funzionamento in relazione alla temperatura dell\u2019ambiente.<br \/>\nFunzione Sleep: aumenta gradualmente la temperatura impostata e garantisce una rumorosit\u00e0 ridotta per un maggior benessere notturno.<\/p>\n<p>Consulta i sito https:\/\/www.olimpiasplendid.it\/media\/files\/5044_ITA2021_Unico%20R.pdf per vedere i diversi modelli<\/p>\n","protected":false},"excerpt":{"rendered":"<p>GAS RIGENERATO Utilizza solo R410A rigenerato: un refrigerante identico all\u2019originale, ma recuperato da impianti esistenti. Per un\u2019economia sempre pi\u00f9 circolare. +2 KW BACKUP AUSILIARIO Unico R \u00e8 progettato per le temperature pi\u00f9 rigide. Quando le temperature dell\u2019ambiente esterno sono inferiori a 2\u00b0C, la modalit\u00e0 riscaldamento \u00e8 ottenuta mediante attivazione delle resistenze elettriche e del solo [&hellip;]<\/p>\n","protected":false},"featured_media":16248,"template":"","meta":[],"product_brand":[],"product_cat":[3951,4256],"product_tag":[],"yst_prominent_words":[2339,2138,594,600,601,617,823,667,621,654,602,245,3451,622],"class_list":{"0":"post-16249","1":"product","2":"type-product","3":"status-publish","4":"has-post-thumbnail","6":"product_cat-condizionatori-senza-unita-esterna","7":"product_cat-unico-condizionatori-senza-unita-esterna","8":"product_shipping_class-condizionatori","10":"first","11":"instock","12":"taxable","13":"shipping-taxable","14":"purchasable","15":"product-type-simple"},"_links":{"self":[{"href":"https:\/\/osatech.ch\/shop\/index.php\/wp-json\/wp\/v2\/product\/16249","targetHints":{"allow":["GET"]}}],"collection":[{"href":"https:\/\/osatech.ch\/shop\/index.php\/wp-json\/wp\/v2\/product"}],"about":[{"href":"https:\/\/osatech.ch\/shop\/index.php\/wp-json\/wp\/v2\/types\/product"}],"wp:featuredmedia":[{"embeddable":true,"href":"https:\/\/osatech.ch\/shop\/index.php\/wp-json\/wp\/v2\/media\/16248"}],"wp:attachment":[{"href":"https:\/\/osatech.ch\/shop\/index.php\/wp-json\/wp\/v2\/media?parent=16249"}],"wp:term":[{"taxonomy":"product_brand","embeddable":true,"href":"https:\/\/osatech.ch\/shop\/index.php\/wp-json\/wp\/v2\/product_brand?post=16249"},{"taxonomy":"product_cat","embeddable":true,"href":"https:\/\/osatech.ch\/shop\/index.php\/wp-json\/wp\/v2\/product_cat?post=16249"},{"taxonomy":"product_tag","embeddable":true,"href":"https:\/\/osatech.ch\/shop\/index.php\/wp-json\/wp\/v2\/product_tag?post=16249"},{"taxonomy":"yst_prominent_words","embeddable":true,"href":"https:\/\/osatech.ch\/shop\/index.php\/wp-json\/wp\/v2\/yst_prominent_words?post=16249"}],"curies":[{"name":"wp","href":"https:\/\/api.w.org\/{rel}","templated":true}]}}