{"id":16241,"date":"2022-03-23T10:31:46","date_gmt":"2022-03-23T09:31:46","guid":{"rendered":"https:\/\/osatech.ch\/shop\/prodotto\/unico-air-20-hp-eva-inverter-olimpia-r32"},"modified":"2026-03-12T15:16:52","modified_gmt":"2026-03-12T14:16:52","slug":"unico-air-20-hp-eva-inverter-olimpia-r32","status":"publish","type":"product","link":"https:\/\/osatech.ch\/shop\/index.php\/prodotto\/unico-air-20-hp-eva-inverter-olimpia-r32","title":{"rendered":"UNICO AIR 20 HP EVA INVERTER OLIMPIA R32"},"content":{"rendered":"<p>GAS A BASSO GWP<br \/>\nUtilizza il refrigerante R32, caratterizzato da un effetto serra ridotto di quasi il 70% (rispetto all\u2019R410A).<\/p>\n<p>SLIM DESIGN<br \/>\nTutta la tecnologia di Unico in soli 16 cm di spessore. Unico Air \u00e8 il climatizzatore senza unit\u00e0 esterna pi\u00f9 sottile di sempre.<\/p>\n<p>SILENT SYSTEM<br \/>\nGrazie a materiali fonoassorbenti e anti-vibranti, Unico Air assicura i livelli di rumorosit\u00e0 pi\u00f9 bassi della gamma. La pressione sonora scende fino a 27 dB(A)*<\/p>\n<p>INVERTER SYSTEM<br \/>\nLa velocit\u00e0 del motore \u00e8 regolata costantemente in funzione della temperatura impostata, per ottimizzare i consumi energetici.<\/p>\n<p>POMPA DI CALORE<br \/>\nDisponibile anche nella versione HP, con funzione pompa di calore, per sostituire il riscaldamento tradizionale nelle stagioni intermedie o potenziarlo.<\/p>\n<p>CARATTERISTICHE<br \/>\nDue modelli di potenza Max: 2,1 kW e 2,4 kW<br \/>\nDisponibile nelle versioni SF (Solo Freddo) \u2013 HP (Pompa di Calore)<br \/>\nDoppia classe<br \/>\nGas refrigerante R32**<br \/>\nInstallazione a parete in alto o in basso<br \/>\nSemplicit\u00e0 di installazione: Unico si installa tutto dall\u2019interno in pochi minuti<br \/>\nComando a parete wireless (Optional)<br \/>\nAmpio flap per una diffusione omogenea dell\u2019aria nell\u2019ambiente<br \/>\nSistema multi-filtraggio composto da filtro elettrostatico (con funzione anti-polvere) e filtro a carboni attivi (efficace contro i cattivi odori).<br \/>\nTelecomando multifunzione<br \/>\nTimer 24h<\/p>\n<p>FUNZIONI<br \/>\nFunzione Economy: consente il risparmio energetico, ottimizzando automaticamente le prestazioni della macchina<br \/>\nFunzione di sola ventilazione<br \/>\nFunzione di sola deumidificazione<br \/>\nFunzione Auto: modula i parametri di funzionamento in relazione alla temperatura dell\u2019ambiente.<br \/>\nFunzione Sleep: aumenta gradualmente la temperatura impostata e garantisce una rumorosit\u00e0 ridotta per un maggior benessere notturno.<\/p>\n<p>Consulta il sito https:\/\/www.olimpiasplendid.it\/media\/files\/6843_ITA_UNICOAIR.pdf per vedere i diversi modelli<\/p>\n","protected":false},"excerpt":{"rendered":"<p>GAS A BASSO GWP Utilizza il refrigerante R32, caratterizzato da un effetto serra ridotto di quasi il 70% (rispetto all\u2019R410A). SLIM DESIGN Tutta la tecnologia di Unico in soli 16 cm di spessore. Unico Air \u00e8 il climatizzatore senza unit\u00e0 esterna pi\u00f9 sottile di sempre. SILENT SYSTEM Grazie a materiali fonoassorbenti e anti-vibranti, Unico Air [&hellip;]<\/p>\n","protected":false},"featured_media":16240,"template":"","meta":[],"product_brand":[],"product_cat":[3951,4256],"product_tag":[],"yst_prominent_words":[2339,2138,600,601,617,667,621,654,602,549,622],"class_list":{"0":"post-16241","1":"product","2":"type-product","3":"status-publish","4":"has-post-thumbnail","6":"product_cat-condizionatori-senza-unita-esterna","7":"product_cat-unico-condizionatori-senza-unita-esterna","8":"product_shipping_class-condizionatori","10":"first","11":"instock","12":"taxable","13":"shipping-taxable","14":"purchasable","15":"product-type-simple"},"_links":{"self":[{"href":"https:\/\/osatech.ch\/shop\/index.php\/wp-json\/wp\/v2\/product\/16241","targetHints":{"allow":["GET"]}}],"collection":[{"href":"https:\/\/osatech.ch\/shop\/index.php\/wp-json\/wp\/v2\/product"}],"about":[{"href":"https:\/\/osatech.ch\/shop\/index.php\/wp-json\/wp\/v2\/types\/product"}],"wp:featuredmedia":[{"embeddable":true,"href":"https:\/\/osatech.ch\/shop\/index.php\/wp-json\/wp\/v2\/media\/16240"}],"wp:attachment":[{"href":"https:\/\/osatech.ch\/shop\/index.php\/wp-json\/wp\/v2\/media?parent=16241"}],"wp:term":[{"taxonomy":"product_brand","embeddable":true,"href":"https:\/\/osatech.ch\/shop\/index.php\/wp-json\/wp\/v2\/product_brand?post=16241"},{"taxonomy":"product_cat","embeddable":true,"href":"https:\/\/osatech.ch\/shop\/index.php\/wp-json\/wp\/v2\/product_cat?post=16241"},{"taxonomy":"product_tag","embeddable":true,"href":"https:\/\/osatech.ch\/shop\/index.php\/wp-json\/wp\/v2\/product_tag?post=16241"},{"taxonomy":"yst_prominent_words","embeddable":true,"href":"https:\/\/osatech.ch\/shop\/index.php\/wp-json\/wp\/v2\/yst_prominent_words?post=16241"}],"curies":[{"name":"wp","href":"https:\/\/api.w.org\/{rel}","templated":true}]}}