{"id":16229,"date":"2022-03-23T10:31:36","date_gmt":"2022-03-23T09:31:36","guid":{"rendered":"https:\/\/osatech.ch\/shop\/prodotto\/unico-edge-30-sf-inverter-olimpia-r32"},"modified":"2026-03-12T15:16:46","modified_gmt":"2026-03-12T14:16:46","slug":"unico-edge-30-sf-inverter-olimpia-r32","status":"publish","type":"product","link":"https:\/\/osatech.ch\/shop\/index.php\/prodotto\/unico-edge-30-sf-inverter-olimpia-r32","title":{"rendered":"UNICO EDGE 30 SF EVA INVERTER R32"},"content":{"rendered":"<p>GAS A BASSO GWP<br \/>\nUtilizza il refrigerante R32, caratterizzato da un effetto serra ridotto di quasi il 70% (rispetto all\u2019R410A).<\/p>\n<p>NUOVO DESIGN ITALIANO<br \/>\nProgettato dallo studio italiano Ercoli+Garlandini, si distingue per le linee morbide, dal gusto retr\u00f2, abbinate ad una texture dalla forte personalit\u00e0.<\/p>\n<p>INVERTER SYSTEM<br \/>\nLa velocit\u00e0 del motore \u00e8 regolata costantemente in funzione della temperatura impostata, per ottimizzare i consumi energetici.<\/p>\n<p>POMPA DI CALORE<br \/>\nDisponibile anche nella versione HP, con funzione pompa di calore, per sostituire il riscaldamento tradizionale nelle stagioni intermedie o potenziarlo.<\/p>\n<p>Potenza raffreddamento (min\/max) kW 1,9\/3,0<br \/>\nPotenza riscaldamento (min\/max) kW &#8211; 1,9\/3,1<br \/>\nCapacit\u00e0 nominale di raffreddamento (1) Pnominale KW 2,7<br \/>\nCapacit\u00e0 nominale di riscaldamento (1) Pnominale kW &#8211; 2,4<br \/>\nPotenza nominale assorbita per il raffreddamento (1) PEER kW 1,0<br \/>\nAssorbimento nominale per il raffreddamento (1) A 5,0<br \/>\nPotenza nominale assorbita per il riscaldamento (1) PCOP kW &#8211; 0,8<br \/>\nAssorbimento nominale per il riscaldamento (1) A &#8211; 3,8<br \/>\nIndice di efficienza energetica nominale (1) EERd 2,6<br \/>\nCoefficiente di efficienza nominale (1) COPd &#8211; 3,1<br \/>\nConsumo di energia in modo \u201ctermostato spento\u201d PTO W 29<br \/>\nConsumo di energia in modo \u201cattesa\u201d (EN 62301) PSB W 0,5<br \/>\nConsumo di energia per apparecchiature a doppio condotto (1) funzione raffreddamento QDD kWh\/h 1,0<br \/>\nConsumo di energia per apparecchiature a doppio condotto (1) funzione riscaldamento QDD kWh\/h &#8211; 0,8<br \/>\nTensione di alimentazione V-F-Hz 230-1-50<br \/>\nTensione di alimentazione (min\/max) V 198 \/ 264<br \/>\nPotenza assorbita in modalit\u00e0 raffreddamento (min\/max) kW 0,7\/1,4<br \/>\nAssorbimento in modalit\u00e0 raffreddamento (min\/max) A 3,4\/6,6<br \/>\nPotenza assorbita in modalit\u00e0 riscaldamento (min\/max) kW &#8211; 0,6<br \/>\nAssorbimento in modalit\u00e0 riscaldamento (min\/max) A &#8211; 3,1<br \/>\nAssorbimento max. con resistenza elettrica di riscald. A<br \/>\nCapacit\u00e0 di deumidificazione l\/h 1,1<br \/>\nPortata aria ambiente in raffreddamento (max\/med\/min) m\u00b3\/h 490 \/ 430 \/ 360<br \/>\nPortata aria ambiente in riscaldamento (max\/med\/min) m\u00b3\/h &#8211; 490 \/ 430 \/ 360<br \/>\nPortata aria esterna in raffreddamento (max\/min) m\u00b3\/h 520 \/ 350<br \/>\nPortata aria esterna in riscaldamento (max\/min) m\u00b3\/h &#8211; 500 \/ 340<br \/>\nNumero velocit\u00e0 di ventilazione interna 3<br \/>\nNumero velocit\u00e0 di ventilazione esterna 6<br \/>\nDiametro fori parete** mm 162\/202<br \/>\nPortata massima telecomando (distanza\/angolo) m \/ \u00b0 8 \/ \u00b180\u00b0<br \/>\nDimensioni (Larg. x Alt. x Prof.) (senza imballo) mm 902 x 506 x 229<br \/>\nDimensioni (Larg. x Alt. x Prof.) (con imballo) mm 980 x 610 x 350<br \/>\nPeso (senza imballo) Kg 39<br \/>\nPeso (con imballo) Kg 43<br \/>\nPressione sonora interna (Min Max) (2) dB(A) 33-43<br \/>\nLivello di potenza sonora interno (EN 12102) LWA dB(A) 58<br \/>\nGrado di protezione degli involucri IP 20<br \/>\nGas refrigerante* Tipo R32<br \/>\nPotenziale di riscaldamento globale GWP kgCO2 eq. 675<br \/>\nCarica gas refrigerante Kg 0,42<br \/>\nMax pressione di esercizio MPa 4,28<br \/>\nCavo di alimentazione (N\u00b0 poli x sezione m\u00b2) 3 x 1,5<\/p>\n","protected":false},"excerpt":{"rendered":"<p>GAS A BASSO GWP Utilizza il refrigerante R32, caratterizzato da un effetto serra ridotto di quasi il 70% (rispetto all\u2019R410A). NUOVO DESIGN ITALIANO Progettato dallo studio italiano Ercoli+Garlandini, si distingue per le linee morbide, dal gusto retr\u00f2, abbinate ad una texture dalla forte personalit\u00e0. INVERTER SYSTEM La velocit\u00e0 del motore \u00e8 regolata costantemente in funzione [&hellip;]<\/p>\n","protected":false},"featured_media":16228,"template":"","meta":[],"product_brand":[],"product_cat":[3951,4256],"product_tag":[],"yst_prominent_words":[],"class_list":{"0":"post-16229","1":"product","2":"type-product","3":"status-publish","4":"has-post-thumbnail","6":"product_cat-condizionatori-senza-unita-esterna","7":"product_cat-unico-condizionatori-senza-unita-esterna","8":"product_shipping_class-condizionatori","10":"first","11":"instock","12":"taxable","13":"shipping-taxable","14":"purchasable","15":"product-type-simple"},"_links":{"self":[{"href":"https:\/\/osatech.ch\/shop\/index.php\/wp-json\/wp\/v2\/product\/16229","targetHints":{"allow":["GET"]}}],"collection":[{"href":"https:\/\/osatech.ch\/shop\/index.php\/wp-json\/wp\/v2\/product"}],"about":[{"href":"https:\/\/osatech.ch\/shop\/index.php\/wp-json\/wp\/v2\/types\/product"}],"wp:featuredmedia":[{"embeddable":true,"href":"https:\/\/osatech.ch\/shop\/index.php\/wp-json\/wp\/v2\/media\/16228"}],"wp:attachment":[{"href":"https:\/\/osatech.ch\/shop\/index.php\/wp-json\/wp\/v2\/media?parent=16229"}],"wp:term":[{"taxonomy":"product_brand","embeddable":true,"href":"https:\/\/osatech.ch\/shop\/index.php\/wp-json\/wp\/v2\/product_brand?post=16229"},{"taxonomy":"product_cat","embeddable":true,"href":"https:\/\/osatech.ch\/shop\/index.php\/wp-json\/wp\/v2\/product_cat?post=16229"},{"taxonomy":"product_tag","embeddable":true,"href":"https:\/\/osatech.ch\/shop\/index.php\/wp-json\/wp\/v2\/product_tag?post=16229"},{"taxonomy":"yst_prominent_words","embeddable":true,"href":"https:\/\/osatech.ch\/shop\/index.php\/wp-json\/wp\/v2\/yst_prominent_words?post=16229"}],"curies":[{"name":"wp","href":"https:\/\/api.w.org\/{rel}","templated":true}]}}