{"id":16223,"date":"2022-03-23T10:31:30","date_gmt":"2022-03-23T09:31:30","guid":{"rendered":"https:\/\/osatech.ch\/shop\/prodotto\/climatizzatore-innova-2-0-15-hp-condizionatore-senza-unita-esterna-dc-inverter"},"modified":"2026-04-22T16:52:46","modified_gmt":"2026-04-22T14:52:46","slug":"climatizzatore-innova-2-0-15-hp-condizionatore-senza-unita-esterna-dc-inverter","status":"publish","type":"product","link":"https:\/\/osatech.ch\/shop\/index.php\/prodotto\/climatizzatore-innova-2-0-15-hp-condizionatore-senza-unita-esterna-dc-inverter","title":{"rendered":"Climatizzatore Innova 2.0 15 HP Condizionatore Senza Unit\u00e0 Esterna DC Inverter"},"content":{"rendered":"<p>Potenze ottimizzate, consumi e rumori ridotti<\/p>\n<p>Con la tecnologia DC Inverter, le potenze sono ottimizzate per ottenere il massimo comfort con minor consumo e rumore, e grazie al Dual Power si pu\u00f2 sfruttare la potenza massima per raggiungere la temperatura richiesta nel minor tempo possibile. Una volta raggiunta, il climatizzatore Innova 2.0 12 HP si regola automaticamente in funzione di comfort.<\/p>\n<p>Inoltre, le griglie esterne sono pieghevoli: si aprono quando la macchina \u00e8 in funzione e si richiudono quando \u00e8 spenta, cos\u00ec da minimizzare la polvere, il rumore e l\u2019inquinamento, massimizzando il benessere.<\/p>\n<p>Il climatizzatore senza unit\u00e0 esterna Innova 2.0 15 HP pu\u00f2 contare su una gamma di prodotto completa che permette di trovare il modello adatto a ogni tipo di installazione. Basta avere un muro esterno e si trova lo spazio per inserirlo in alto sul muro, in basso a pavimento, nell\u2019angolo o a lato di una portafinestra. Massima versatilit\u00e0 per incontrare ogni esigenza.<\/p>\n<p>Pompa di calore orizzontale, aria\/ aria, con gas refrigerante R32.<br \/>\nPotenza 2,8 kW<br \/>\nClasse energetica A<br \/>\nFori da 202 mm<br \/>\nLarghezza 1010 mm<br \/>\nAltezza 549 mm<br \/>\nProfondit\u00e0 165 mm<br \/>\nPotenza frigorifera nominale: 2,87 kW<br \/>\nPotenza termica nominale: 2,75 kW<br \/>\nClasse di efficienza energetica: A<br \/>\nFori: 202 mm<br \/>\nConnettivit\u00e0 WiFi: SI<br \/>\nRefrigerante: R32 <\/p>\n","protected":false},"excerpt":{"rendered":"<p>Potenze ottimizzate, consumi e rumori ridotti Con la tecnologia DC Inverter, le potenze sono ottimizzate per ottenere il massimo comfort con minor consumo e rumore, e grazie al Dual Power si pu\u00f2 sfruttare la potenza massima per raggiungere la temperatura richiesta nel minor tempo possibile. Una volta raggiunta, il climatizzatore Innova 2.0 12 HP si [&hellip;]<\/p>\n","protected":false},"featured_media":16222,"template":"","meta":[],"product_brand":[],"product_cat":[3951,4257],"product_tag":[],"yst_prominent_words":[594,3541,617,1064,1027,2949,620,602],"class_list":{"0":"post-16223","1":"product","2":"type-product","3":"status-publish","4":"has-post-thumbnail","6":"product_cat-condizionatori-senza-unita-esterna","7":"product_cat-innova-condizionatori-senza-unita-esterna","8":"product_shipping_class-condizionatori","10":"first","11":"onbackorder","12":"taxable","13":"shipping-taxable","14":"purchasable","15":"product-type-simple"},"_links":{"self":[{"href":"https:\/\/osatech.ch\/shop\/index.php\/wp-json\/wp\/v2\/product\/16223","targetHints":{"allow":["GET"]}}],"collection":[{"href":"https:\/\/osatech.ch\/shop\/index.php\/wp-json\/wp\/v2\/product"}],"about":[{"href":"https:\/\/osatech.ch\/shop\/index.php\/wp-json\/wp\/v2\/types\/product"}],"wp:featuredmedia":[{"embeddable":true,"href":"https:\/\/osatech.ch\/shop\/index.php\/wp-json\/wp\/v2\/media\/16222"}],"wp:attachment":[{"href":"https:\/\/osatech.ch\/shop\/index.php\/wp-json\/wp\/v2\/media?parent=16223"}],"wp:term":[{"taxonomy":"product_brand","embeddable":true,"href":"https:\/\/osatech.ch\/shop\/index.php\/wp-json\/wp\/v2\/product_brand?post=16223"},{"taxonomy":"product_cat","embeddable":true,"href":"https:\/\/osatech.ch\/shop\/index.php\/wp-json\/wp\/v2\/product_cat?post=16223"},{"taxonomy":"product_tag","embeddable":true,"href":"https:\/\/osatech.ch\/shop\/index.php\/wp-json\/wp\/v2\/product_tag?post=16223"},{"taxonomy":"yst_prominent_words","embeddable":true,"href":"https:\/\/osatech.ch\/shop\/index.php\/wp-json\/wp\/v2\/yst_prominent_words?post=16223"}],"curies":[{"name":"wp","href":"https:\/\/api.w.org\/{rel}","templated":true}]}}