{"id":16221,"date":"2022-03-23T10:31:28","date_gmt":"2022-03-23T09:31:28","guid":{"rendered":"https:\/\/osatech.ch\/shop\/prodotto\/climatizzatore-innova-2-0-12-hp-condizionatore-senza-unita-esterna-dc-inverter"},"modified":"2026-04-22T16:52:47","modified_gmt":"2026-04-22T14:52:47","slug":"climatizzatore-innova-2-0-12-hp-condizionatore-senza-unita-esterna-dc-inverter","status":"publish","type":"product","link":"https:\/\/osatech.ch\/shop\/index.php\/prodotto\/climatizzatore-innova-2-0-12-hp-condizionatore-senza-unita-esterna-dc-inverter","title":{"rendered":"Climatizzatore Innova 2.0 12 HP Condizionatore Senza Unit\u00e0 Esterna DC Inverter"},"content":{"rendered":"<p>Potenze ottimizzate, consumi e rumori ridotti<\/p>\n<p>Con la tecnologia DC Inverter, le potenze sono ottimizzate per ottenere il massimo comfort con minor consumo e rumore, e grazie al Dual Power si pu\u00f2 sfruttare la potenza massima per raggiungere la temperatura richiesta nel minor tempo possibile. Una volta raggiunta, il climatizzatore Innova 2.0 12 HP si regola automaticamente in funzione di comfort.<\/p>\n<p>Inoltre, le griglie esterne sono pieghevoli: si aprono quando la macchina \u00e8 in funzione e si richiudono quando \u00e8 spenta, cos\u00ec da minimizzare la polvere, il rumore e l\u2019inquinamento, massimizzando il benessere.<\/p>\n<p>Il climatizzatore senza unit\u00e0 esterna Innova 2.0 12 HP pu\u00f2 contare su una gamma di prodotto completa che permette di trovare il modello adatto a ogni tipo di installazione. Basta avere un muro esterno e si trova lo spazio per inserirlo in alto sul muro, in basso a pavimento, nell\u2019angolo o a lato di una portafinestra. Massima versatilit\u00e0 per incontrare ogni esigenza.<\/p>\n<p>Marca: Innova<br \/>\nModello: 2.0 12 HP DC Inverter<br \/>\nArticolo: CBMO12IC3II<br \/>\nInstallazione Orizzontale<br \/>\nColore: Bianco<br \/>\nPotenza in raffreddamento: kW 2.35<br \/>\nPotenza in raffreddamento massima \/ Dual Power: kW 3.10<br \/>\nPotenza in raffreddamento minima: kW 0.92<br \/>\nPotenza in riscaldamento: kW 2.36<br \/>\nPotenza in riscaldamento massima \/ Dual Power: kW 3.05<br \/>\nPotenza in riscaldamento minima: kW 0.79<br \/>\nPotenza assorbita in raffreddamento: W 730<br \/>\nPotenza assorbita in riscaldamento: W 720<br \/>\nCapacit\u00e0 di deumidificazione: L\/h 0.9<br \/>\nTensione di alimentazione: V-F-Hz 230-1-50<br \/>\nEER: W\/W 3.22<br \/>\nCOP: W\/W 3.28<br \/>\nClasse di efficienza energetica in raffreddamento: A+<br \/>\nClasse di efficienza energetica in riscaldamento: A<br \/>\nLivello sonoro min: dB(A) 27<br \/>\nLivello sonoro max: dB(A) 41<br \/>\nPotenza sonora unit\u00e0 interna: dB(A) 58<br \/>\nPotenza sonora minima interna: dB(A) 45<br \/>\nDiametro fori parete Interasse fori a parete: mm162<br \/>\nInterasse fori a parete: mm 293<br \/>\nGas refrigerante: R32<br \/>\nDimensioni (LxAxP): 1010x549x165<br \/>\nPeso: 48.5 kg<\/p>\n","protected":false},"excerpt":{"rendered":"<p>Potenze ottimizzate, consumi e rumori ridotti Con la tecnologia DC Inverter, le potenze sono ottimizzate per ottenere il massimo comfort con minor consumo e rumore, e grazie al Dual Power si pu\u00f2 sfruttare la potenza massima per raggiungere la temperatura richiesta nel minor tempo possibile. Una volta raggiunta, il climatizzatore Innova 2.0 12 HP si [&hellip;]<\/p>\n","protected":false},"featured_media":16220,"template":"","meta":[],"product_brand":[],"product_cat":[3951,4257],"product_tag":[],"yst_prominent_words":[],"class_list":{"0":"post-16221","1":"product","2":"type-product","3":"status-publish","4":"has-post-thumbnail","6":"product_cat-condizionatori-senza-unita-esterna","7":"product_cat-innova-condizionatori-senza-unita-esterna","8":"product_shipping_class-condizionatori","10":"first","11":"instock","12":"taxable","13":"shipping-taxable","14":"purchasable","15":"product-type-simple"},"_links":{"self":[{"href":"https:\/\/osatech.ch\/shop\/index.php\/wp-json\/wp\/v2\/product\/16221","targetHints":{"allow":["GET"]}}],"collection":[{"href":"https:\/\/osatech.ch\/shop\/index.php\/wp-json\/wp\/v2\/product"}],"about":[{"href":"https:\/\/osatech.ch\/shop\/index.php\/wp-json\/wp\/v2\/types\/product"}],"wp:featuredmedia":[{"embeddable":true,"href":"https:\/\/osatech.ch\/shop\/index.php\/wp-json\/wp\/v2\/media\/16220"}],"wp:attachment":[{"href":"https:\/\/osatech.ch\/shop\/index.php\/wp-json\/wp\/v2\/media?parent=16221"}],"wp:term":[{"taxonomy":"product_brand","embeddable":true,"href":"https:\/\/osatech.ch\/shop\/index.php\/wp-json\/wp\/v2\/product_brand?post=16221"},{"taxonomy":"product_cat","embeddable":true,"href":"https:\/\/osatech.ch\/shop\/index.php\/wp-json\/wp\/v2\/product_cat?post=16221"},{"taxonomy":"product_tag","embeddable":true,"href":"https:\/\/osatech.ch\/shop\/index.php\/wp-json\/wp\/v2\/product_tag?post=16221"},{"taxonomy":"yst_prominent_words","embeddable":true,"href":"https:\/\/osatech.ch\/shop\/index.php\/wp-json\/wp\/v2\/yst_prominent_words?post=16221"}],"curies":[{"name":"wp","href":"https:\/\/api.w.org\/{rel}","templated":true}]}}