{"id":158208,"date":"2024-08-29T08:56:09","date_gmt":"2024-08-29T06:56:09","guid":{"rendered":"https:\/\/osatech.ch\/shop\/index.php\/prodotto\/lavagna-multimediale-85-samsung-flip-pro-wm85b"},"modified":"2024-08-29T08:56:09","modified_gmt":"2024-08-29T06:56:09","slug":"lavagna-multimediale-85-samsung-flip-pro-wm85b","status":"publish","type":"product","link":"https:\/\/osatech.ch\/shop\/index.php\/prodotto\/lavagna-multimediale-85-samsung-flip-pro-wm85b","title":{"rendered":"Lavagna multimediale 85&#8243; Samsung FLIP Pro WM85B"},"content":{"rendered":"<p>Possibilit\u00e0 di apprendimento senza limiti con Flip Pro<br \/>\nCon l&#8217;avanzare della digitalizzazione nell&#8217;istruzione e la necessit\u00e0 di una collaborazione interattiva pi\u00f9 efficace, Flip Pro offre agli insegnanti strumenti innovativi per un apprendimento avanzato. Grazie a una connettivit\u00e0 versatile, un software intelligente e funzionalit\u00e0 intuitive, Flip Pro rappresenta il futuro dell&#8217;educazione.<\/p>\n<p>Interazione migliorata con il multi-touch di alto livello<br \/>\nFlip Pro vanta una latenza ridotta a soli 26 ms, rendendo l&#8217;esperienza di disegno fluida e naturale grazie a una logica di previsione e a 2.048 livelli di pressione. Inoltre, consente il multi-touch fino a 20 utenti contemporaneamente, favorendo una maggiore interattivit\u00e0.<\/p>\n<p>Le tue idee prendono vita in tempo reale<br \/>\nFlip Pro permette di trasformare immediatamente le idee in realt\u00e0 grazie alla modalit\u00e0 penna e pennello, che replica la scrittura su carta, mentre la cancellazione avviene semplicemente passando un dito o il palmo. Gli strumenti rapidi e il menu della tavolozza incentivano la creativit\u00e0, mentre un pulsante attiva una nuova interfaccia utente per le note.<\/p>\n<p>Connettivit\u00e0 completa per ogni esigenza<br \/>\nCon numerose opzioni di connettivit\u00e0, tra cui USB, HDMI e DP, Flip Pro consente agli insegnanti di collegare facilmente i loro dispositivi per mostrare contenuti su un grande schermo e connettersi a reti e altri dispositivi tramite porta LAN o mirroring wireless.<\/p>\n<p>Una porta per molte funzioni<br \/>\nLa porta USB-C 3 in 1 migliora ulteriormente la connettivit\u00e0, consentendo il mirroring dello schermo, il controllo touch e la ricarica del dispositivo (fino a 15 W), semplificando le lezioni interattive senza interruzioni.<\/p>\n<p>Presentazioni senza fili con AirPlay 2<br \/>\nFlip Pro supporta AirPlay 2, permettendo a docenti e studenti di proiettare contenuti sullo schermo in modo wireless, aumentando il coinvolgimento anche in spazi ampi. Una configurazione a doppio display assicura che nessuno perda informazioni importanti, favorendo un&#8217;interazione pi\u00f9 collaborativa.<\/p>\n<p>Condivisione wireless intelligente da pi\u00f9 dispositivi<br \/>\nCon SmartView+, \u00e8 possibile collegare fino a 50 dispositivi contemporaneamente al display e visualizzare contenuti su un massimo di quattro schermi. Questa condivisione senza fili \u00e8 ideale per ambienti didattici digitalizzati e sale riunioni.<\/p>\n<p>Accesso sicuro ovunque ti trovi<br \/>\nGrazie a Workspace protetto da Knox, Flip Pro permette l&#8217;accesso remoto a PC, unit\u00e0 di rete e applicazioni come Office 365, garantendo un flusso di lavoro continuo per insegnanti e studenti, da qualsiasi luogo.<\/p>\n<p>Pianificazione delle lezioni ottimizzata<br \/>\nFlip Pro integra l&#8217;app MimioConnect, una piattaforma di apprendimento misto con un ampio catalogo di contenuti didattici, offrendo strumenti avanzati per ottimizzare l&#8217;insegnamento.<\/p>\n<p>Collaborazione fluida attraverso videoconferenze<br \/>\nFlip Pro facilita la collaborazione grazie alla videoconferenza basata su WebRTC, supportando app come Google Duo per riunioni senza interruzioni e facili da avviare.<\/p>\n<p>Gestione remota semplice e pratica<br \/>\nCon MagicINFO di Samsung, Flip Pro consente la gestione remota dei display, inviando aggiornamenti e notifiche direttamente agli schermi Flip nelle classi.<\/p>\n<p>Design funzionale e resistente<br \/>\nFlip Pro da 55&#8243; offre un ampio spazio di lavoro e un design ergonomico che facilita l&#8217;installazione e l&#8217;archiviazione. Inoltre, grazie al rivestimento antimicrobico e alla pellicola infrangibile, garantisce maggiore sicurezza e durabilit\u00e0 nel tempo.<\/p>\n<p>Pollici 85&#8243; Samsung<br \/>\nRisoluzione 3840 x 2160<br \/>\nLuminosit\u00e0\/Candelaggio 350cd\/m2<br \/>\nIngombro 1945,8 x 1151,1 x 89 mm<br \/>\nPlayer Integrato Samsung MagicInfo<br \/>\nTouch screen Si<br \/>\nVESA 600&#215;400<br \/>\nPeso 75.2 Kg<\/p>\n","protected":false},"excerpt":{"rendered":"<p>Possibilit\u00e0 di apprendimento senza limiti con Flip Pro Con l&#8217;avanzare della digitalizzazione nell&#8217;istruzione e la necessit\u00e0 di una collaborazione interattiva pi\u00f9 efficace, Flip Pro offre agli insegnanti strumenti innovativi per un apprendimento avanzato. Grazie a una connettivit\u00e0 versatile, un software intelligente e funzionalit\u00e0 intuitive, Flip Pro rappresenta il futuro dell&#8217;educazione. Interazione migliorata con il multi-touch [&hellip;]<\/p>\n","protected":false},"featured_media":158207,"template":"","meta":[],"product_brand":[],"product_cat":[15],"product_tag":[],"yst_prominent_words":[],"class_list":{"0":"post-158208","1":"product","2":"type-product","3":"status-publish","4":"has-post-thumbnail","6":"product_cat-senza-categoria","8":"first","9":"instock","10":"taxable","11":"shipping-taxable","12":"purchasable","13":"product-type-simple"},"_links":{"self":[{"href":"https:\/\/osatech.ch\/shop\/index.php\/wp-json\/wp\/v2\/product\/158208","targetHints":{"allow":["GET"]}}],"collection":[{"href":"https:\/\/osatech.ch\/shop\/index.php\/wp-json\/wp\/v2\/product"}],"about":[{"href":"https:\/\/osatech.ch\/shop\/index.php\/wp-json\/wp\/v2\/types\/product"}],"wp:featuredmedia":[{"embeddable":true,"href":"https:\/\/osatech.ch\/shop\/index.php\/wp-json\/wp\/v2\/media\/158207"}],"wp:attachment":[{"href":"https:\/\/osatech.ch\/shop\/index.php\/wp-json\/wp\/v2\/media?parent=158208"}],"wp:term":[{"taxonomy":"product_brand","embeddable":true,"href":"https:\/\/osatech.ch\/shop\/index.php\/wp-json\/wp\/v2\/product_brand?post=158208"},{"taxonomy":"product_cat","embeddable":true,"href":"https:\/\/osatech.ch\/shop\/index.php\/wp-json\/wp\/v2\/product_cat?post=158208"},{"taxonomy":"product_tag","embeddable":true,"href":"https:\/\/osatech.ch\/shop\/index.php\/wp-json\/wp\/v2\/product_tag?post=158208"},{"taxonomy":"yst_prominent_words","embeddable":true,"href":"https:\/\/osatech.ch\/shop\/index.php\/wp-json\/wp\/v2\/yst_prominent_words?post=158208"}],"curies":[{"name":"wp","href":"https:\/\/api.w.org\/{rel}","templated":true}]}}