{"id":158205,"date":"2024-08-29T08:56:06","date_gmt":"2024-08-29T06:56:06","guid":{"rendered":"https:\/\/osatech.ch\/shop\/index.php\/prodotto\/lavagna-interattiva-multimediale-wad-86-android-os"},"modified":"2024-08-29T08:56:06","modified_gmt":"2024-08-29T06:56:06","slug":"lavagna-interattiva-multimediale-wad-86-android-os","status":"publish","type":"product","link":"https:\/\/osatech.ch\/shop\/index.php\/prodotto\/lavagna-interattiva-multimediale-wad-86-android-os","title":{"rendered":"Lavagna interattiva multimediale WAD 86&#8243; Android OS"},"content":{"rendered":"<p>Infinite opportunit\u00e0 di apprendimento<br \/>\nLa serie WAC di display interattivi Samsung offre un&#8217;esperienza didattica immersiva, pensata per le aule del futuro. Grazie a miglioramenti in termini di usabilit\u00e0 e compatibilit\u00e0, gli insegnanti possono sfruttare facilmente le applicazioni e le funzionalit\u00e0 disponibili per ottimizzare le lezioni, rendendo l&#8217;apprendimento pi\u00f9 piacevole per gli studenti.<\/p>\n<p>Un&#8217;interfaccia utente intuitiva per facilitare l&#8217;apprendimento<br \/>\nBasata su Android, la serie WAC offre un&#8217;interfaccia semplice e familiare. La compatibilit\u00e0 con i dispositivi Android rende pi\u00f9 agevole la gestione delle lezioni, mentre la possibilit\u00e0 di personalizzare la schermata principale con le app preferite ne aumenta l&#8217;efficienza.<\/p>\n<p>Visualizzazione di pi\u00f9 finestre contemporaneamente<br \/>\nLa serie WAC consente di visualizzare pi\u00f9 contenuti simultaneamente, grazie a funzionalit\u00e0 come lo schermo diviso e la visualizzazione multi-finestra. Questo permette agli insegnanti di avere accesso immediato a tutte le informazioni necessarie, creando un ambiente didattico pi\u00f9 stimolante.<\/p>\n<p>Condivisione wireless intelligente per una maggiore produttivit\u00e0<br \/>\nLa condivisione simultanea di fino a nove schermi garantisce il coinvolgimento di tutti gli studenti, rendendo possibile una collaborazione bidirezionale tra il display principale e i dispositivi degli alunni. La compatibilit\u00e0 con i sistemi IOS, Mac, Windows, Android e ChromeOS rende la condivisione facile e accessibile.<\/p>\n<p>App utili per lezioni pi\u00f9 coinvolgenti<br \/>\nLe app pi\u00f9 utilizzate possono essere aggiunte alla schermata principale per un accesso rapido. Strumenti come timer e cronometri aiutano a rendere le lezioni pi\u00f9 dinamiche, favorendo un ambiente di apprendimento creativo.<\/p>\n<p>Interazione multi-touch avanzata<br \/>\nCon il multi-touch di alto livello, fino a 40 persone possono interagire simultaneamente con il display, permettendo a studenti e insegnanti di collaborare e imparare insieme in modo fluido e divertente.<\/p>\n<p>Cambio di penna senza interruzioni<br \/>\nGrazie alla doppia penna, \u00e8 possibile cambiare colore con facilit\u00e0 semplicemente ruotando la penna, senza dover modificare manualmente le impostazioni, garantendo cos\u00ec un flusso di lavoro ininterrotto.<\/p>\n<p>USB-C per lezioni senza complicazioni<br \/>\nLa porta USB-C 3 in 1 permette il mirroring dello schermo, il controllo touch e la ricarica dei dispositivi (fino a 65 W), consentendo agli insegnanti di creare lezioni interattive senza difficolt\u00e0 tecniche.<\/p>\n<p>Condivisione di contenuti per aule di qualsiasi dimensione<br \/>\nLa funzione HDMI Out permette di trasmettere il contenuto del display su uno schermo pi\u00f9 grande, assicurando che ogni studente possa seguire la lezione, indipendentemente dalla posizione o dalla grandezza della classe.<\/p>\n<p>Pollici 86&#8243; Samsung<br \/>\nRisoluzione 3840 x 2160 (4K UHD)<br \/>\nLuminosit\u00e0\/Candelaggio 400 nit<br \/>\nIngombro 1957 x 1160 x 99 mm<br \/>\nTouch screen Si<br \/>\nVESA 800 x 600 mm<br \/>\nPeso 56.5 Kg<\/p>\n","protected":false},"excerpt":{"rendered":"<p>Infinite opportunit\u00e0 di apprendimento La serie WAC di display interattivi Samsung offre un&#8217;esperienza didattica immersiva, pensata per le aule del futuro. Grazie a miglioramenti in termini di usabilit\u00e0 e compatibilit\u00e0, gli insegnanti possono sfruttare facilmente le applicazioni e le funzionalit\u00e0 disponibili per ottimizzare le lezioni, rendendo l&#8217;apprendimento pi\u00f9 piacevole per gli studenti. Un&#8217;interfaccia utente intuitiva [&hellip;]<\/p>\n","protected":false},"featured_media":158204,"template":"","meta":[],"product_brand":[],"product_cat":[3960],"product_tag":[],"yst_prominent_words":[],"class_list":{"0":"post-158205","1":"product","2":"type-product","3":"status-publish","4":"has-post-thumbnail","6":"product_cat-lavagne-interattive","8":"first","9":"instock","10":"taxable","11":"shipping-taxable","12":"purchasable","13":"product-type-simple"},"_links":{"self":[{"href":"https:\/\/osatech.ch\/shop\/index.php\/wp-json\/wp\/v2\/product\/158205","targetHints":{"allow":["GET"]}}],"collection":[{"href":"https:\/\/osatech.ch\/shop\/index.php\/wp-json\/wp\/v2\/product"}],"about":[{"href":"https:\/\/osatech.ch\/shop\/index.php\/wp-json\/wp\/v2\/types\/product"}],"wp:featuredmedia":[{"embeddable":true,"href":"https:\/\/osatech.ch\/shop\/index.php\/wp-json\/wp\/v2\/media\/158204"}],"wp:attachment":[{"href":"https:\/\/osatech.ch\/shop\/index.php\/wp-json\/wp\/v2\/media?parent=158205"}],"wp:term":[{"taxonomy":"product_brand","embeddable":true,"href":"https:\/\/osatech.ch\/shop\/index.php\/wp-json\/wp\/v2\/product_brand?post=158205"},{"taxonomy":"product_cat","embeddable":true,"href":"https:\/\/osatech.ch\/shop\/index.php\/wp-json\/wp\/v2\/product_cat?post=158205"},{"taxonomy":"product_tag","embeddable":true,"href":"https:\/\/osatech.ch\/shop\/index.php\/wp-json\/wp\/v2\/product_tag?post=158205"},{"taxonomy":"yst_prominent_words","embeddable":true,"href":"https:\/\/osatech.ch\/shop\/index.php\/wp-json\/wp\/v2\/yst_prominent_words?post=158205"}],"curies":[{"name":"wp","href":"https:\/\/api.w.org\/{rel}","templated":true}]}}