{"id":153762,"date":"2024-08-28T14:50:06","date_gmt":"2024-08-28T12:50:06","guid":{"rendered":"https:\/\/osatech.ch\/shop\/index.php\/prodotto\/hikvision-registratore-di-rete-ip-4-canali"},"modified":"2024-08-28T14:50:06","modified_gmt":"2024-08-28T12:50:06","slug":"hikvision-registratore-di-rete-ip-4-canali","status":"publish","type":"product","link":"https:\/\/osatech.ch\/shop\/index.php\/prodotto\/hikvision-registratore-di-rete-ip-4-canali","title":{"rendered":"HikVision Registratore di rete IP 4 canali"},"content":{"rendered":"<p>Hikvision DS-7604NXI-K1 \u00e8 un potente NVR serie Pro a 4 canali che supporta risoluzioni fino a 12 MP. Con la tecnologia AcuSense integrata, offre funzionalit\u00e0 avanzate come riconoscimento facciale, protezione perimetrale e rilevamento del movimento. Il registratore utilizza la compressione video H.265+\/H.265\/H.264+\/H.264 per un&#8217;archiviazione e una trasmissione efficienti. Il DS-7604NXI-K1 \u00e8 dotato di un&#8217;interfaccia SATA che supporta dischi rigidi con una capacit\u00e0 fino a 10 TB, nonch\u00e9 due interfacce USB 2.0.<\/p>\n<p>Caratteristiche:<br \/>\nNVR 4 canali<br \/>\nSupporto per risoluzioni fino a 12 MP<br \/>\nCompressione video H.265+\/H.265\/H.264+\/H.264<br \/>\nTecnologia AcuSense per funzioni di analisi avanzate<br \/>\nInterfaccia SATA per HDD fino a 10 TB<br \/>\nUscite HDMI e VGA per uscita video indipendente<br \/>\nAudio bidirezionale<br \/>\nAnalisi intelligenti basate su algoritmi di deep learning<br \/>\nProtezione perimetrale<br \/>\nRiconoscimento facciale<br \/>\nRilevamento del movimento<\/p>\n<p>Caratteristiche:<br \/>\nFunzione : protezione perimetrale, rilevamento del volto, rilevamento del movimento<br \/>\nConnessione : IP<br \/>\nCanali : 4<br \/>\nCanali (IP) : 4<br \/>\nPoC : no<br \/>\nPoE : no<br \/>\nTipo : registratore<br \/>\nIngressi\/uscite allarme : Nessuno<\/p>\n","protected":false},"excerpt":{"rendered":"<p>Hikvision DS-7604NXI-K1 \u00e8 un potente NVR serie Pro a 4 canali che supporta risoluzioni fino a 12 MP. Con la tecnologia AcuSense integrata, offre funzionalit\u00e0 avanzate come riconoscimento facciale, protezione perimetrale e rilevamento del movimento. Il registratore utilizza la compressione video H.265+\/H.265\/H.264+\/H.264 per un&#8217;archiviazione e una trasmissione efficienti. Il DS-7604NXI-K1 \u00e8 dotato di un&#8217;interfaccia SATA [&hellip;]<\/p>\n","protected":false},"featured_media":32581,"template":"","meta":[],"product_brand":[],"product_cat":[4086,3971],"product_tag":[],"yst_prominent_words":[],"class_list":{"0":"post-153762","1":"product","2":"type-product","3":"status-publish","4":"has-post-thumbnail","6":"product_cat-registratori-hikvision","7":"product_cat-videosorveglianza-registratori","9":"first","10":"instock","11":"taxable","12":"shipping-taxable","13":"purchasable","14":"product-type-simple"},"_links":{"self":[{"href":"https:\/\/osatech.ch\/shop\/index.php\/wp-json\/wp\/v2\/product\/153762","targetHints":{"allow":["GET"]}}],"collection":[{"href":"https:\/\/osatech.ch\/shop\/index.php\/wp-json\/wp\/v2\/product"}],"about":[{"href":"https:\/\/osatech.ch\/shop\/index.php\/wp-json\/wp\/v2\/types\/product"}],"wp:featuredmedia":[{"embeddable":true,"href":"https:\/\/osatech.ch\/shop\/index.php\/wp-json\/wp\/v2\/media\/32581"}],"wp:attachment":[{"href":"https:\/\/osatech.ch\/shop\/index.php\/wp-json\/wp\/v2\/media?parent=153762"}],"wp:term":[{"taxonomy":"product_brand","embeddable":true,"href":"https:\/\/osatech.ch\/shop\/index.php\/wp-json\/wp\/v2\/product_brand?post=153762"},{"taxonomy":"product_cat","embeddable":true,"href":"https:\/\/osatech.ch\/shop\/index.php\/wp-json\/wp\/v2\/product_cat?post=153762"},{"taxonomy":"product_tag","embeddable":true,"href":"https:\/\/osatech.ch\/shop\/index.php\/wp-json\/wp\/v2\/product_tag?post=153762"},{"taxonomy":"yst_prominent_words","embeddable":true,"href":"https:\/\/osatech.ch\/shop\/index.php\/wp-json\/wp\/v2\/yst_prominent_words?post=153762"}],"curies":[{"name":"wp","href":"https:\/\/api.w.org\/{rel}","templated":true}]}}