{"id":153382,"date":"2024-08-28T14:34:45","date_gmt":"2024-08-28T12:34:45","guid":{"rendered":"https:\/\/osatech.ch\/shop\/index.php\/prodotto\/tornello-vip-winsertech-wr-324-c"},"modified":"2024-08-28T14:34:45","modified_gmt":"2024-08-28T12:34:45","slug":"tornello-vip-winsertech-wr-324-c","status":"publish","type":"product","link":"https:\/\/osatech.ch\/shop\/index.php\/prodotto\/tornello-vip-winsertech-wr-324-c","title":{"rendered":"Tornello VIP WINSERTECH WR-324-C"},"content":{"rendered":"<p>Tornelli WR Vip Progettati appositamente per passaggi VIP, passaggi per disabili o passaggi materiali.<\/p>\n<p>Nei tornelli vip SC-324, tutti prodotti nei nostri stabilimenti, viene utilizzato solo acciaio inossidabile. Pu\u00f2 essere utilizzato facilmente sia all&#8217;interno che all&#8217;esterno. Su richiesta, vengono aggiunti sul plexiglass i cartelli &#8220;STOP&#8221;, &#8220;PASS&#8221; e &#8220;disabili&#8221;.<\/p>\n<p>I corrimano motorizzati funzionano con 220 V CA. La tensione interna \u00e8 di 12 V o 24 V CC. Per aprire il corrimano \u00e8 sufficiente un solo grilletto. Dopodich\u00e9, si apre automaticamente grazie al motore del corrimano. Si chiude e si blocca automaticamente dopo un tempo impostato. Se lo si desidera, il processo di chiusura pu\u00f2 essere controllato anche con un pulsante. In caso di interruzione di corrente, il corrimano si sposta nella posizione libera e pu\u00f2 essere aperto spingendolo leggermente a mano.<\/p>\n<p>Corpo Corpo 1,5 mm acciaio inox 304<br \/>\nBraccia lama in plexiglass da 10 mm<br \/>\nPeso ~35 kg<br \/>\nIndicatori Gli indicatori di guida sono disponibili di serie<br \/>\nTemperatura di esercizio &#8211; 20 \/ + 60 \u00b0C<br \/>\nAccessori Unit\u00e0 di controllo remoto \/ Contatore \/ Lettore di schede \/ Sensore fotocellula (di sicurezza)<br \/>\nEnergia 176-264 VAC 50 Hz Standby ~15 W. &#8211; Transizione m ~45 W<\/p>\n","protected":false},"excerpt":{"rendered":"<p>Tornelli WR Vip Progettati appositamente per passaggi VIP, passaggi per disabili o passaggi materiali. Nei tornelli vip SC-324, tutti prodotti nei nostri stabilimenti, viene utilizzato solo acciaio inossidabile. Pu\u00f2 essere utilizzato facilmente sia all&#8217;interno che all&#8217;esterno. Su richiesta, vengono aggiunti sul plexiglass i cartelli &#8220;STOP&#8221;, &#8220;PASS&#8221; e &#8220;disabili&#8221;. I corrimano motorizzati funzionano con 220 V [&hellip;]<\/p>\n","protected":false},"featured_media":55109,"template":"","meta":[],"product_brand":[],"product_cat":[3856,4283],"product_tag":[],"yst_prominent_words":[],"class_list":{"0":"post-153382","1":"product","2":"type-product","3":"status-publish","4":"has-post-thumbnail","6":"product_cat-tornelli","7":"product_cat-tornelli-winsertech","9":"first","10":"instock","11":"taxable","12":"shipping-taxable","13":"purchasable","14":"product-type-simple"},"_links":{"self":[{"href":"https:\/\/osatech.ch\/shop\/index.php\/wp-json\/wp\/v2\/product\/153382","targetHints":{"allow":["GET"]}}],"collection":[{"href":"https:\/\/osatech.ch\/shop\/index.php\/wp-json\/wp\/v2\/product"}],"about":[{"href":"https:\/\/osatech.ch\/shop\/index.php\/wp-json\/wp\/v2\/types\/product"}],"wp:featuredmedia":[{"embeddable":true,"href":"https:\/\/osatech.ch\/shop\/index.php\/wp-json\/wp\/v2\/media\/55109"}],"wp:attachment":[{"href":"https:\/\/osatech.ch\/shop\/index.php\/wp-json\/wp\/v2\/media?parent=153382"}],"wp:term":[{"taxonomy":"product_brand","embeddable":true,"href":"https:\/\/osatech.ch\/shop\/index.php\/wp-json\/wp\/v2\/product_brand?post=153382"},{"taxonomy":"product_cat","embeddable":true,"href":"https:\/\/osatech.ch\/shop\/index.php\/wp-json\/wp\/v2\/product_cat?post=153382"},{"taxonomy":"product_tag","embeddable":true,"href":"https:\/\/osatech.ch\/shop\/index.php\/wp-json\/wp\/v2\/product_tag?post=153382"},{"taxonomy":"yst_prominent_words","embeddable":true,"href":"https:\/\/osatech.ch\/shop\/index.php\/wp-json\/wp\/v2\/yst_prominent_words?post=153382"}],"curies":[{"name":"wp","href":"https:\/\/api.w.org\/{rel}","templated":true}]}}