{"id":15280,"date":"2022-03-23T09:20:35","date_gmt":"2022-03-23T08:20:35","guid":{"rendered":"https:\/\/osatech.ch\/shop\/prodotto\/jablotron-tastiera-bus"},"modified":"2025-12-01T10:27:33","modified_gmt":"2025-12-01T09:27:33","slug":"jablotron-tastiera-bus","status":"publish","type":"product","link":"https:\/\/osatech.ch\/shop\/index.php\/prodotto\/jablotron-tastiera-bus","title":{"rendered":"Jablotron Tastiera Bus"},"content":{"rendered":"<p>JA-150E Tastiera bus<br \/>\nIl prodotto comunica mediante bus ed \u00e8 alimentato da quest&#8217;ultimo.<br \/>\nHa un ingresso filare per la connessione di un contatto magnetico.<br \/>\nLa tastiera \u00e8 indirizzabile ed occupa una sola posizione nel sistema di sicurezza.<br \/>\nGrazie ad un men\u00f9 di facile utilizzo permette un&#8217;agevole gestione, controllo degli utenti e dei rilevatori ed esplorazione della cronologia eventi.<\/p>\n","protected":false},"excerpt":{"rendered":"<p>JA-150E Tastiera bus Il prodotto comunica mediante bus ed \u00e8 alimentato da quest&#8217;ultimo. Ha un ingresso filare per la connessione di un contatto magnetico. La tastiera \u00e8 indirizzabile ed occupa una sola posizione nel sistema di sicurezza. Grazie ad un men\u00f9 di facile utilizzo permette un&#8217;agevole gestione, controllo degli utenti e dei rilevatori ed esplorazione [&hellip;]<\/p>\n","protected":false},"featured_media":15279,"template":"","meta":[],"product_brand":[],"product_cat":[3999,4104],"product_tag":[],"yst_prominent_words":[276,491],"class_list":{"0":"post-15280","1":"product","2":"type-product","3":"status-publish","4":"has-post-thumbnail","6":"product_cat-allarmi-casa-e-ufficio-jablotron","7":"product_cat-tastiere-jablotron-allarmi-casa-e-ufficio-jablotron","9":"first","10":"instock","11":"taxable","12":"shipping-taxable","13":"purchasable","14":"product-type-simple"},"_links":{"self":[{"href":"https:\/\/osatech.ch\/shop\/index.php\/wp-json\/wp\/v2\/product\/15280","targetHints":{"allow":["GET"]}}],"collection":[{"href":"https:\/\/osatech.ch\/shop\/index.php\/wp-json\/wp\/v2\/product"}],"about":[{"href":"https:\/\/osatech.ch\/shop\/index.php\/wp-json\/wp\/v2\/types\/product"}],"wp:featuredmedia":[{"embeddable":true,"href":"https:\/\/osatech.ch\/shop\/index.php\/wp-json\/wp\/v2\/media\/15279"}],"wp:attachment":[{"href":"https:\/\/osatech.ch\/shop\/index.php\/wp-json\/wp\/v2\/media?parent=15280"}],"wp:term":[{"taxonomy":"product_brand","embeddable":true,"href":"https:\/\/osatech.ch\/shop\/index.php\/wp-json\/wp\/v2\/product_brand?post=15280"},{"taxonomy":"product_cat","embeddable":true,"href":"https:\/\/osatech.ch\/shop\/index.php\/wp-json\/wp\/v2\/product_cat?post=15280"},{"taxonomy":"product_tag","embeddable":true,"href":"https:\/\/osatech.ch\/shop\/index.php\/wp-json\/wp\/v2\/product_tag?post=15280"},{"taxonomy":"yst_prominent_words","embeddable":true,"href":"https:\/\/osatech.ch\/shop\/index.php\/wp-json\/wp\/v2\/yst_prominent_words?post=15280"}],"curies":[{"name":"wp","href":"https:\/\/api.w.org\/{rel}","templated":true}]}}