{"id":15235,"date":"2022-03-23T09:19:59","date_gmt":"2022-03-23T08:19:59","guid":{"rendered":"https:\/\/osatech.ch\/shop\/prodotto\/jablotron-sensore-pir-di-movimento-via-radio"},"modified":"2025-11-07T19:15:34","modified_gmt":"2025-11-07T18:15:34","slug":"jablotron-sensore-pir-di-movimento-via-radio","status":"publish","type":"product","link":"https:\/\/osatech.ch\/shop\/index.php\/prodotto\/jablotron-sensore-pir-di-movimento-via-radio","title":{"rendered":"Jablotron Sensore PIR di Movimento Via Radio"},"content":{"rendered":"<p>JA-150P sensore PIR di movimento via radio<br \/>\nLe caratteristiche di rilevamento possono essere ottimizzate utilizzando le lenti alternative JS-7904 PER CORRIDOI LUNGHI, JS 7906 PER ANIMALI o JS-7901 A TENDA. Il livello di immunit\u00e0 \u00e8 selezionabile secondo due livelli. Viene alimentato da due batterie alcaline. \u00c8 implementata la funzione SMARTWATCH per garantire un rapporto degli allarmi e un risparmio della vita utile della batteria. Occupa un indirizzo nel sistema di allarme.<\/p>\n<p>Specificazioni<br \/>\nAlimentazione:\t2 batterie alcaline AA 1,5 V<br \/>\nDurata tipica:\t2 anni<br \/>\nProtocollo di comunicazione:\t868,1 MHz<br \/>\nCopertura radio:\tfi no a 300 metri (zone aperte)<br \/>\nAltezza di montaggio:\t2,5 m dal livello del pavimento<br \/>\nDistanza di rilevamento\t110\u00b0\/12 m (con lente standard)<br \/>\nDimensioni:\t60 \u00d7 97 \u00d7 52 mm<br \/>\nNormativa:\tgrado 2, EN 50131-1, EN 50131-2-2, EN 50131-5-3<br \/>\nInstallazione secondo EN 50131-1:\tII, installazione interna<br \/>\nIntervallo di temperatura di funzionamento:\tda \u201310 a 40 \u00b0C<\/p>\n","protected":false},"excerpt":{"rendered":"<p>JA-150P sensore PIR di movimento via radio Le caratteristiche di rilevamento possono essere ottimizzate utilizzando le lenti alternative JS-7904 PER CORRIDOI LUNGHI, JS 7906 PER ANIMALI o JS-7901 A TENDA. Il livello di immunit\u00e0 \u00e8 selezionabile secondo due livelli. Viene alimentato da due batterie alcaline. \u00c8 implementata la funzione SMARTWATCH per garantire un rapporto degli [&hellip;]<\/p>\n","protected":false},"featured_media":15234,"template":"","meta":[],"product_brand":[],"product_cat":[3999,4105],"product_tag":[],"yst_prominent_words":[3326,3325,749,3281,1026,3282,601,1398,246,522],"class_list":{"0":"post-15235","1":"product","2":"type-product","3":"status-publish","4":"has-post-thumbnail","6":"product_cat-allarmi-casa-e-ufficio-jablotron","7":"product_cat-sensori-jablotron-allarmi","9":"first","10":"instock","11":"taxable","12":"shipping-taxable","13":"purchasable","14":"product-type-simple"},"_links":{"self":[{"href":"https:\/\/osatech.ch\/shop\/index.php\/wp-json\/wp\/v2\/product\/15235","targetHints":{"allow":["GET"]}}],"collection":[{"href":"https:\/\/osatech.ch\/shop\/index.php\/wp-json\/wp\/v2\/product"}],"about":[{"href":"https:\/\/osatech.ch\/shop\/index.php\/wp-json\/wp\/v2\/types\/product"}],"wp:featuredmedia":[{"embeddable":true,"href":"https:\/\/osatech.ch\/shop\/index.php\/wp-json\/wp\/v2\/media\/15234"}],"wp:attachment":[{"href":"https:\/\/osatech.ch\/shop\/index.php\/wp-json\/wp\/v2\/media?parent=15235"}],"wp:term":[{"taxonomy":"product_brand","embeddable":true,"href":"https:\/\/osatech.ch\/shop\/index.php\/wp-json\/wp\/v2\/product_brand?post=15235"},{"taxonomy":"product_cat","embeddable":true,"href":"https:\/\/osatech.ch\/shop\/index.php\/wp-json\/wp\/v2\/product_cat?post=15235"},{"taxonomy":"product_tag","embeddable":true,"href":"https:\/\/osatech.ch\/shop\/index.php\/wp-json\/wp\/v2\/product_tag?post=15235"},{"taxonomy":"yst_prominent_words","embeddable":true,"href":"https:\/\/osatech.ch\/shop\/index.php\/wp-json\/wp\/v2\/yst_prominent_words?post=15235"}],"curies":[{"name":"wp","href":"https:\/\/api.w.org\/{rel}","templated":true}]}}