{"id":138294,"date":"2024-08-27T18:33:43","date_gmt":"2024-08-27T16:33:43","guid":{"rendered":"https:\/\/osatech.ch\/shop\/index.php\/prodotto\/jablotron-modulo-comunicatore-gsm-4g-lte"},"modified":"2024-08-27T18:33:43","modified_gmt":"2024-08-27T16:33:43","slug":"jablotron-modulo-comunicatore-gsm-4g-lte","status":"publish","type":"product","link":"https:\/\/osatech.ch\/shop\/index.php\/prodotto\/jablotron-modulo-comunicatore-gsm-4g-lte","title":{"rendered":"Jablotron Modulo Comunicatore GSM 4G LTE"},"content":{"rendered":"<p>JA-194Y-LITE| Modulo di comunicazione LTE |<\/p>\n<p>Il modulo di comunicazione JA-194Y-Lite LTE\/4G viene utilizzato esclusivamente per la comunicazione via Internet (comunicazione dati IP). \u00c8 quindi pi\u00f9 interessante in termini di prezzo rispetto al modulo di comunicazione standard LTE\/4G JA-194Y, ma non supporta SMS locali (testo) o messaggi vocali. I messaggi di allarme vengono trasmessi solo dal cloud e non \u00e8 possibile il controllo vocale degli allarmi. Il modulo consente di controllare il sistema di allarme tramite web e app e di accedervi da remoto tramite F-Link. A tal fine \u00e8 necessaria una scheda SDC (\u00e8 possibile una SIM straniera). JA-194Y-Lite \u00e8 compatibile con oltre 100 pannelli di controllo, ovvero JA-103 e JA-107.<\/p>\n<p>Caratteristiche prestazionali:<br \/>\nModulo plug-in per centrali JA-103 e JA-107.<br \/>\nComunicazione LTE \/ 4G<br \/>\nComunicazione dati IP<br \/>\nNessun SMS locale e messaggi vocali<br \/>\nNano-SIM<\/p>\n<p>Caratteristiche tecniche:<br \/>\nL&#8217;alimentazione \u00e8 fornita dall&#8217;unit\u00e0 centrale a 12 V<br \/>\nConsumo medio di corrente ca. 5 mA<br \/>\nConsumo di corrente di picco: 720 mA<br \/>\nModulo di comunicazione LTE<br \/>\nCampo operativo del modulo GSM:<br \/>\n2G (GSM, EDGE): 900 \/ 1800 MHz<br \/>\n3G: 900 \/ 2100 MHz (B8, B1)<br \/>\n4G (LTE): 800 \/ 900 \/ 2100 \/ 2600 MHz (B20, B8, B3, B1, B7)<br \/>\nDimensioni: 70 x 37 x 25 mm<br \/>\nClassificazione EN 50131-1 ed. 2+A1+A2, EN 50131-3, EN 50136-2, ANSI SIA DC-09<br \/>\nAmbiente secondo EN 50131-1 II. Intervallo di temperatura operativa generale per interni:<br \/>\nda -10\u00b0C a +40\u00b0C.<br \/>\nConforme anche ai requisiti di EN 62368-1, ETSI EN 301 511,<br \/>\nEN 50130-4 +A1, ETSI EN 301 489-1, ETSI EN 301 489-7, EN 55032,<br \/>\nETSI EN 301 419-1, EN 50581<\/p>\n","protected":false},"excerpt":{"rendered":"<p>JA-194Y-LITE| Modulo di comunicazione LTE | Il modulo di comunicazione JA-194Y-Lite LTE\/4G viene utilizzato esclusivamente per la comunicazione via Internet (comunicazione dati IP). \u00c8 quindi pi\u00f9 interessante in termini di prezzo rispetto al modulo di comunicazione standard LTE\/4G JA-194Y, ma non supporta SMS locali (testo) o messaggi vocali. I messaggi di allarme vengono trasmessi solo [&hellip;]<\/p>\n","protected":false},"featured_media":138293,"template":"","meta":[],"product_brand":[],"product_cat":[3999,4107],"product_tag":[],"yst_prominent_words":[],"class_list":{"0":"post-138294","1":"product","2":"type-product","3":"status-publish","4":"has-post-thumbnail","6":"product_cat-allarmi-casa-e-ufficio-jablotron","7":"product_cat-moduli-jablotron-allarmi","9":"first","10":"instock","11":"taxable","12":"shipping-taxable","13":"purchasable","14":"product-type-simple"},"_links":{"self":[{"href":"https:\/\/osatech.ch\/shop\/index.php\/wp-json\/wp\/v2\/product\/138294","targetHints":{"allow":["GET"]}}],"collection":[{"href":"https:\/\/osatech.ch\/shop\/index.php\/wp-json\/wp\/v2\/product"}],"about":[{"href":"https:\/\/osatech.ch\/shop\/index.php\/wp-json\/wp\/v2\/types\/product"}],"wp:featuredmedia":[{"embeddable":true,"href":"https:\/\/osatech.ch\/shop\/index.php\/wp-json\/wp\/v2\/media\/138293"}],"wp:attachment":[{"href":"https:\/\/osatech.ch\/shop\/index.php\/wp-json\/wp\/v2\/media?parent=138294"}],"wp:term":[{"taxonomy":"product_brand","embeddable":true,"href":"https:\/\/osatech.ch\/shop\/index.php\/wp-json\/wp\/v2\/product_brand?post=138294"},{"taxonomy":"product_cat","embeddable":true,"href":"https:\/\/osatech.ch\/shop\/index.php\/wp-json\/wp\/v2\/product_cat?post=138294"},{"taxonomy":"product_tag","embeddable":true,"href":"https:\/\/osatech.ch\/shop\/index.php\/wp-json\/wp\/v2\/product_tag?post=138294"},{"taxonomy":"yst_prominent_words","embeddable":true,"href":"https:\/\/osatech.ch\/shop\/index.php\/wp-json\/wp\/v2\/yst_prominent_words?post=138294"}],"curies":[{"name":"wp","href":"https:\/\/api.w.org\/{rel}","templated":true}]}}