{"id":138150,"date":"2024-08-27T18:28:01","date_gmt":"2024-08-27T16:28:01","guid":{"rendered":"https:\/\/osatech.ch\/shop\/index.php\/prodotto\/jablotron-ja-116e-tastiera-touchscreen-bus-con-lettore-rfid"},"modified":"2024-08-27T18:28:01","modified_gmt":"2024-08-27T16:28:01","slug":"jablotron-ja-116e-tastiera-touchscreen-bus-con-lettore-rfid","status":"publish","type":"product","link":"https:\/\/osatech.ch\/shop\/index.php\/prodotto\/jablotron-ja-116e-tastiera-touchscreen-bus-con-lettore-rfid","title":{"rendered":"Jablotron JA-116E Tastiera touchscreen BUS con lettore RFID"},"content":{"rendered":"<p>Jablotron JA-116E Tastiera touchscreen BUS con lettore RFID<\/p>\n<p>La tastiera \u00e8 un componente del sistema JABLOTRON ed \u00e8 progettata per essere azionata al tatto.<br \/>\nQuesto prodotto \u00e8 compatibile con le centrali JA-103K e JA-107K.<\/p>\n","protected":false},"excerpt":{"rendered":"<p>Jablotron JA-116E Tastiera touchscreen BUS con lettore RFID La tastiera \u00e8 un componente del sistema JABLOTRON ed \u00e8 progettata per essere azionata al tatto. Questo prodotto \u00e8 compatibile con le centrali JA-103K e JA-107K.<\/p>\n","protected":false},"featured_media":0,"template":"","meta":[],"product_brand":[],"product_cat":[3999,4104],"product_tag":[],"yst_prominent_words":[],"class_list":{"0":"post-138150","1":"product","2":"type-product","3":"status-publish","5":"product_cat-allarmi-casa-e-ufficio-jablotron","6":"product_cat-tastiere-jablotron-allarmi-casa-e-ufficio-jablotron","8":"first","9":"instock","10":"taxable","11":"shipping-taxable","12":"purchasable","13":"product-type-simple"},"_links":{"self":[{"href":"https:\/\/osatech.ch\/shop\/index.php\/wp-json\/wp\/v2\/product\/138150","targetHints":{"allow":["GET"]}}],"collection":[{"href":"https:\/\/osatech.ch\/shop\/index.php\/wp-json\/wp\/v2\/product"}],"about":[{"href":"https:\/\/osatech.ch\/shop\/index.php\/wp-json\/wp\/v2\/types\/product"}],"wp:attachment":[{"href":"https:\/\/osatech.ch\/shop\/index.php\/wp-json\/wp\/v2\/media?parent=138150"}],"wp:term":[{"taxonomy":"product_brand","embeddable":true,"href":"https:\/\/osatech.ch\/shop\/index.php\/wp-json\/wp\/v2\/product_brand?post=138150"},{"taxonomy":"product_cat","embeddable":true,"href":"https:\/\/osatech.ch\/shop\/index.php\/wp-json\/wp\/v2\/product_cat?post=138150"},{"taxonomy":"product_tag","embeddable":true,"href":"https:\/\/osatech.ch\/shop\/index.php\/wp-json\/wp\/v2\/product_tag?post=138150"},{"taxonomy":"yst_prominent_words","embeddable":true,"href":"https:\/\/osatech.ch\/shop\/index.php\/wp-json\/wp\/v2\/yst_prominent_words?post=138150"}],"curies":[{"name":"wp","href":"https:\/\/api.w.org\/{rel}","templated":true}]}}