{"id":123852,"date":"2024-08-26T17:52:29","date_gmt":"2024-08-26T15:52:29","guid":{"rendered":"https:\/\/osatech.ch\/shop\/index.php\/prodotto\/cashmatic-selfpay-460-cassa-automatica-resto"},"modified":"2024-08-27T21:19:52","modified_gmt":"2024-08-27T19:19:52","slug":"cashmatic-selfpay-460-cassa-automatica-resto","status":"publish","type":"product","link":"https:\/\/osatech.ch\/shop\/index.php\/prodotto\/cashmatic-selfpay-460-cassa-automatica-resto","title":{"rendered":"Cashmatic Selfpay 460 cassa automatica resto"},"content":{"rendered":"<p>Cashmatic Selfpay 460 \u00e8 il cassetto automatico pi\u00f9 compatto, ma con una marcia in pi\u00f9. Rappresenta il giusto equilibrio tra compattezza e versatilit\u00e0, mantenendo le caratteristiche funzionali che premiano tutte le Selfpay di Cashmatic.<\/p>\n<p>La cassa automatica Selfpay 460 gestisce pienamente i pagamenti in contanti, garantendo l\u2019erogazione automatica del resto, si adatta perfettamente a qualsiasi tipologia di punto cassa.<\/p>\n<p>Selfpay 460 garantisce una superiore velocit\u00e0 di inserimento e di erogazione del denaro contante, mantenendo buone prestazioni in termini di capacit\u00e0 di gestione dei flussi.<\/p>\n<p>Caratteristiche funzionali:<br \/>\n&#8211; Pu\u00f2 essere installata su qualsiasi banco da lavoro, grazie alle sue dimensioni compatte e alla sua versatilit\u00e0.<br \/>\n&#8211; Elimina eventuali errori da parte dell\u2019operatore e ammanchi di cassa.<br \/>\n&#8211; Rileva automaticamente la presenza di denaro falso.<br \/>\n&#8211; Aumenta il livello di sicurezza grazie alla struttura in acciaio solida e robusta.<br \/>\n&#8211; Abbassa il rischio di rapina grazie al cassetto non apribile.<br \/>\n&#8211; Accresce l\u2019igiene del servizio offerto nel punto vendita, eliminando il contatto con il denaro.<br \/>\n&#8211; Ottimizza i tempi di gestione del punto cassa, emettendo il resto in modo automatico ed eliminando le operazioni di conteggio di apertura e chiusura di cassa e di cambio turno.<br \/>\n&#8211; Pu\u00f2 essere controllata da remoto, attraverso smartphone, tablet o PC.<br \/>\n&#8211; Comunica con l\u2019utente in modo chiaro e intuitivo attraverso il grande display integrato.<\/p>\n<p>Caratteristiche di sicurezza:<br \/>\n&#8211; Telaio in acciaio da 2mm di spessore.<br \/>\n&#8211; Avviso della presenza del dispositivo automatico Cashmatic.<br \/>\n&#8211; Staffa per l\u2019ancoraggio al banco.<br \/>\n&#8211; Cassetto non apribile dall\u2019operatore.<br \/>\n&#8211; Dispositivi certificati BCE (Banca Centrale Europea) per la rilevazione del denaro falso.<\/p>\n<p>Dimensioni:<br \/>\naltezza -&gt; 48,4 cm<br \/>\nlarghezza -&gt; 33,4 cm<br \/>\nprofondit\u00e0- &gt; 42,1 cm<\/p>\n<p>MONETE\/BANCONOTE RICONOSCIUTE<br \/>\nEURO TUTTE<br \/>\nCHF TUTTE (al momento esclusa la moneta da frs. 5.00)<\/p>\n<p>COLLEGAMENTI<br \/>\nDB9 [RS232]<br \/>\nRJ45 [ETH]<\/p>\n<p>DISPLAY<br \/>\nTouchscreen 7\u201d capacitivo a colori<\/p>\n<p>PREREQUISITI HARDWARE<br \/>\nGruppo di continuit\u00e0<\/p>\n<p>ALIMENTAZIONE<br \/>\n100-240V AC 3.08A 50\/60Hz<\/p>\n<p>TEMPERATURA DI FUNZIONAMENTO<br \/>\n10\u00b0C \u2014 35\u00b0C<\/p>\n","protected":false},"excerpt":{"rendered":"<p>Cashmatic Selfpay 460 \u00e8 il cassetto automatico pi\u00f9 compatto, ma con una marcia in pi\u00f9. Rappresenta il giusto equilibrio tra compattezza e versatilit\u00e0, mantenendo le caratteristiche funzionali che premiano tutte le Selfpay di Cashmatic. La cassa automatica Selfpay 460 gestisce pienamente i pagamenti in contanti, garantendo l\u2019erogazione automatica del resto, si adatta perfettamente a qualsiasi [&hellip;]<\/p>\n","protected":false},"featured_media":23865,"template":"","meta":[],"product_brand":[],"product_cat":[4163],"product_tag":[],"yst_prominent_words":[],"class_list":{"0":"post-123852","1":"product","2":"type-product","3":"status-publish","4":"has-post-thumbnail","6":"product_cat-casse-resto-automatico","8":"first","9":"instock","10":"taxable","11":"shipping-taxable","12":"purchasable","13":"product-type-simple"},"_links":{"self":[{"href":"https:\/\/osatech.ch\/shop\/index.php\/wp-json\/wp\/v2\/product\/123852","targetHints":{"allow":["GET"]}}],"collection":[{"href":"https:\/\/osatech.ch\/shop\/index.php\/wp-json\/wp\/v2\/product"}],"about":[{"href":"https:\/\/osatech.ch\/shop\/index.php\/wp-json\/wp\/v2\/types\/product"}],"wp:featuredmedia":[{"embeddable":true,"href":"https:\/\/osatech.ch\/shop\/index.php\/wp-json\/wp\/v2\/media\/23865"}],"wp:attachment":[{"href":"https:\/\/osatech.ch\/shop\/index.php\/wp-json\/wp\/v2\/media?parent=123852"}],"wp:term":[{"taxonomy":"product_brand","embeddable":true,"href":"https:\/\/osatech.ch\/shop\/index.php\/wp-json\/wp\/v2\/product_brand?post=123852"},{"taxonomy":"product_cat","embeddable":true,"href":"https:\/\/osatech.ch\/shop\/index.php\/wp-json\/wp\/v2\/product_cat?post=123852"},{"taxonomy":"product_tag","embeddable":true,"href":"https:\/\/osatech.ch\/shop\/index.php\/wp-json\/wp\/v2\/product_tag?post=123852"},{"taxonomy":"yst_prominent_words","embeddable":true,"href":"https:\/\/osatech.ch\/shop\/index.php\/wp-json\/wp\/v2\/yst_prominent_words?post=123852"}],"curies":[{"name":"wp","href":"https:\/\/api.w.org\/{rel}","templated":true}]}}