{"id":1085469,"date":"2026-05-13T09:43:46","date_gmt":"2026-05-13T07:43:46","guid":{"rendered":"https:\/\/osatech.ch\/shop\/index.php\/prodotto\/ajax-fireprotect-rivelatore-di-fumo-e-calore-bianco"},"modified":"2026-05-13T09:45:48","modified_gmt":"2026-05-13T07:45:48","slug":"ajax-fireprotect-rivelatore-di-fumo-e-calore-bianco","status":"publish","type":"product","link":"https:\/\/osatech.ch\/shop\/index.php\/prodotto\/ajax-fireprotect-rivelatore-di-fumo-e-calore-bianco","title":{"rendered":"AJAX FireProtect &#8211; Rivelatore di fumo e calore Bianco"},"content":{"rendered":"<p>Il rilevatore di fumo FireProtect Jeweller utilizza un sensore fotoelettrico per rilevare il fumo e monitora anche i rapidi aumenti di temperatura. Grazie alla sirena integrata, il dispositivo emette un allarme da 85 dB in caso di emergenza. La funzione &#8220;Allarme rilevatori di fumo collegati&#8221; garantisce che tutti i rilevatori connessi vengano allertati simultaneamente. FireProtect Jeweller funziona in autonomia fino a quattro anni con le batterie preinstallate e pu\u00f2 essere utilizzato senza un&#8217;unit\u00e0 centrale Ajax Hub. L&#8217;installazione e la manutenzione sono semplici e il controllo \u00e8 gestito comodamente tramite un&#8217;app.<\/p>\n<p>Caratteristiche<br \/>\nRilevamento di fumo e rapidi aumenti di temperatura<br \/>\nGeneratore di segnale integrato da 85 dB<br \/>\nFunzione &#8216;Allarme rilevatore di fumo collegato&#8217;<br \/>\nAlgoritmo software HazeFlow per prevenire i falsi allarmi<br \/>\nFunzionamento autonomo senza unit\u00e0 centrale Ajax<br \/>\nFino a 4 anni di funzionamento con batterie preinstallate<br \/>\nInstallazione e manutenzione senza intoppi<br \/>\nControllo remoto e configurazione tramite app<br \/>\nDati tecnici<br \/>\nColore: Bianco<br \/>\nSerie: Baseline<br \/>\nTipo: rilevatore di pericoli<br \/>\nTipo di rilevatore di pericolo: rilevatore di fumo, rilevatore di calore<br \/>\nCertificazione: EN54<br \/>\nComunicazione: Radio<br \/>\nTipo di connessione: Gioielliere<br \/>\nVerifica delle foto: No<br \/>\nLuogo di installazione: Interno<br \/>\nGrado di protezione: IP65<br \/>\nFonte di energia: batteria<br \/>\nTipo di rilevamento: fumo, calore<br \/>\nAudio: Altoparlanti<br \/>\nSensore: sensore fotoelettrico, termocoppia<br \/>\nSoglia di temperatura: 59 \u00b0C \u00b1 2 \u00b0C<br \/>\nGeneratore di segnale: 85 dB a una distanza di 3 m<br \/>\nPortata (radio): fino a 1.300 m senza ostacoli<br \/>\nTipo di batteria: 2 \u00d7 CR2 (preinstallate) + 1 \u00d7 CR2032 (preinstallata)<br \/>\nDurata della batteria: fino a 4 anni<br \/>\nDimensioni: 132 \u00d7 132 \u00d7 31 mm<br \/>\nPeso: 220 g<br \/>\nTemperatura di esercizio: da 0 \u00b0C a 60 \u00b0C<br \/>\nUmidit\u00e0: fino all&#8217;80%<\/p>\n","protected":false},"excerpt":{"rendered":"<p>Il rilevatore di fumo FireProtect Jeweller utilizza un sensore fotoelettrico per rilevare il fumo e monitora anche i rapidi aumenti di temperatura. Grazie alla sirena integrata, il dispositivo emette un allarme da 85 dB in caso di emergenza. La funzione &#8220;Allarme rilevatori di fumo collegati&#8221; garantisce che tutti i rilevatori connessi vengano allertati simultaneamente. FireProtect [&hellip;]<\/p>\n","protected":false},"featured_media":0,"template":"","meta":[],"product_brand":[],"product_cat":[15],"product_tag":[],"yst_prominent_words":[],"class_list":{"0":"post-1085469","1":"product","2":"type-product","3":"status-publish","5":"product_cat-senza-categoria","7":"first","8":"instock","9":"taxable","10":"shipping-taxable","11":"purchasable","12":"product-type-simple"},"_links":{"self":[{"href":"https:\/\/osatech.ch\/shop\/index.php\/wp-json\/wp\/v2\/product\/1085469","targetHints":{"allow":["GET"]}}],"collection":[{"href":"https:\/\/osatech.ch\/shop\/index.php\/wp-json\/wp\/v2\/product"}],"about":[{"href":"https:\/\/osatech.ch\/shop\/index.php\/wp-json\/wp\/v2\/types\/product"}],"wp:attachment":[{"href":"https:\/\/osatech.ch\/shop\/index.php\/wp-json\/wp\/v2\/media?parent=1085469"}],"wp:term":[{"taxonomy":"product_brand","embeddable":true,"href":"https:\/\/osatech.ch\/shop\/index.php\/wp-json\/wp\/v2\/product_brand?post=1085469"},{"taxonomy":"product_cat","embeddable":true,"href":"https:\/\/osatech.ch\/shop\/index.php\/wp-json\/wp\/v2\/product_cat?post=1085469"},{"taxonomy":"product_tag","embeddable":true,"href":"https:\/\/osatech.ch\/shop\/index.php\/wp-json\/wp\/v2\/product_tag?post=1085469"},{"taxonomy":"yst_prominent_words","embeddable":true,"href":"https:\/\/osatech.ch\/shop\/index.php\/wp-json\/wp\/v2\/yst_prominent_words?post=1085469"}],"curies":[{"name":"wp","href":"https:\/\/api.w.org\/{rel}","templated":true}]}}