{"id":1063373,"date":"2026-03-09T11:46:29","date_gmt":"2026-03-09T10:46:29","guid":{"rendered":"https:\/\/osatech.ch\/shop\/index.php\/prodotto\/hisense-hb-trial-split-inverter-wi-fi-bianco-unita-esterna-r32-unita-interne-9000-7000-7000-btu"},"modified":"2026-03-12T15:04:45","modified_gmt":"2026-03-12T14:04:45","slug":"hisense-hb-trial-split-inverter-wi-fi-bianco-unita-esterna-r32-unita-interne-9000-7000-7000-btu","status":"publish","type":"product","link":"https:\/\/osatech.ch\/shop\/index.php\/prodotto\/hisense-hb-trial-split-inverter-wi-fi-bianco-unita-esterna-r32-unita-interne-9000-7000-7000-btu","title":{"rendered":"HISENSE HB Trial Split inverter Wi-Fi bianco unit\u00e0 esterna R32 unit\u00e0 interne 9000 +  7000 + 7000 BTU"},"content":{"rendered":"<p>Il condizionatore Hisense UNI HB monosplit in classe A+++ con pompa di calore, include il gas refrigerante R 32. Il kit \u00e8 composto da 3 unit\u00e0 interne, una unit\u00e0 esterna.<br \/>\nRiscalda, raffresca e deumidifica<br \/>\nControllo Wi-Fi<br \/>\nRegolazione automatica del flusso d&#8217;aria<br \/>\nHI-NANO<br \/>\nSilenzioso 19 dB(A) , display LED<br \/>\nAutopulente , dimmer , I FEEL , riavvio a 8\u00b0C , riscaldamento a -20\u00b0C , funzione sleep , telecomando<\/p>\n","protected":false},"excerpt":{"rendered":"<p>Il condizionatore Hisense UNI HB monosplit in classe A+++ con pompa di calore, include il gas refrigerante R 32. Il kit \u00e8 composto da 3 unit\u00e0 interne, una unit\u00e0 esterna. Riscalda, raffresca e deumidifica Controllo Wi-Fi Regolazione automatica del flusso d&#8217;aria HI-NANO Silenzioso 19 dB(A) , display LED Autopulente , dimmer , I FEEL , [&hellip;]<\/p>\n","protected":false},"featured_media":1068285,"template":"","meta":[],"product_brand":[],"product_cat":[3953,4271],"product_tag":[],"yst_prominent_words":[],"class_list":{"0":"post-1063373","1":"product","2":"type-product","3":"status-publish","4":"has-post-thumbnail","6":"product_cat-condizionatori-con-unita-esterna","7":"product_cat-hisense","9":"first","10":"instock","11":"taxable","12":"shipping-taxable","13":"purchasable","14":"product-type-simple"},"_links":{"self":[{"href":"https:\/\/osatech.ch\/shop\/index.php\/wp-json\/wp\/v2\/product\/1063373","targetHints":{"allow":["GET"]}}],"collection":[{"href":"https:\/\/osatech.ch\/shop\/index.php\/wp-json\/wp\/v2\/product"}],"about":[{"href":"https:\/\/osatech.ch\/shop\/index.php\/wp-json\/wp\/v2\/types\/product"}],"wp:featuredmedia":[{"embeddable":true,"href":"https:\/\/osatech.ch\/shop\/index.php\/wp-json\/wp\/v2\/media\/1068285"}],"wp:attachment":[{"href":"https:\/\/osatech.ch\/shop\/index.php\/wp-json\/wp\/v2\/media?parent=1063373"}],"wp:term":[{"taxonomy":"product_brand","embeddable":true,"href":"https:\/\/osatech.ch\/shop\/index.php\/wp-json\/wp\/v2\/product_brand?post=1063373"},{"taxonomy":"product_cat","embeddable":true,"href":"https:\/\/osatech.ch\/shop\/index.php\/wp-json\/wp\/v2\/product_cat?post=1063373"},{"taxonomy":"product_tag","embeddable":true,"href":"https:\/\/osatech.ch\/shop\/index.php\/wp-json\/wp\/v2\/product_tag?post=1063373"},{"taxonomy":"yst_prominent_words","embeddable":true,"href":"https:\/\/osatech.ch\/shop\/index.php\/wp-json\/wp\/v2\/yst_prominent_words?post=1063373"}],"curies":[{"name":"wp","href":"https:\/\/api.w.org\/{rel}","templated":true}]}}