{"id":1062760,"date":"2026-03-06T16:18:29","date_gmt":"2026-03-06T15:18:29","guid":{"rendered":"https:\/\/osatech.ch\/shop\/index.php\/prodotto\/climatizzatore-mitsubishi-mxz-ef-wifi-integrato-12000btu-7000btu-7000btu-7000btu"},"modified":"2026-03-12T15:03:37","modified_gmt":"2026-03-12T14:03:37","slug":"climatizzatore-mitsubishi-mxz-ef-wifi-integrato-12000btu-7000btu-7000btu-7000btu","status":"publish","type":"product","link":"https:\/\/osatech.ch\/shop\/index.php\/prodotto\/climatizzatore-mitsubishi-mxz-ef-wifi-integrato-12000btu-7000btu-7000btu-7000btu","title":{"rendered":"Climatizzatore Mitsubishi  WiFi integrato 12000BTU &#8211; 7000BTU &#8211; 7000BTU &#8211; 7000BTU"},"content":{"rendered":"<p>Mitsubishi Electric con possibilit\u00e0 di aggiungere fino a 5 unit\u00e0 interne di diverse potenze. Il sistema pu\u00f2 garantire il riscaldamento e il raffrescamento degli ambienti durante tutto l&#8217;anno. Queste unit\u00e0 interne a parete alta di Mitsubishi Electric offrono una serie di funzionalit\u00e0, come la modalit\u00e0 notturna silenziosa, la filtrazione avanzata e la possibilit\u00e0 di gestire l&#8217;impianto tramite app tramite Wi-Fi, con l&#8217;opzione a pagamento del modulo Wi-Fi.<\/p>\n","protected":false},"excerpt":{"rendered":"<p>Mitsubishi Electric con possibilit\u00e0 di aggiungere fino a 5 unit\u00e0 interne di diverse potenze. Il sistema pu\u00f2 garantire il riscaldamento e il raffrescamento degli ambienti durante tutto l&#8217;anno. Queste unit\u00e0 interne a parete alta di Mitsubishi Electric offrono una serie di funzionalit\u00e0, come la modalit\u00e0 notturna silenziosa, la filtrazione avanzata e la possibilit\u00e0 di gestire [&hellip;]<\/p>\n","protected":false},"featured_media":1068211,"template":"","meta":[],"product_brand":[],"product_cat":[3953,4270],"product_tag":[],"yst_prominent_words":[],"class_list":{"0":"post-1062760","1":"product","2":"type-product","3":"status-publish","4":"has-post-thumbnail","6":"product_cat-condizionatori-con-unita-esterna","7":"product_cat-mitsubishi","9":"first","10":"instock","11":"taxable","12":"shipping-taxable","13":"purchasable","14":"product-type-simple"},"_links":{"self":[{"href":"https:\/\/osatech.ch\/shop\/index.php\/wp-json\/wp\/v2\/product\/1062760","targetHints":{"allow":["GET"]}}],"collection":[{"href":"https:\/\/osatech.ch\/shop\/index.php\/wp-json\/wp\/v2\/product"}],"about":[{"href":"https:\/\/osatech.ch\/shop\/index.php\/wp-json\/wp\/v2\/types\/product"}],"wp:featuredmedia":[{"embeddable":true,"href":"https:\/\/osatech.ch\/shop\/index.php\/wp-json\/wp\/v2\/media\/1068211"}],"wp:attachment":[{"href":"https:\/\/osatech.ch\/shop\/index.php\/wp-json\/wp\/v2\/media?parent=1062760"}],"wp:term":[{"taxonomy":"product_brand","embeddable":true,"href":"https:\/\/osatech.ch\/shop\/index.php\/wp-json\/wp\/v2\/product_brand?post=1062760"},{"taxonomy":"product_cat","embeddable":true,"href":"https:\/\/osatech.ch\/shop\/index.php\/wp-json\/wp\/v2\/product_cat?post=1062760"},{"taxonomy":"product_tag","embeddable":true,"href":"https:\/\/osatech.ch\/shop\/index.php\/wp-json\/wp\/v2\/product_tag?post=1062760"},{"taxonomy":"yst_prominent_words","embeddable":true,"href":"https:\/\/osatech.ch\/shop\/index.php\/wp-json\/wp\/v2\/yst_prominent_words?post=1062760"}],"curies":[{"name":"wp","href":"https:\/\/api.w.org\/{rel}","templated":true}]}}